{"id":10077,"date":"2025-08-09T03:58:17","date_gmt":"2025-08-09T06:58:17","guid":{"rendered":"https:\/\/ppgartes.eba.ufmg.br\/?page_id=10077"},"modified":"2026-03-07T07:10:58","modified_gmt":"2026-03-07T10:10:58","slug":"bolsas-2024","status":"publish","type":"page","link":"https:\/\/ppgartes.eba.ufmg.br\/?page_id=10077","title":{"rendered":"BOLSAS 2024"},"content":{"rendered":"<h6><span style=\"color: #870000;\"><strong>Divulgado <\/strong><\/span><span style=\"color: #870000;\"><strong>Resultado Final da Chamada 2024 para lista Classificat\u00f3ria de Doutorado para concess\u00e3o de Bolsas<\/strong><\/span><\/h6>\n<h6><span style=\"color: #870000;\"><strong><a href=\"https:\/\/ppgartes.eba.ufmg.br\/wp-content\/uploads\/2024\/11\/Pub-Resultado-Final-Artes-da-Cena-Dout.pdf\">Pub Resultado Final Artes da Cena Dout<\/a><\/strong><\/span><\/h6>\n<h6><span style=\"color: #870000;\"><strong><a href=\"https:\/\/ppgartes.eba.ufmg.br\/wp-content\/uploads\/2024\/11\/Pub-Resultado-Final-Artes-Visuais-Dout.pdf\">Pub Resultado Final Artes Visuais Dout<\/a><\/strong><\/span><\/h6>\n<h6><span style=\"color: #870000;\"><strong><a href=\"https:\/\/ppgartes.eba.ufmg.br\/wp-content\/uploads\/2024\/11\/Pub-Resultado-Final-Cinema-Dout.pdf\">Pub Resultado Final Cinema Dout<\/a><\/strong><\/span><\/h6>\n<h6><span style=\"color: #870000;\"><strong><a href=\"https:\/\/ppgartes.eba.ufmg.br\/wp-content\/uploads\/2024\/11\/Pub-Resultado-Final-Ensino-Aprendizagem-Dout.pdf\">Pub Resultado Final Ensino Aprendizagem Dout<\/a><\/strong><\/span><\/h6>\n<h6><span style=\"color: #870000;\"><strong><a href=\"https:\/\/ppgartes.eba.ufmg.br\/wp-content\/uploads\/2024\/11\/Pub-Resultado-Final-Poeticas-Dout.pdf\">Pub Resultado Final Poeticas Dout<\/a><\/strong><\/span><\/h6>\n<h6><span style=\"color: #870000;\"><strong><a href=\"https:\/\/ppgartes.eba.ufmg.br\/wp-content\/uploads\/2024\/11\/Pub-Resultado-Final-Preservacao-Dout.pdf\">Pub Resultado Final Preserva\u00e7\u00e3o Dout<\/a><\/strong><\/span><\/h6>\n<h6><span style=\"color: #870000;\"><strong>Divulgado Resultado Preliminar da Chamada 2024 para lista Classificat\u00f3ria de Doutorado para concess\u00e3o de Bolsas<\/strong><\/span><\/h6>\n<h6>Caso haja contesta\u00e7\u00e3o dever\u00e1 ser encaminhada at\u00e9 \u00e0s 16:00h do dia 29.10.2024 para o e-mail:<\/h6>\n<h6>ppgartes-administrativo@eba.ufmg.br<\/h6>\n<h6>O resultado final ser\u00e1 publicado no dia 08.11.2024, ap\u00f3s 21:00h.<\/h6>\n<h6>***N\u00e3o poder\u00e3o ser encaminhados novos documentos. Caso haja contesta\u00e7\u00e3o, ela dever\u00e1 ser baseada nos documentos j\u00e1 enviados.<\/h6>\n<h6><em><span style=\"color: #870000;\">O link para acompanhamento da elabora\u00e7\u00e3o da lista final com an\u00e1lise de atividade remunerada ou n\u00e3o ser\u00e1 encaminhado somente <strong>quando houver possibilidade de bolsa<\/strong> para implementa\u00e7\u00e3o.<\/span><\/em><\/h6>\n<p><a href=\"https:\/\/ppgartes.eba.ufmg.br\/wp-content\/uploads\/2024\/10\/Pub-Resultado-Preliminar-Bolsas-Dout-Artes-da-Cena.pdf\">Pub Resultado Preliminar Bolsas Dout Artes da Cena<\/a><\/p>\n<p><a href=\"https:\/\/ppgartes.eba.ufmg.br\/wp-content\/uploads\/2024\/10\/Pub-Resultado-Preliminar-Bolsas-Dout-Artes-Visuais.pdf\">Pub Resultado Preliminar Bolsas Dout Artes Visuais<\/a><\/p>\n<p><a href=\"https:\/\/ppgartes.eba.ufmg.br\/wp-content\/uploads\/2024\/10\/Pub-Resultado-Preliminar-Bolsas-Dout-Cinema.pdf\">Pub Resultado Preliminar Bolsas Dout Cinema<\/a><\/p>\n<p><a href=\"https:\/\/ppgartes.eba.ufmg.br\/wp-content\/uploads\/2024\/10\/Pub-Resultado-Preliminar-Bolsas-Dout-EnsinoAprendizagem.pdf\">Pub Resultado Preliminar Bolsas Dout EnsinoAprendizagem<\/a><\/p>\n<p><a href=\"https:\/\/ppgartes.eba.ufmg.br\/wp-content\/uploads\/2024\/10\/Pub-Resultado-Preliminar-Bolsas-Dout-Poeticas.pdf\">Pub Resultado Preliminar Bolsas Dout Poeticas<\/a><\/p>\n<p><a href=\"https:\/\/ppgartes.eba.ufmg.br\/wp-content\/uploads\/2024\/10\/Pub-Resultado-Preliminar-Bolsas-Dout-Preservacao.pdf\">Pub Resultado Preliminar Bolsas Dout Preservacao<\/a><\/p>\n<p>&nbsp;<\/p>\n<p>&nbsp;<\/p>\n<p><a class=\"row-title\" href=\"https:\/\/ppgartes.eba.ufmg.br\/wp-admin\/post.php?post=9497&amp;action=edit\" aria-label=\"\u201cRetifica\u00e7\u00e3o do Cronograma de Mestrado da Chamada para Lista Classificat\u00f3ria para Novos Bolsistas 2024\u201d (Editar)\">Retifica\u00e7\u00e3o do Cronograma de Mestrado da Chamada para Lista Classificat\u00f3ria para Novos Bolsistas 2024<\/a><\/p>\n<h6><span style=\"color: #870000;\"><strong>Divulgado Resultado Final da Chamada 2024 para lista Classificat\u00f3ria de Mestrado para concess\u00e3o de Bolsas<\/strong><\/span><\/h6>\n<h6><em><span style=\"color: #870000;\">O link para acompanhamento da elabora\u00e7\u00e3o da lista final com an\u00e1lise de atividade remunerada ou n\u00e3o ser\u00e1 encaminhado via e-mail, para os(as) Discentes da lista de espera e Orientadores(as). O envio ser\u00e1 feito ap\u00f3s as 16:00 h do dia 17.10.2024. Para implementa\u00e7\u00e3o de bolsa, ser\u00e1 necess\u00e1rio o envio dos comprovantes das informa\u00e7\u00f5es passadas.<\/span><\/em><\/h6>\n<p><a href=\"https:\/\/ppgartes.eba.ufmg.br\/wp-content\/uploads\/2024\/10\/Resultado-Final-Artes-da-Cena-Mestrado.pdf\">Resultado Final Artes da Cena &#8211; Mestrado<\/a><\/p>\n<p><a href=\"https:\/\/ppgartes.eba.ufmg.br\/wp-content\/uploads\/2024\/10\/Resultado-Final-Artes-Visuais-Mestrado.pdf\">Resultado Final Artes Visuais &#8211; Mestrado<\/a><\/p>\n<p><a href=\"https:\/\/ppgartes.eba.ufmg.br\/wp-content\/uploads\/2024\/10\/Resultado-Final-Cinema-Mestrado.pdf\">Resultado Final Cinema &#8211; Mestrado<\/a><\/p>\n<p><a href=\"https:\/\/ppgartes.eba.ufmg.br\/wp-content\/uploads\/2024\/10\/Resultado-Final-Ensino-Aprendizagem-Mestrado.pdf\">Resultado Final Ensino-Aprendizagem &#8211; Mestrado<\/a><\/p>\n<p><a href=\"https:\/\/ppgartes.eba.ufmg.br\/wp-content\/uploads\/2024\/10\/Resultado-Final-Poeticas-Mestrado.pdf\">Resultado Final Poeticas &#8211; Mestrado<\/a><\/p>\n<p><a href=\"https:\/\/ppgartes.eba.ufmg.br\/wp-content\/uploads\/2024\/10\/Resultado-Final-Preservacao-Mestrado.pdf\">Resultado Final Preservacao &#8211; Mestrado<\/a><\/p>\n<p>Retifica\u00e7\u00e3o do Cronograma de Mestrado da Chamada para Lista Classificat\u00f3ria para Novos Bolsistas 2024<\/p>\n<p><span style=\"color: #870000;\"><strong><a href=\"https:\/\/ppgartes.eba.ufmg.br\/wp-content\/uploads\/2024\/10\/retificacao-do-calendario-da-chamada-de-candidatos-a-bolsa-2024-Mestrado-1.pdf\">retifica\u00e7\u00e3o do calend\u00e1rio da chamada de candidatos a bolsa 2024 Mestrado<\/a><\/strong><\/span><\/p>\n<p><span style=\"color: #870000;\"><strong><a href=\"https:\/\/ppgartes.eba.ufmg.br\/wp-content\/uploads\/2024\/09\/Analise-FUMP-retificado-em-30.09.2024.pdf\">An\u00e1lise FUMP retificado em 30.09.2024<\/a><\/strong><\/span><\/p>\n<p><span style=\"color: #870000;\"><strong><a href=\"https:\/\/ppgartes.eba.ufmg.br\/wp-content\/uploads\/2024\/10\/Publicacao-Chamada-para-novos-bolsistas-lista-classificatoria-2024.pdf\">Publicacao Chamada-para-novos-bolsistas-lista-classificatoria-2024<\/a><\/strong><\/span><\/p>\n<p><span style=\"color: #870000;\"><strong><a href=\"https:\/\/ppgartes.eba.ufmg.br\/wp-content\/uploads\/2024\/10\/BAREMA-Chamada-de-Bolsas-2024.pdf\">BAREMA Chamada de Bolsas -2024<\/a><\/strong><\/span><\/p>\n<p><span style=\"color: #870000;\"><strong><a href=\"https:\/\/ppgartes.eba.ufmg.br\/wp-content\/uploads\/2024\/09\/Formulario-Solicitacao-de-Bolsas-2.pdf\">Formulario-Solicitacao-de-Bolsas<\/a><\/strong><\/span><\/p>\n<p><span style=\"color: #870000;\"><strong>Divulgado relat\u00f3rio de Bolsas de Doutorado e Mestrado 2024<\/strong><\/span><\/p>\n<p><a href=\"https:\/\/ppgartes.eba.ufmg.br\/wp-content\/uploads\/2024\/04\/Bolsistas-Doutorado-PPGARTES-2024.pdf\">Bolsistas Doutorado PPGARTES 2024<\/a><\/p>\n<p><a href=\"https:\/\/ppgartes.eba.ufmg.br\/wp-content\/uploads\/2024\/04\/Bolsistas-Mestrado-PPGARTES-2024.pdf\">Bolsistas Mestrado PPGARTES 2024<\/a><\/p>\n<p>O PPG Artes trabalha com bolsas de estudos da FAPEMIG, CAPES e CNPq. A chamada para elabora\u00e7\u00e3o de lista de prioridade de concess\u00e3o de bolsas ocorre sempre anualmente e tem a validade de um ano. As bolsas concedidas t\u00eam a vig\u00eancia de cada n\u00edvel &#8211; Mestrado (24 meses); Doutorado (48 meses) &#8211; e devem ser renovadas anualmente.<\/p>\n<h5 class=\"w-post-elm post_title us_custom_4b684d3a entry-title color_link_inherit has_text_color\"><\/h5>\n<h2><\/h2>\n","protected":false},"excerpt":{"rendered":"<p>Divulgado Resultado Final da Chamada 2024 para lista Classificat\u00f3ria de Doutorado para concess\u00e3o de Bolsas Pub Resultado Final Artes da Cena Dout Pub Resultado Final Artes Visuais Dout Pub Resultado Final Cinema Dout Pub Resultado Final Ensino Aprendizagem Dout Pub Resultado Final Poeticas Dout Pub Resultado Final Preserva\u00e7\u00e3o Dout Divulgado Resultado Preliminar da Chamada 2024&#8230;<\/p>\n","protected":false},"author":1,"featured_media":0,"parent":0,"menu_order":0,"comment_status":"closed","ping_status":"closed","template":"","meta":{"footnotes":""},"class_list":["post-10077","page","type-page","status-publish","hentry"],"_links":{"self":[{"href":"https:\/\/ppgartes.eba.ufmg.br\/index.php?rest_route=\/wp\/v2\/pages\/10077","targetHints":{"allow":["GET"]}}],"collection":[{"href":"https:\/\/ppgartes.eba.ufmg.br\/index.php?rest_route=\/wp\/v2\/pages"}],"about":[{"href":"https:\/\/ppgartes.eba.ufmg.br\/index.php?rest_route=\/wp\/v2\/types\/page"}],"author":[{"embeddable":true,"href":"https:\/\/ppgartes.eba.ufmg.br\/index.php?rest_route=\/wp\/v2\/users\/1"}],"replies":[{"embeddable":true,"href":"https:\/\/ppgartes.eba.ufmg.br\/index.php?rest_route=%2Fwp%2Fv2%2Fcomments&post=10077"}],"version-history":[{"count":2,"href":"https:\/\/ppgartes.eba.ufmg.br\/index.php?rest_route=\/wp\/v2\/pages\/10077\/revisions"}],"predecessor-version":[{"id":10079,"href":"https:\/\/ppgartes.eba.ufmg.br\/index.php?rest_route=\/wp\/v2\/pages\/10077\/revisions\/10079"}],"wp:attachment":[{"href":"https:\/\/ppgartes.eba.ufmg.br\/index.php?rest_route=%2Fwp%2Fv2%2Fmedia&parent=10077"}],"curies":[{"name":"wp","href":"https:\/\/api.w.org\/{rel}","templated":true}]}}