{"id":10379,"date":"2026-01-26T18:54:53","date_gmt":"2026-01-26T21:54:53","guid":{"rendered":"https:\/\/ppgartes.eba.ufmg.br\/?page_id=10379"},"modified":"2026-04-14T13:42:18","modified_gmt":"2026-04-14T16:42:18","slug":"processo-seletivo-mestrado-e-doutorado-2026","status":"publish","type":"page","link":"https:\/\/ppgartes.eba.ufmg.br\/?page_id=10379","title":{"rendered":"Processo Seletivo Mestrado e Doutorado 2026"},"content":{"rendered":"<p>&nbsp;<\/p>\n<p><b><span style=\"font-family: Arial; font-size: medium;\">Divulgamos a <span style=\"color: #ff0000;\"><a style=\"color: #ff0000;\" href=\"https:\/\/ppgartes.eba.ufmg.br\/wp-content\/uploads\/2026\/04\/Subcomissoes-processo-seletivo-2026.pdf\"><u>Rela\u00e7\u00e3o nominal<\/u><\/a><\/span> dos membros da Comiss\u00e3o<\/span><\/b><b><span style=\"font-family: Arial; font-size: medium;\">\u00a0Avaliadora<\/span><\/b><\/p>\n<p>&nbsp;<\/p>\n<p><strong>Divulgamos o resultado de recurso das Inscri\u00e7\u00f5es do Processo Seletivo 2026:<\/strong><\/p>\n<p>&#8211; Resultado <a href=\"https:\/\/ppgartes.eba.ufmg.br\/wp-content\/uploads\/2026\/04\/Pos-Recurso_Resultado-Analise-Inscricoes-Regular-2026.pdf\">p\u00f3s-recurso<\/a> Inscri\u00e7\u00e3o Regular 2026<\/p>\n<p>&#8211; Resultado <a href=\"https:\/\/ppgartes.eba.ufmg.br\/wp-content\/uploads\/2026\/04\/Pos-Recurso_Resultado-Analise-Inscricoes-Suplementar-2026.pdf\">p\u00f3s-recurso<\/a> Inscri\u00e7\u00e3o Suplementar 2026<\/p>\n<p>&nbsp;<\/p>\n<p><b><span style=\"color: #870000; font-family: Arial; font-size: medium;\">Divulgamos o resultado da an\u00e1lise das Inscri\u00e7\u00f5es do Processo Seletivo 2026:<\/span><\/b><\/p>\n<p><span style=\"text-decoration: underline;\"><a href=\"https:\/\/ppgartes.eba.ufmg.br\/wp-content\/uploads\/2026\/04\/Resultado-Analise-Inscricoes-Regular-2026.pdf\"><b><span style=\"color: #870000; font-family: Arial; font-size: medium; text-decoration: underline;\">&#8211; Resultado An\u00e1lise Inscri\u00e7\u00e3o Regular 2026<\/span><\/b><\/a><\/span><\/p>\n<p><span style=\"text-decoration: underline;\"><a href=\"https:\/\/ppgartes.eba.ufmg.br\/wp-content\/uploads\/2026\/04\/Resultado-Analise-Inscricoes-Suplementar-2026.pdf\"><b><span style=\"color: #870000; font-family: Arial; font-size: medium; text-decoration: underline;\">&#8211; Resultado An\u00e1lise Inscri\u00e7\u00e3o Suplementar 2026<\/span><\/b><\/a><\/span><\/p>\n<h3><\/h3>\n<h3><strong>Publicado editais do Processo Seletivo 2026<\/strong><\/h3>\n<h5>Inscri\u00e7\u00f5es de 08:00 do dia 23 de fevereiro de 2026 \u00e0s 16:00 do dia 26 de mar\u00e7o de 2026<\/h5>\n<p><a href=\"https:\/\/ppgartes.eba.ufmg.br\/wp-content\/uploads\/2026\/01\/Edital-Suplementar-PPGARTES-2026.pdf\">Edital Suplementar PPGARTES 2026<\/a><\/p>\n<p><a href=\"https:\/\/ppgartes.eba.ufmg.br\/wp-content\/uploads\/2026\/01\/Edital-Regular-PPGARTES-2026.pdf\">Edital Regular PPGARTES 2026<\/a><\/p>\n<div><strong><strong>ATEN\u00c7\u00c3O!!! Durante a inscri\u00e7\u00e3o, em UPLOAD de documentos, enviar o PDF &#8216;N\u00c3O SE APLICA&#8217; se o caso:<\/strong><\/strong><\/div>\n<p>&nbsp;<\/p>\n<div><a ref=\"magnificPopup\" href=\"https:\/\/ppgartes.eba.ufmg.br\/wp-content\/uploads\/2026\/03\/NaoSeAplica.jpg\"><img loading=\"lazy\" decoding=\"async\" class=\"alignleft size-large wp-image-10477\" src=\"https:\/\/ppgartes.eba.ufmg.br\/wp-content\/uploads\/2026\/03\/NaoSeAplica-1024x512.jpg\" alt=\"\" width=\"1024\" height=\"512\" srcset=\"https:\/\/ppgartes.eba.ufmg.br\/wp-content\/uploads\/2026\/03\/NaoSeAplica-1024x512.jpg 1024w, https:\/\/ppgartes.eba.ufmg.br\/wp-content\/uploads\/2026\/03\/NaoSeAplica-300x150.jpg 300w, https:\/\/ppgartes.eba.ufmg.br\/wp-content\/uploads\/2026\/03\/NaoSeAplica.jpg 1301w\" sizes=\"auto, (max-width: 1024px) 100vw, 1024px\" \/><\/a><\/div>\n<p>&nbsp;<\/p>\n<p>&nbsp;<\/p>\n<p>&nbsp;<\/p>\n<p>&nbsp;<\/p>\n<p>&nbsp;<\/p>\n<p>&nbsp;<\/p>\n<p>&nbsp;<\/p>\n<p>&nbsp;<\/p>\n<p>&nbsp;<\/p>\n<p>&nbsp;<\/p>\n<p>&nbsp;<\/p>\n<p>&nbsp;<\/p>\n<h3><strong>Link do sistema de inscri\u00e7\u00e3o:<\/strong> <a href=\"https:\/\/sgp.eba.ufmg.br\/\">https:\/\/sgp.eba.ufmg.br\/<\/a><\/h3>\n<h3 style=\"text-align: left;\"><strong>Formul\u00e1rios do Processo Seletivo 2026<\/strong><\/h3>\n<p>&nbsp;<\/p>\n<p><a href=\"https:\/\/ppgartes.eba.ufmg.br\/wp-content\/uploads\/2023\/02\/AUTODECLARACAO-DE-PESSOA-COM-DEFICIENCIA10-02-2020.pdf\">AUTODECLARA\u00c7\u00c3O DE PESSOA COM DEFICI\u00caNCIA10-02-<\/a><a href=\"https:\/\/ppgartes.eba.ufmg.br\/wp-content\/uploads\/2023\/02\/AUTODECLARACAO-DE-PESSOA-COM-DEFICIENCIA10-02-2020.pdf\">2020<\/a><\/p>\n<p><a href=\"https:\/\/ppgartes.eba.ufmg.br\/wp-content\/uploads\/2023\/02\/FORMULARIO-DE-SOLICITACAO-DE-CONDICOES-ESPECIAIS_10_02_2020.pdf\">FORMUL\u00c1RIO DE SOLICITA\u00c7\u00c3O DE CONDI\u00c7\u00d5ES ESPECIAIS_10_02_2020<\/a><\/p>\n<p><a href=\"https:\/\/ppgartes.eba.ufmg.br\/wp-content\/uploads\/2023\/02\/MODELO-DE-RELATORIO-DO-MEDICO-ASSISTENTE_Dast.pdf\">MODELO DE RELAT\u00d3RIO DO M\u00c9DICO ASSISTENTE_Dast<\/a><\/p>\n<p><a href=\"https:\/\/ppgartes.eba.ufmg.br\/wp-content\/uploads\/2023\/02\/PG_Declaracao-de-Autoreconhecimento_Indigena.pdf\">PG_Declara\u00e7\u00e3o de Autoreconhecimento_Ind\u00edgena<\/a><\/p>\n<p><a href=\"https:\/\/ppgartes.eba.ufmg.br\/wp-content\/uploads\/2023\/02\/PG_Declaracao-de-Residencia_Indigena.pdf\">PG_Declara\u00e7\u00e3o de Resid\u00eancia_Ind\u00edgena<\/a><\/p>\n<p><a href=\"https:\/\/ppgartes.eba.ufmg.br\/wp-content\/uploads\/2023\/02\/PG_Declaracao-de-Lideranca_Indigena.pdf\">PG_Declara\u00e7\u00e3o de Lideran\u00e7a_Ind\u00edgena<\/a><\/p>\n<p><a href=\"https:\/\/ppgartes.eba.ufmg.br\/wp-content\/uploads\/2023\/03\/Autodeclaracao-Etnico-Racial-Negro.pdf\">Autodeclara\u00e7\u00e3o \u00c9tnico-Racial Negro<\/a><\/p>\n","protected":false},"excerpt":{"rendered":"<p>&nbsp; Divulgamos a Rela\u00e7\u00e3o nominal dos membros da Comiss\u00e3o\u00a0Avaliadora &nbsp; Divulgamos o resultado de recurso das Inscri\u00e7\u00f5es do Processo Seletivo 2026: &#8211; Resultado p\u00f3s-recurso Inscri\u00e7\u00e3o Regular 2026 &#8211; Resultado p\u00f3s-recurso Inscri\u00e7\u00e3o Suplementar 2026 &nbsp; Divulgamos o resultado da an\u00e1lise das Inscri\u00e7\u00f5es do Processo Seletivo 2026: &#8211; Resultado An\u00e1lise Inscri\u00e7\u00e3o Regular 2026 &#8211; Resultado An\u00e1lise Inscri\u00e7\u00e3o&#8230;<\/p>\n","protected":false},"author":1,"featured_media":9108,"parent":8069,"menu_order":0,"comment_status":"closed","ping_status":"closed","template":"","meta":{"footnotes":""},"class_list":["post-10379","page","type-page","status-publish","has-post-thumbnail","hentry"],"_links":{"self":[{"href":"https:\/\/ppgartes.eba.ufmg.br\/index.php?rest_route=\/wp\/v2\/pages\/10379","targetHints":{"allow":["GET"]}}],"collection":[{"href":"https:\/\/ppgartes.eba.ufmg.br\/index.php?rest_route=\/wp\/v2\/pages"}],"about":[{"href":"https:\/\/ppgartes.eba.ufmg.br\/index.php?rest_route=\/wp\/v2\/types\/page"}],"author":[{"embeddable":true,"href":"https:\/\/ppgartes.eba.ufmg.br\/index.php?rest_route=\/wp\/v2\/users\/1"}],"replies":[{"embeddable":true,"href":"https:\/\/ppgartes.eba.ufmg.br\/index.php?rest_route=%2Fwp%2Fv2%2Fcomments&post=10379"}],"version-history":[{"count":24,"href":"https:\/\/ppgartes.eba.ufmg.br\/index.php?rest_route=\/wp\/v2\/pages\/10379\/revisions"}],"predecessor-version":[{"id":10503,"href":"https:\/\/ppgartes.eba.ufmg.br\/index.php?rest_route=\/wp\/v2\/pages\/10379\/revisions\/10503"}],"up":[{"embeddable":true,"href":"https:\/\/ppgartes.eba.ufmg.br\/index.php?rest_route=\/wp\/v2\/pages\/8069"}],"wp:featuredmedia":[{"embeddable":true,"href":"https:\/\/ppgartes.eba.ufmg.br\/index.php?rest_route=\/wp\/v2\/media\/9108"}],"wp:attachment":[{"href":"https:\/\/ppgartes.eba.ufmg.br\/index.php?rest_route=%2Fwp%2Fv2%2Fmedia&parent=10379"}],"curies":[{"name":"wp","href":"https:\/\/api.w.org\/{rel}","templated":true}]}}