{"id":205,"date":"2013-04-26T12:40:14","date_gmt":"2013-04-26T15:40:14","guid":{"rendered":"http:\/\/www.eba.ufmg.br\/pos\/?page_id=205"},"modified":"2026-01-15T18:09:05","modified_gmt":"2026-01-15T21:09:05","slug":"regulamento-e-resolucoes","status":"publish","type":"page","link":"https:\/\/ppgartes.eba.ufmg.br\/?page_id=205","title":{"rendered":"Regulamento e Resolu\u00e7\u00f5es"},"content":{"rendered":"<section class=\"l-section wpb_row us_custom_a2053579 height_medium with_img with_overlay\"><div class=\"l-section-img\" style=\"background-image: url(https:\/\/ppgartes.eba.ufmg.br\/wp-content\/uploads\/2022\/08\/capa5.jpg);\" data-img-width=\"2000\" data-img-height=\"800\"><\/div><div class=\"l-section-overlay\" style=\"background: rgba(26,26,26,0.20)\"><\/div><div class=\"l-section-h i-cf\"><div class=\"g-cols vc_row type_default valign_top\"><div class=\"vc_col-sm-12 wpb_column vc_column_container\"><div class=\"vc_column-inner\"><div class=\"wpb_wrapper\"><div class=\"w-text us_custom_15798d3e has_text_color\"><span class=\"w-text-h\"><span class=\"w-text-value\">REGULAMENTO E RESOLU\u00c7\u00d5ES<\/span><\/span><\/div><\/div><\/div><\/div><\/div><\/div><\/section><section class=\"l-section wpb_row height_medium\"><div class=\"l-section-h i-cf\"><div class=\"g-cols vc_row type_default valign_top\"><div class=\"vc_col-sm-12 wpb_column vc_column_container\"><div class=\"vc_column-inner\"><div class=\"wpb_wrapper\"><div class=\"wpb_text_column\" ><div class=\"wpb_wrapper\"><p><a href=\"https:\/\/ppgartes.eba.ufmg.br\/wp-content\/uploads\/2017\/12\/NormasGeraisPos-Graduacao.pdf\" target=\"_blank\" rel=\"noopener noreferrer\">Normas Gerais da P\u00f3s-Gradua\u00e7\u00e3o &#8211; PRPG | UFMG<\/a><\/p>\n<h3 style=\"text-align: justify;\"><strong>1. Regulamento do PPG-Artes<\/strong><\/h3>\n<p style=\"text-align: justify;\"><a href=\"https:\/\/ppgartes.eba.ufmg.br\/wp-content\/uploads\/2022\/10\/Regulamento-PPG-Artes-2022.pdf\">Regulamento PPG Artes 2022<\/a><\/p>\n<h3 style=\"text-align: justify;\"><strong>2. Resolu\u00e7\u00f5es do PPG-Artes<\/strong><\/h3>\n<h4><strong>Discentes<\/strong><\/h4>\n<p>2.1\u00a0 <a href=\"https:\/\/ppgartes.eba.ufmg.br\/wp-content\/uploads\/2023\/11\/08rescepe2023-diretrizes-distribuicao-bolsas-pos-graduacao.pdf\">08rescepe2023 &#8211; diretrizes distribui\u00e7\u00e3o bolsas p\u00f3s-gradua\u00e7\u00e3o<\/a> &#8211; Crit\u00e9rios de concess\u00e3o e manuten\u00e7\u00e3o de bolsas<\/p>\n<p><span style=\"color: #1a1a1a;\">2.2<\/span> <a href=\"https:\/\/ppgartes.eba.ufmg.br\/wp-content\/uploads\/2025\/01\/Resolucao-Bolsas-01-2024-PPGARTES.pdf\">Resolucao Bolsas 01-2024 PPGARTES<\/a><\/p>\n<p>2.2\u00a0<a href=\"https:\/\/ppgartes.eba.ufmg.br\/wp-content\/uploads\/2018\/05\/resolu%C3%A7%C3%A3o-mudan%C3%A7a-de-n%C3%ADvel.pdf\">Resolu\u00e7\u00e3o 003\/2018<\/a>\u00a0\u2013 Resolu\u00e7\u00e3o sobre Mudan\u00e7a de n\u00edvel (Mestrado para Doutorado) \u2013<\/p>\n<p>2.3\u00a0<a href=\"https:\/\/ppgartes.eba.ufmg.br\/wp-content\/uploads\/2020\/03\/Resolu%C3%A7%C3%A3o-16-2019-Titula%C3%A7%C3%A3o-Simult%C3%A2nea.pdf\">Resolu\u00e7\u00e3o 16\/2019 \u2013<\/a>\u00a0Titula\u00e7\u00e3o Simult\u00e2nea<\/p>\n<p>2.4\u00a0<a href=\"https:\/\/ppgartes.eba.ufmg.br\/wp-content\/uploads\/2013\/04\/Resolu%C3%A7%C3%A3o-3-2013-Solicita%C3%A7%C3%A3o-de-recursos-e-equipamentos-para-Eventos.pdf\" rel=\"\">Resolu\u00e7\u00e3o n\u00b0 3\/2013<\/a>\u2013 Sobre solicita\u00e7\u00e3o de Recursos e Equipamentos como apoio \u00e0 realiza\u00e7\u00e3o de Eventos Acad\u00eamicos.<\/p>\n<p>2.5\u00a0<a href=\"https:\/\/ppgartes.eba.ufmg.br\/wp-content\/uploads\/2013\/04\/Resolu%C3%A7%C3%A3o-5-2013-Solicita%C3%A7%C3%A3o-de-Declara%C3%A7%C3%B5es-HEs-e-demais-documentos.pdf\" rel=\"\">Resolu\u00e7\u00e3o n\u00b0 5\/2013 \u2013\u00a0<\/a>\u00a0Solicita\u00e7\u00f5es de Declara\u00e7\u00f5es e Hist\u00f3ricos Escolares.<\/p>\n<p>2.6\u00a0<a href=\"https:\/\/ppgartes.eba.ufmg.br\/wp-content\/uploads\/2013\/04\/Resolu%C3%A7%C3%A3o-2-2015-Procedimentos-para-marca%C3%A7%C3%A3o-de-Bancas-de-Defesa.pdf\" rel=\"\">Resolu\u00e7\u00e3o n\u00b0 2\/2015 \u2013<\/a>\u00a0Marca\u00e7\u00e3o de Bancas de Defesa.<\/p>\n<p>2.7. <a href=\"https:\/\/ppgartes.eba.ufmg.br\/wp-content\/uploads\/2022\/06\/Resoluc\u0327a\u0303o-Esta\u0301gio-Doce\u0302ncia-PPG-Artes-2022.pdf\">Resoluc\u0327a\u0303o Esta\u0301gio Doce\u0302ncia PPG Artes 2022<\/a> &#8211; Est\u00e1gio Doc\u00eancia (vers\u00e3o retificada)<\/p>\n<p>2.8 <a href=\"https:\/\/ppgartes.eba.ufmg.br\/wp-content\/uploads\/2023\/08\/Resolucao-no-01-2023.pdf\">Resolu\u00e7\u00e3o n\u00ba 01-2023<\/a> &#8211; Disp\u00f5e sobre mudan\u00e7as no projeto de pesquisa aprovado no Processo Seletivo do Programa e sobre mudan\u00e7as de orienta\u00e7\u00e3o durante o percurso do(a) discente.<\/p>\n<h4><strong>Docentes<\/strong><\/h4>\n<p>2.7\u00a0 <a href=\"https:\/\/ppgartes.eba.ufmg.br\/wp-content\/uploads\/2022\/10\/Resoluc\u0327a\u0303o-Credenciamento-e-Recredenciamento-2022-1.pdf\">Resoluc\u0327a\u0303o Credenciamento e Recredenciamento 2022<\/a>\u2013 Credenciamento e Recredenciamento de Professores \u2013 Resolu\u00e7\u00e3o 004\/2022 ( Nova resolu\u00e7\u00e3o de credenciamento e recredenciamento docente do PPG Artes\/EBA\/UFMG)<\/p>\n<p>2.8\u00a0<a href=\"https:\/\/ppgartes.eba.ufmg.br\/wp-content\/uploads\/2020\/03\/Resolu%C3%A7%C3%A3o-1.2019-N%C3%BAmero-de-orientandos-por-docente.pdf\">Resolu\u00e7\u00e3o 001\/2019<\/a>\u00a0\u2013 N\u00famero de orientandos por docentes<\/p>\n<p>2.9\u00a0<a href=\"https:\/\/ppgartes.eba.ufmg.br\/wp-content\/uploads\/2013\/04\/Resolu%C3%A7%C3%A3o-3-2014-Crit%C3%A9rios-para-indica%C3%A7%C3%A3o-de-Orientandos-a-Orientadores.pdf\" rel=\"\">Resolu\u00e7\u00e3o n\u00ba 3\/2014<\/a>\u00a0\u2013 Crit\u00e9rios de Indica\u00e7\u00e3o de Orientandos aprovados no Processo Seletivo a Orientadores do Programa.<\/p>\n<p>2.10\u00a0<a href=\"https:\/\/ppgartes.eba.ufmg.br\/wp-content\/uploads\/2013\/04\/Resolu%C3%A7%C3%A3o-3-2015-Crit%C3%A9rios-de-credenciamento-de-Coorientadores.pdf\" rel=\"\">Resolu\u00e7\u00e3o n\u00ba 3\/2015\u00a0<\/a>\u2013 Inclus\u00e3o de Coorientadores. \u00c9 preciso que o Orientador fa\u00e7a uma carta para o Colegiado solicitando a inclus\u00e3o do Coorientador (com justificativa) e anexe a Carta-Convite. Para acessar o modelo de carta-convite,\u00a0<a href=\"https:\/\/ppgartes.eba.ufmg.br\/wp-content\/uploads\/2020\/03\/Carta-Convite-COORIENTA%C3%87%C3%83O-Modelo-1.docx\">clique aqui.<\/a><\/p>\n<p>2.11\u00a0<a href=\"https:\/\/ppgartes.eba.ufmg.br\/wp-content\/uploads\/2013\/04\/Resolu%C3%A7%C3%A3o-2-2013-Atribui%C3%A7%C3%B5es-no-Processo-Seletivo.pdf\" rel=\"\">Resolu\u00e7\u00e3o n\u00b0 2\/2013<\/a>\u2013 Atribui\u00e7\u00f5es no Processo Seletivo e Par\u00e2metros Gerais de Corre\u00e7\u00e3o de Provas.<\/p>\n<p>2.12 <a href=\"https:\/\/ppgartes.eba.ufmg.br\/wp-content\/uploads\/2025\/05\/Resolucao-no-07-2024.pdf\">Resolu\u00e7\u00e3o n\u00ba 07-2024<\/a> &#8211; Disp\u00f5e sobre normas e crit\u00e9rios relativos \u00e0 atua\u00e7\u00e3o de professores volunt\u00e1rios no \u00e2mbito da Universidade Federal de Minas Gerais.<\/p>\n<h3 style=\"text-align: justify;\"><strong>3. Orienta\u00e7\u00f5es sobre bancas e formata\u00e7\u00e3o de trabalhos<\/strong><\/h3>\n<p><a href=\"https:\/\/eba.ufmg.br\/ppgartes\/?page_id=8219\">Instru\u00e7\u00f5es para marca\u00e7\u00e3o de bancas e formata\u00e7\u00e3o de teses e disserta\u00e7\u00f5es<\/a><\/p>\n<p><a href=\"https:\/\/ppgartes.eba.ufmg.br\/wp-content\/uploads\/2020\/10\/protocolo-para-realiza%C3%A7%C3%A3o-de-banca-online.pdf\">PROTOCOLO PARA REALIZA\u00c7\u00c3O DE BANCAS ON-LINE<\/a><\/p>\n<h4><\/h4>\n<h3><strong>4. Atas de reuni\u00e3o de Colegiado e Composi\u00e7\u00e3o do Colegiado\u00a0<br \/><\/strong><\/h3>\n<p><a href=\"https:\/\/drive.google.com\/drive\/folders\/1qQHWyVGBXUwT3U7tTOLkbzxbd2OInM9i?usp=sharing\">Atas de Reuni\u00e3o de Colegiado<\/a><\/p>\n<p><a href=\"https:\/\/ppgartes.eba.ufmg.br\/wp-content\/uploads\/2026\/01\/Composicao-do-Colegiado-do-PPGARTES-2026.pdf\">Composi\u00e7\u00e3o do Colegiado do PPGARTES 2026<\/a><\/p>\n<\/div><\/div><\/div><\/div><\/div><\/div><\/div><\/section>","protected":false},"excerpt":{"rendered":"","protected":false},"author":1,"featured_media":0,"parent":0,"menu_order":0,"comment_status":"closed","ping_status":"closed","template":"","meta":{"footnotes":""},"class_list":["post-205","page","type-page","status-publish","hentry"],"_links":{"self":[{"href":"https:\/\/ppgartes.eba.ufmg.br\/index.php?rest_route=\/wp\/v2\/pages\/205","targetHints":{"allow":["GET"]}}],"collection":[{"href":"https:\/\/ppgartes.eba.ufmg.br\/index.php?rest_route=\/wp\/v2\/pages"}],"about":[{"href":"https:\/\/ppgartes.eba.ufmg.br\/index.php?rest_route=\/wp\/v2\/types\/page"}],"author":[{"embeddable":true,"href":"https:\/\/ppgartes.eba.ufmg.br\/index.php?rest_route=\/wp\/v2\/users\/1"}],"replies":[{"embeddable":true,"href":"https:\/\/ppgartes.eba.ufmg.br\/index.php?rest_route=%2Fwp%2Fv2%2Fcomments&post=205"}],"version-history":[{"count":6,"href":"https:\/\/ppgartes.eba.ufmg.br\/index.php?rest_route=\/wp\/v2\/pages\/205\/revisions"}],"predecessor-version":[{"id":10354,"href":"https:\/\/ppgartes.eba.ufmg.br\/index.php?rest_route=\/wp\/v2\/pages\/205\/revisions\/10354"}],"wp:attachment":[{"href":"https:\/\/ppgartes.eba.ufmg.br\/index.php?rest_route=%2Fwp%2Fv2%2Fmedia&parent=205"}],"curies":[{"name":"wp","href":"https:\/\/api.w.org\/{rel}","templated":true}]}}