{"id":264,"date":"2013-04-29T20:55:42","date_gmt":"2013-04-29T20:55:42","guid":{"rendered":"http:\/\/www.eba.ufmg.br\/pos\/?page_id=264"},"modified":"2022-08-08T23:08:30","modified_gmt":"2022-08-09T02:08:30","slug":"teses-e-dissertacoes","status":"publish","type":"page","link":"https:\/\/ppgartes.eba.ufmg.br\/?page_id=264","title":{"rendered":"Teses e Disserta\u00e7\u00f5es"},"content":{"rendered":"<section class=\"l-section wpb_row us_custom_a2053579 height_medium with_img with_overlay\"><div class=\"l-section-img\" style=\"background-image: url(https:\/\/ppgartes.eba.ufmg.br\/wp-content\/uploads\/2022\/08\/capa24.jpg);\" data-img-width=\"2000\" data-img-height=\"800\"><\/div><div class=\"l-section-overlay\" style=\"background: rgba(26,26,26,0.20)\"><\/div><div class=\"l-section-h i-cf\"><div class=\"g-cols vc_row type_default valign_top\"><div class=\"vc_col-sm-12 wpb_column vc_column_container\"><div class=\"vc_column-inner\"><div class=\"wpb_wrapper\"><div class=\"w-text us_custom_15798d3e has_text_color\"><span class=\"w-text-h\"><span class=\"w-text-value\">TESES E DISSERTA\u00c7\u00d5ES<\/span><\/span><\/div><\/div><\/div><\/div><\/div><\/div><\/section><section class=\"l-section wpb_row height_medium\"><div class=\"l-section-h i-cf\"><div class=\"g-cols vc_row type_default valign_top\"><div class=\"vc_col-sm-12 wpb_column vc_column_container\"><div class=\"vc_column-inner\"><div class=\"wpb_wrapper\"><div class=\"wpb_text_column\" ><div class=\"wpb_wrapper\"><h3><strong>Biblioteca Digital de Teses e Disserta\u00e7\u00f5es da UFMG<\/strong><\/h3>\n<p>No site da <a title=\"Biblioteca Digital de Teses e Disserta\u00e7\u00f5es da UFMG\" href=\"http:\/\/www.bibliotecadigital.ufmg.br\/\">Biblioteca Digital de Teses e Disserta\u00e7\u00f5es da UFMG<\/a> \u00e9 poss\u00edvel acessar o conte\u00fado integral das Teses e Disserta\u00e7\u00f5es produzidas pelo PPG-Artes:<\/p>\n<ul>\n<li><a title=\"Teses de Doutorado\" href=\"https:\/\/repositorio.ufmg.br\/handle\/1843\/429\">Rela\u00e7\u00e3o de Teses Dispon\u00edveis<\/a><\/li>\n<li><a title=\"Disserta\u00e7\u00f5es de Mestrado\" href=\"https:\/\/repositorio.ufmg.br\/handle\/1843\/195\">Rela\u00e7\u00e3o de Disserta\u00e7\u00f5es Dispon\u00edveis<\/a><\/li>\n<li><a href=\"https:\/\/repositorio.ufmg.br\/handle\/1843\/194\">Consolidado do Programa<\/a><\/li>\n<\/ul>\n<\/div><\/div><\/div><\/div><\/div><\/div><\/div><\/section>\n","protected":false},"excerpt":{"rendered":"","protected":false},"author":1,"featured_media":0,"parent":0,"menu_order":0,"comment_status":"closed","ping_status":"open","template":"","meta":{"footnotes":""},"class_list":["post-264","page","type-page","status-publish","hentry"],"_links":{"self":[{"href":"https:\/\/ppgartes.eba.ufmg.br\/index.php?rest_route=\/wp\/v2\/pages\/264","targetHints":{"allow":["GET"]}}],"collection":[{"href":"https:\/\/ppgartes.eba.ufmg.br\/index.php?rest_route=\/wp\/v2\/pages"}],"about":[{"href":"https:\/\/ppgartes.eba.ufmg.br\/index.php?rest_route=\/wp\/v2\/types\/page"}],"author":[{"embeddable":true,"href":"https:\/\/ppgartes.eba.ufmg.br\/index.php?rest_route=\/wp\/v2\/users\/1"}],"replies":[{"embeddable":true,"href":"https:\/\/ppgartes.eba.ufmg.br\/index.php?rest_route=%2Fwp%2Fv2%2Fcomments&post=264"}],"version-history":[{"count":5,"href":"https:\/\/ppgartes.eba.ufmg.br\/index.php?rest_route=\/wp\/v2\/pages\/264\/revisions"}],"predecessor-version":[{"id":8194,"href":"https:\/\/ppgartes.eba.ufmg.br\/index.php?rest_route=\/wp\/v2\/pages\/264\/revisions\/8194"}],"wp:attachment":[{"href":"https:\/\/ppgartes.eba.ufmg.br\/index.php?rest_route=%2Fwp%2Fv2%2Fmedia&parent=264"}],"curies":[{"name":"wp","href":"https:\/\/api.w.org\/{rel}","templated":true}]}}