{"id":5309,"date":"2019-07-12T17:59:48","date_gmt":"2019-07-12T17:59:48","guid":{"rendered":"https:\/\/eba.ufmg.br\/pos\/?page_id=5309"},"modified":"2025-09-22T12:22:22","modified_gmt":"2025-09-22T15:22:22","slug":"residencia-pos-doutoral","status":"publish","type":"page","link":"https:\/\/ppgartes.eba.ufmg.br\/?page_id=5309","title":{"rendered":"Resid\u00eancia P\u00f3s-doutoral"},"content":{"rendered":"<section class=\"l-section wpb_row us_custom_a2053579 height_medium with_img with_overlay\"><div class=\"l-section-img\" style=\"background-image: url(https:\/\/ppgartes.eba.ufmg.br\/wp-content\/uploads\/2022\/08\/capa25.jpg);\" data-img-width=\"2000\" data-img-height=\"800\"><\/div><div class=\"l-section-overlay\" style=\"background: rgba(26,26,26,0.40)\"><\/div><div class=\"l-section-h i-cf\"><div class=\"g-cols vc_row type_default valign_top\"><div class=\"vc_col-sm-12 wpb_column vc_column_container\"><div class=\"vc_column-inner\"><div class=\"wpb_wrapper\"><div class=\"w-text us_custom_15798d3e has_text_color\"><span class=\"w-text-h\"><span class=\"w-text-value\">RESID\u00caNCIA P\u00d3S-DOUTORAL<\/span><\/span><\/div><\/div><\/div><\/div><\/div><\/div><\/section><section class=\"l-section wpb_row height_medium\"><div class=\"l-section-h i-cf\"><div class=\"g-cols vc_row type_default valign_top\"><div class=\"vc_col-sm-12 wpb_column vc_column_container\"><div class=\"vc_column-inner\"><div class=\"wpb_wrapper\"><div class=\"wpb_text_column\" ><div class=\"wpb_wrapper\"><p>O PPG Artes recebe doutores interessados em realizar resid\u00eancia p\u00f3s-doutoral em fluxo cont\u00ednuo.<\/p>\n<p>Aten\u00e7\u00e3o para atualiza\u00e7\u00e3o da documenta\u00e7\u00e3o necess\u00e1ria para registro de estudantes de p\u00f3s-doutorado na UFMG.<\/p>\n<p><a href=\"https:\/\/ppgartes.eba.ufmg.br\/wp-content\/uploads\/2023\/07\/Orientacoes-para-pedido-de-Residencia-Pos-Doutoral-RPD.pdf\">Orienta\u00e7\u00f5es para pedido de Resid\u00eancia P\u00f3s-Doutoral (RPD)<\/a><\/p>\n<p><a href=\"https:\/\/www2.ufmg.br\/drca\/drca\/Home\/Pos-Graduacao\/Registro-de-Residencia-Pos-Doutoral-RPD\">https:\/\/www2.ufmg.br\/drca\/drca\/Home\/Pos-Graduacao\/Registro-de-Residencia-Pos-Doutoral-RPD<\/a><\/p>\n<p><a href=\"https:\/\/ppgartes.eba.ufmg.br\/wp-content\/uploads\/2024\/12\/Formulario-de-Requerimento-de-Registro-Residencia-Pos-Doutoral.pdf\">Formul\u00e1rio de Requerimento de Registro &#8211; Residencia Pos-Doutoral<\/a><\/p>\n<p><a href=\"https:\/\/ppgartes.eba.ufmg.br\/wp-content\/uploads\/2023\/07\/Resolucao-02_2017-de-23-de-maio-de-2017-Residencia-Pos-Doutoral.pdf\">Resolu\u00e7\u00e3o 02_2017 de 23 de maio de 2017 Resid\u00eancia-P\u00f3s-Doutoral<\/a><\/p>\n<p><a href=\"https:\/\/ppgartes.eba.ufmg.br\/wp-content\/uploads\/2023\/11\/Documentos-obrigatorios-para-pedido-de-residencia-pos-doutoral.pdf\">Documentos obrigatorios para pedido de residencia pos-doutoral<\/a><\/p>\n<p><a href=\"https:\/\/ppgartes.eba.ufmg.br\/wp-content\/uploads\/2025\/08\/Documentos-obrigatorios-para-solicitar-certificado-pos-doc.odt\">Documentos obrigatorios para solicitar certificado pos-doc<\/a><\/p>\n<p><a href=\"https:\/\/ppgartes.eba.ufmg.br\/wp-content\/uploads\/2025\/02\/Formulario-Prorrogacao-Pos-Doc.pdf\">Formulario Prorroga\u00e7\u00e3o Pos-Doc<\/a><\/p>\n<p>________________________________________________<\/p>\n<p>DIVULGADO EDITAL 2699\/2024 DE SELE\u00c7\u00c3O PARA BOLSISTA DE P\u00d3S-DOUTORADO 2025\/2026 \u2013 PROGRAMA INSTITUCIONAL DE P\u00d3S-DOUTORADO\/CAPES \u2013 PIPD\/CAPES<\/p>\n<p><a href=\"https:\/\/ppgartes.eba.ufmg.br\/wp-content\/uploads\/2024\/12\/SEI_3779652_Edital_2699-PIPD-POS-DOC.pdf\">SEI_3779652_Edital_2699 PIPD POS-DOC<\/a><\/p>\n<p><a href=\"https:\/\/ppgartes.eba.ufmg.br\/wp-content\/uploads\/2024\/12\/Formulario-de-Requerimento-de-Registro-Residencia-Pos-Doutoral.pdf\">Formul\u00e1rio de Requerimento de Registro &#8211; Residencia Pos-Doutoral<\/a><\/p>\n<p><a href=\"https:\/\/ppgartes.eba.ufmg.br\/wp-content\/uploads\/2024\/12\/Anexo-1-Plano-de-Trabalho.doc\">Anexo 1 &#8211; Plano de Trabalho<\/a><\/p>\n<\/div><\/div><\/div><\/div><\/div><\/div><\/div><\/section>\n","protected":false},"excerpt":{"rendered":"","protected":false},"author":1,"featured_media":0,"parent":0,"menu_order":0,"comment_status":"closed","ping_status":"closed","template":"","meta":{"footnotes":""},"class_list":["post-5309","page","type-page","status-publish","hentry"],"_links":{"self":[{"href":"https:\/\/ppgartes.eba.ufmg.br\/index.php?rest_route=\/wp\/v2\/pages\/5309","targetHints":{"allow":["GET"]}}],"collection":[{"href":"https:\/\/ppgartes.eba.ufmg.br\/index.php?rest_route=\/wp\/v2\/pages"}],"about":[{"href":"https:\/\/ppgartes.eba.ufmg.br\/index.php?rest_route=\/wp\/v2\/types\/page"}],"author":[{"embeddable":true,"href":"https:\/\/ppgartes.eba.ufmg.br\/index.php?rest_route=\/wp\/v2\/users\/1"}],"replies":[{"embeddable":true,"href":"https:\/\/ppgartes.eba.ufmg.br\/index.php?rest_route=%2Fwp%2Fv2%2Fcomments&post=5309"}],"version-history":[{"count":5,"href":"https:\/\/ppgartes.eba.ufmg.br\/index.php?rest_route=\/wp\/v2\/pages\/5309\/revisions"}],"predecessor-version":[{"id":10224,"href":"https:\/\/ppgartes.eba.ufmg.br\/index.php?rest_route=\/wp\/v2\/pages\/5309\/revisions\/10224"}],"wp:attachment":[{"href":"https:\/\/ppgartes.eba.ufmg.br\/index.php?rest_route=%2Fwp%2Fv2%2Fmedia&parent=5309"}],"curies":[{"name":"wp","href":"https:\/\/api.w.org\/{rel}","templated":true}]}}