{"id":8043,"date":"2022-08-04T19:42:35","date_gmt":"2022-08-04T22:42:35","guid":{"rendered":"http:\/\/vvz.com.br\/ufmg\/?page_id=8043"},"modified":"2022-08-08T20:23:27","modified_gmt":"2022-08-08T23:23:27","slug":"historia","status":"publish","type":"page","link":"https:\/\/ppgartes.eba.ufmg.br\/?page_id=8043","title":{"rendered":"Hist\u00f3ria"},"content":{"rendered":"<section class=\"l-section wpb_row us_custom_a2053579 height_medium with_img with_overlay\"><div class=\"l-section-img\" style=\"background-image: url(https:\/\/ppgartes.eba.ufmg.br\/wp-content\/uploads\/2022\/08\/capa2.jpg);\" data-img-width=\"2000\" data-img-height=\"800\"><\/div><div class=\"l-section-overlay\" style=\"background: rgba(26,26,26,0.50)\"><\/div><div class=\"l-section-h i-cf\"><div class=\"g-cols vc_row type_default valign_top\"><div class=\"vc_col-sm-12 wpb_column vc_column_container\"><div class=\"vc_column-inner\"><div class=\"wpb_wrapper\"><div class=\"w-text us_custom_83d2172e has_text_color\"><span class=\"w-text-h\"><span class=\"w-text-value\">PPG Artes<\/span><\/span><\/div><\/div><\/div><\/div><\/div><\/div><\/section><section class=\"l-section wpb_row height_medium\"><div class=\"l-section-h i-cf\"><div class=\"g-cols vc_row type_default valign_top\"><div class=\"vc_col-sm-1 wpb_column vc_column_container\"><div class=\"vc_column-inner\"><div class=\"wpb_wrapper\"><\/div><\/div><\/div><div class=\"vc_col-sm-10 wpb_column vc_column_container\"><div class=\"vc_column-inner\"><div class=\"wpb_wrapper\"><div class=\"wpb_text_column\" ><div class=\"wpb_wrapper\"><h3><strong>Hist\u00f3ria<\/strong><\/h3>\n<p>O Programa de P\u00f3s-Gradua\u00e7\u00e3o em Artes (PPGArtes) da Universidade Federal de Minas Gerais (UFMG) \u00e9 um dos mais antigos e bem estabelecidos na \u00e1rea de Artes no pa\u00eds, tendo conceito 6 (seis) na avalia\u00e7\u00e3o da CAPES desde 2017. Criado em 1978, inicialmente como especializa\u00e7\u00e3o lato sensu. O Programa implementou o mestrado em 1995 e, finalmente, o doutorado em 2006. O PPGArtes tem sempre objetivado a busca incessante por excel\u00eancia acad\u00eamica tanto na forma\u00e7\u00e3o de recursos humanos quanto na execu\u00e7\u00e3o de pesquisa, publica\u00e7\u00e3o dos resultados em ve\u00edculos nacionais e internacionais de alta visibilidade e produ\u00e7\u00e3o art\u00edstica de relev\u00e2ncia nacional e internacional.<\/p>\n<\/div><\/div><\/div><\/div><\/div><div class=\"vc_col-sm-1 wpb_column vc_column_container\"><div class=\"vc_column-inner\"><div class=\"wpb_wrapper\"><\/div><\/div><\/div><\/div><\/div><\/section>\n","protected":false},"excerpt":{"rendered":"","protected":false},"author":1,"featured_media":0,"parent":0,"menu_order":0,"comment_status":"closed","ping_status":"closed","template":"","meta":{"footnotes":""},"class_list":["post-8043","page","type-page","status-publish","hentry"],"_links":{"self":[{"href":"https:\/\/ppgartes.eba.ufmg.br\/index.php?rest_route=\/wp\/v2\/pages\/8043","targetHints":{"allow":["GET"]}}],"collection":[{"href":"https:\/\/ppgartes.eba.ufmg.br\/index.php?rest_route=\/wp\/v2\/pages"}],"about":[{"href":"https:\/\/ppgartes.eba.ufmg.br\/index.php?rest_route=\/wp\/v2\/types\/page"}],"author":[{"embeddable":true,"href":"https:\/\/ppgartes.eba.ufmg.br\/index.php?rest_route=\/wp\/v2\/users\/1"}],"replies":[{"embeddable":true,"href":"https:\/\/ppgartes.eba.ufmg.br\/index.php?rest_route=%2Fwp%2Fv2%2Fcomments&post=8043"}],"version-history":[{"count":5,"href":"https:\/\/ppgartes.eba.ufmg.br\/index.php?rest_route=\/wp\/v2\/pages\/8043\/revisions"}],"predecessor-version":[{"id":8144,"href":"https:\/\/ppgartes.eba.ufmg.br\/index.php?rest_route=\/wp\/v2\/pages\/8043\/revisions\/8144"}],"wp:attachment":[{"href":"https:\/\/ppgartes.eba.ufmg.br\/index.php?rest_route=%2Fwp%2Fv2%2Fmedia&parent=8043"}],"curies":[{"name":"wp","href":"https:\/\/api.w.org\/{rel}","templated":true}]}}