{"id":8059,"date":"2022-08-04T20:10:39","date_gmt":"2022-08-04T23:10:39","guid":{"rendered":"http:\/\/vvz.com.br\/ufmg\/?page_id=8059"},"modified":"2026-03-07T07:10:58","modified_gmt":"2026-03-07T10:10:58","slug":"doutorado-em-artes","status":"publish","type":"page","link":"https:\/\/ppgartes.eba.ufmg.br\/?page_id=8059","title":{"rendered":"Doutorado em Artes\u00a0"},"content":{"rendered":"<section class=\"l-section wpb_row us_custom_a2053579 height_medium with_img with_overlay\"><div class=\"l-section-img\" style=\"background-image: url(https:\/\/ppgartes.eba.ufmg.br\/wp-content\/uploads\/2022\/08\/capa5.jpg);\" data-img-width=\"2000\" data-img-height=\"800\"><\/div><div class=\"l-section-overlay\" style=\"background: rgba(26,26,26,0.20)\"><\/div><div class=\"l-section-h i-cf\"><div class=\"g-cols vc_row type_default valign_top\"><div class=\"vc_col-sm-12 wpb_column vc_column_container\"><div class=\"vc_column-inner\"><div class=\"wpb_wrapper\"><div class=\"w-text us_custom_83d2172e has_text_color\"><span class=\"w-text-h\"><span class=\"w-text-value\">PPG Artes<\/span><\/span><\/div><\/div><\/div><\/div><\/div><\/div><\/section><section class=\"l-section wpb_row height_medium\"><div class=\"l-section-h i-cf\"><div class=\"g-cols vc_row type_default valign_top\"><div class=\"vc_col-sm-1 wpb_column vc_column_container\"><div class=\"vc_column-inner\"><div class=\"wpb_wrapper\"><\/div><\/div><\/div><div class=\"vc_col-sm-10 wpb_column vc_column_container\"><div class=\"vc_column-inner\"><div class=\"wpb_wrapper\"><div class=\"wpb_text_column\" ><div class=\"wpb_wrapper\"><h3><strong>Cursos Oferecidos<\/strong><\/h3>\n<p><strong>Doutorado em Artes<\/strong><br \/>\nOs requisitos para obten\u00e7\u00e3o do grau de doutor em Artes no Programa s\u00e3o os seguintes: obten\u00e7\u00e3o de 24 cr\u00e9ditos em disciplinas; aprova\u00e7\u00e3o em Exame de Qualifica\u00e7\u00e3o que consiste na apresenta\u00e7\u00e3o de 80 p\u00e1ginas, ou dois cap\u00edtulos, da tese de doutorado a uma banca de professores; publica\u00e7\u00e3o de comunica\u00e7\u00e3o em Congresso de reconhecida qualidade e submiss\u00e3o de pelo menos um artigo para peri\u00f3dico qualificado; aprova\u00e7\u00e3o na defesa de tese.<\/p>\n<p>A entrada no curso de Doutorado em se d\u00e1 por meio de processo seletivo uma vez ao ano.<\/p>\n<\/div><\/div><\/div><\/div><\/div><div class=\"vc_col-sm-1 wpb_column vc_column_container\"><div class=\"vc_column-inner\"><div class=\"wpb_wrapper\"><\/div><\/div><\/div><\/div><\/div><\/section>\n","protected":false},"excerpt":{"rendered":"","protected":false},"author":1,"featured_media":0,"parent":8056,"menu_order":0,"comment_status":"closed","ping_status":"closed","template":"","meta":{"footnotes":""},"class_list":["post-8059","page","type-page","status-publish","hentry"],"_links":{"self":[{"href":"https:\/\/ppgartes.eba.ufmg.br\/index.php?rest_route=\/wp\/v2\/pages\/8059","targetHints":{"allow":["GET"]}}],"collection":[{"href":"https:\/\/ppgartes.eba.ufmg.br\/index.php?rest_route=\/wp\/v2\/pages"}],"about":[{"href":"https:\/\/ppgartes.eba.ufmg.br\/index.php?rest_route=\/wp\/v2\/types\/page"}],"author":[{"embeddable":true,"href":"https:\/\/ppgartes.eba.ufmg.br\/index.php?rest_route=\/wp\/v2\/users\/1"}],"replies":[{"embeddable":true,"href":"https:\/\/ppgartes.eba.ufmg.br\/index.php?rest_route=%2Fwp%2Fv2%2Fcomments&post=8059"}],"version-history":[{"count":4,"href":"https:\/\/ppgartes.eba.ufmg.br\/index.php?rest_route=\/wp\/v2\/pages\/8059\/revisions"}],"predecessor-version":[{"id":8154,"href":"https:\/\/ppgartes.eba.ufmg.br\/index.php?rest_route=\/wp\/v2\/pages\/8059\/revisions\/8154"}],"up":[{"embeddable":true,"href":"https:\/\/ppgartes.eba.ufmg.br\/index.php?rest_route=\/wp\/v2\/pages\/8056"}],"wp:attachment":[{"href":"https:\/\/ppgartes.eba.ufmg.br\/index.php?rest_route=%2Fwp%2Fv2%2Fmedia&parent=8059"}],"curies":[{"name":"wp","href":"https:\/\/api.w.org\/{rel}","templated":true}]}}