{"id":8073,"date":"2022-08-04T20:26:25","date_gmt":"2022-08-04T23:26:25","guid":{"rendered":"http:\/\/vvz.com.br\/ufmg\/?page_id=8073"},"modified":"2022-08-04T20:26:25","modified_gmt":"2022-08-04T23:26:25","slug":"linhas-de-pesquisa","status":"publish","type":"page","link":"https:\/\/ppgartes.eba.ufmg.br\/?page_id=8073","title":{"rendered":"Linhas de Pesquisa"},"content":{"rendered":"<section class=\"l-section wpb_row us_custom_a2053579 height_medium with_img\"><div class=\"l-section-img\" style=\"background-image: url(https:\/\/ppgartes.eba.ufmg.br\/wp-content\/uploads\/2022\/05\/capa1.jpg);\" data-img-width=\"2000\" data-img-height=\"800\"><\/div><div class=\"l-section-h i-cf\"><div class=\"g-cols vc_row type_default valign_top\"><div class=\"vc_col-sm-12 wpb_column vc_column_container\"><div class=\"vc_column-inner\"><div class=\"wpb_wrapper\"><div class=\"w-text us_custom_83d2172e has_text_color\"><span class=\"w-text-h\"><span class=\"w-text-value\">PPG Artes<\/span><\/span><\/div><\/div><\/div><\/div><\/div><\/div><\/section><section class=\"l-section wpb_row height_medium\"><div class=\"l-section-h i-cf\"><div class=\"g-cols vc_row type_default valign_top\"><div class=\"vc_col-sm-1 wpb_column vc_column_container\"><div class=\"vc_column-inner\"><div class=\"wpb_wrapper\"><\/div><\/div><\/div><div class=\"vc_col-sm-10 wpb_column vc_column_container\"><div class=\"vc_column-inner\"><div class=\"wpb_wrapper\"><div class=\"wpb_text_column\" ><div class=\"wpb_wrapper\"><h3><strong>Linhas de Pesquisa<\/strong><\/h3>\n<p>O Programa de P\u00f3s-Gradua\u00e7\u00e3o em Artes da UFMG \u00e9 composto de 6 linhas de pesquisa. O conhecimento da descri\u00e7\u00e3o das linhas de pesquisa, bem como do campo de trabalho de cada professor vinculado \u00e0s mesmas, \u00e9 importante no momento de elabora\u00e7\u00e3o do projeto de mestrado e doutorado, pois a sele\u00e7\u00e3o de candidatos e distribui\u00e7\u00e3o de vagas \u00e9 realizada por linha de pesquisa. Veja a se\u00e7\u00e3o <a href=\"https:\/\/ppgartes.eba.ufmg.br\/corpo-docente\/\">Corpo Docente<\/a> para conhecer mais sobre a atua\u00e7\u00e3o de cada um.<\/p>\n<\/div><\/div><\/div><\/div><\/div><div class=\"vc_col-sm-1 wpb_column vc_column_container\"><div class=\"vc_column-inner\"><div class=\"wpb_wrapper\"><\/div><\/div><\/div><\/div><\/div><\/section>\n","protected":false},"excerpt":{"rendered":"","protected":false},"author":1,"featured_media":0,"parent":0,"menu_order":0,"comment_status":"closed","ping_status":"closed","template":"","meta":{"footnotes":""},"class_list":["post-8073","page","type-page","status-publish","hentry"],"_links":{"self":[{"href":"https:\/\/ppgartes.eba.ufmg.br\/index.php?rest_route=\/wp\/v2\/pages\/8073","targetHints":{"allow":["GET"]}}],"collection":[{"href":"https:\/\/ppgartes.eba.ufmg.br\/index.php?rest_route=\/wp\/v2\/pages"}],"about":[{"href":"https:\/\/ppgartes.eba.ufmg.br\/index.php?rest_route=\/wp\/v2\/types\/page"}],"author":[{"embeddable":true,"href":"https:\/\/ppgartes.eba.ufmg.br\/index.php?rest_route=\/wp\/v2\/users\/1"}],"replies":[{"embeddable":true,"href":"https:\/\/ppgartes.eba.ufmg.br\/index.php?rest_route=%2Fwp%2Fv2%2Fcomments&post=8073"}],"version-history":[{"count":1,"href":"https:\/\/ppgartes.eba.ufmg.br\/index.php?rest_route=\/wp\/v2\/pages\/8073\/revisions"}],"predecessor-version":[{"id":8074,"href":"https:\/\/ppgartes.eba.ufmg.br\/index.php?rest_route=\/wp\/v2\/pages\/8073\/revisions\/8074"}],"wp:attachment":[{"href":"https:\/\/ppgartes.eba.ufmg.br\/index.php?rest_route=%2Fwp%2Fv2%2Fmedia&parent=8073"}],"curies":[{"name":"wp","href":"https:\/\/api.w.org\/{rel}","templated":true}]}}