{"id":8097,"date":"2022-08-04T21:04:28","date_gmt":"2022-08-05T00:04:28","guid":{"rendered":"http:\/\/vvz.com.br\/ufmg\/?page_id=8097"},"modified":"2022-08-08T20:35:36","modified_gmt":"2022-08-08T23:35:36","slug":"preservacao-do-patrimonio-cultural","status":"publish","type":"page","link":"https:\/\/ppgartes.eba.ufmg.br\/?page_id=8097","title":{"rendered":"Preserva\u00e7\u00e3o do Patrim\u00f4nio Cultural"},"content":{"rendered":"<section class=\"l-section wpb_row us_custom_a2053579 height_medium with_img with_overlay\"><div class=\"l-section-img\" style=\"background-image: url(https:\/\/ppgartes.eba.ufmg.br\/wp-content\/uploads\/2022\/08\/capa12.jpg);\" data-img-width=\"2000\" data-img-height=\"800\"><\/div><div class=\"l-section-overlay\" style=\"background: rgba(26,26,26,0.20)\"><\/div><div class=\"l-section-h i-cf\"><div class=\"g-cols vc_row type_default valign_top\"><div class=\"vc_col-sm-12 wpb_column vc_column_container\"><div class=\"vc_column-inner\"><div class=\"wpb_wrapper\"><div class=\"w-text us_custom_83d2172e has_text_color\"><span class=\"w-text-h\"><span class=\"w-text-value\">PPG Artes<\/span><\/span><\/div><\/div><\/div><\/div><\/div><\/div><\/section><section class=\"l-section wpb_row height_medium\"><div class=\"l-section-h i-cf\"><div class=\"g-cols vc_row type_default valign_top\"><div class=\"vc_col-sm-1 wpb_column vc_column_container\"><div class=\"vc_column-inner\"><div class=\"wpb_wrapper\"><\/div><\/div><\/div><div class=\"vc_col-sm-10 wpb_column vc_column_container\"><div class=\"vc_column-inner\"><div class=\"wpb_wrapper\"><div class=\"wpb_text_column\" ><div class=\"wpb_wrapper\"><h3><strong>Linhas de Pesquisa<\/strong><\/h3>\n<p><strong>Preserva\u00e7\u00e3o do Patrim\u00f4nio Cultural<\/strong><br \/>\nEngloba pesquisas de P\u00f3s-gradua\u00e7\u00e3o que contemplem o estudo te\u00f3rico-metodol\u00f3gico em torno da diversidade tem\u00e1tica pertinente \u00e0 \u00e1rea da preserva\u00e7\u00e3o com destaque para a conserva\u00e7\u00e3o-restaura\u00e7\u00e3o de bem cultural material e imaterial, conserva\u00e7\u00e3o preventiva, gest\u00e3o de acervos e ci\u00eancias da conserva\u00e7\u00e3o. O campo ampliado da preserva\u00e7\u00e3o \u00e9 permeado pela interface entre \u00e1reas humanas, biol\u00f3gicas, exatas e tecnol\u00f3gicas.<\/p>\n<\/div><\/div><\/div><\/div><\/div><div class=\"vc_col-sm-1 wpb_column vc_column_container\"><div class=\"vc_column-inner\"><div class=\"wpb_wrapper\"><\/div><\/div><\/div><\/div><\/div><\/section>\n","protected":false},"excerpt":{"rendered":"","protected":false},"author":1,"featured_media":0,"parent":8073,"menu_order":0,"comment_status":"closed","ping_status":"closed","template":"","meta":{"footnotes":""},"class_list":["post-8097","page","type-page","status-publish","hentry"],"_links":{"self":[{"href":"https:\/\/ppgartes.eba.ufmg.br\/index.php?rest_route=\/wp\/v2\/pages\/8097","targetHints":{"allow":["GET"]}}],"collection":[{"href":"https:\/\/ppgartes.eba.ufmg.br\/index.php?rest_route=\/wp\/v2\/pages"}],"about":[{"href":"https:\/\/ppgartes.eba.ufmg.br\/index.php?rest_route=\/wp\/v2\/types\/page"}],"author":[{"embeddable":true,"href":"https:\/\/ppgartes.eba.ufmg.br\/index.php?rest_route=\/wp\/v2\/users\/1"}],"replies":[{"embeddable":true,"href":"https:\/\/ppgartes.eba.ufmg.br\/index.php?rest_route=%2Fwp%2Fv2%2Fcomments&post=8097"}],"version-history":[{"count":2,"href":"https:\/\/ppgartes.eba.ufmg.br\/index.php?rest_route=\/wp\/v2\/pages\/8097\/revisions"}],"predecessor-version":[{"id":8168,"href":"https:\/\/ppgartes.eba.ufmg.br\/index.php?rest_route=\/wp\/v2\/pages\/8097\/revisions\/8168"}],"up":[{"embeddable":true,"href":"https:\/\/ppgartes.eba.ufmg.br\/index.php?rest_route=\/wp\/v2\/pages\/8073"}],"wp:attachment":[{"href":"https:\/\/ppgartes.eba.ufmg.br\/index.php?rest_route=%2Fwp%2Fv2%2Fmedia&parent=8097"}],"curies":[{"name":"wp","href":"https:\/\/api.w.org\/{rel}","templated":true}]}}