{"id":8107,"date":"2022-08-07T20:34:55","date_gmt":"2022-08-07T23:34:55","guid":{"rendered":"http:\/\/vvz.com.br\/ufmg\/?page_id=8107"},"modified":"2026-03-07T07:10:58","modified_gmt":"2026-03-07T10:10:58","slug":"artes-da-cena","status":"publish","type":"page","link":"https:\/\/ppgartes.eba.ufmg.br\/?page_id=8107","title":{"rendered":"Artes da Cena"},"content":{"rendered":"<section class=\"l-section wpb_row us_custom_a2053579 height_medium with_img with_overlay\"><div class=\"l-section-img\" style=\"background-image: url(https:\/\/ppgartes.eba.ufmg.br\/wp-content\/uploads\/2022\/08\/capa18.jpg);\" data-img-width=\"2000\" data-img-height=\"800\"><\/div><div class=\"l-section-overlay\" style=\"background: rgba(26,26,26,0.20)\"><\/div><div class=\"l-section-h i-cf\"><div class=\"g-cols vc_row type_default valign_top\"><div class=\"vc_col-sm-12 wpb_column vc_column_container\"><div class=\"vc_column-inner\"><div class=\"wpb_wrapper\"><div class=\"w-text us_custom_15798d3e has_text_color\"><span class=\"w-text-h\"><span class=\"w-text-value\">CORPO DOCENTE<\/span><\/span><\/div><\/div><\/div><\/div><\/div><\/div><\/section><section class=\"l-section wpb_row height_medium\"><div class=\"l-section-h i-cf\"><div class=\"g-cols vc_row type_default valign_top\"><div class=\"vc_col-sm-1 wpb_column vc_column_container\"><div class=\"vc_column-inner\"><div class=\"wpb_wrapper\"><\/div><\/div><\/div><div class=\"vc_col-sm-10 wpb_column vc_column_container\"><div class=\"vc_column-inner\"><div class=\"wpb_wrapper\"><div class=\"wpb_text_column\" ><div class=\"wpb_wrapper\"><h3><strong>Artes da Cena<\/strong><\/h3>\n<p><a href=\"http:\/\/lattes.cnpq.br\/2204010991291958\" target=\"_blank\" rel=\"noopener\"><strong>Profa. Dra. Alba Pedreira Vieira<\/strong><\/a><br \/>\nColaboradora \u2013\u00a0Universidade Federal de Vi\u00e7osa<br \/>\nCampo de trabalho: a) Processos de cria\u00e7\u00e3o e po\u00e9ticas nas Artes da Cena; b) Estudos e Po\u00e9ticas do corpo; c) Mem\u00f3rias da Dan\u00e7a no Brasil; d) Improvisa\u00e7\u00e3o em dan\u00e7a e e performance; e) Arte, corpo, dan\u00e7a e imagina\u00e7\u00e3o; f) Pluriepistemologias e cosmoperce\u00e7\u00f5es amer\u00edndias; g) Pesquisas em Dan\u00e7a: campos expandidos.<\/p>\n<p><a href=\"http:\/\/lattes.cnpq.br\/9772858312735317\" target=\"_blank\" rel=\"noopener\"><strong>Profa. Dra. Carla Andrea Silva Lima<\/strong><\/a><br \/>\nDepartamento de Artes C\u00eanicas da EBA\/UFMG<br \/>\nCampo de Trabalho:\u00a0a) Processos criativos e formativos nas Artes da Cena; b) Estudos sobre o corpo; c) Po\u00e9ticas da corporeidade relacionadas ao trabalho sobre si; c) Arte e psican\u00e1lise.<\/p>\n<p><a href=\"http:\/\/lattes.cnpq.br\/4557955037992266\" target=\"_blank\" rel=\"noopener\"><strong>Prof. Dr. Cristiano Cezarino Rodrigues<\/strong><\/a><br \/>\nDepartamento de Projetos, Escola de Arquitetura da UFMG<br \/>\nCampo de trabalho: a) Pr\u00e1ticas e po\u00e9ticas espaciais, visuais e sonoras c\u00eanicas e perform\u00e1ticas; b)Africanidades e a cidade: di\u00e1logos e prospec\u00e7\u00f5es pela arte; c) Design da performance e a cenografia em campo ampliado (artes c\u00eanicas e perform\u00e1ticas, expografia, eventos, dire\u00e7\u00e3o de arte etc); d)genealogia da cenografia e dos elementos que comp\u00f5em as visualidades da cena em Minas Gerais<\/p>\n<p><a href=\"http:\/\/lattes.cnpq.br\/2225416224457420\" target=\"_blank\" rel=\"noopener\"><strong>Prof. Dr. Eduardo dos Santos Andrade<\/strong><\/a><br \/>\nDepartamento de Artes C\u00eanicas da EBA\/UFMG<br \/>\nCampo de trabalho: a) Po\u00e9ticas visuais e tecnol\u00f3gicas da cena; b) Cenografia e ilumina\u00e7\u00e3o c\u00eanica; c) Rela\u00e7\u00f5es entre Teatro e Cinema; d) Teatralidade e Performatividade.<\/p>\n<p><a href=\"http:\/\/lattes.cnpq.br\/5745792827414580\" target=\"_blank\" rel=\"noopener\"><strong>Prof. Dr. Fernando Antonio Mencarelli<\/strong><\/a><br \/>\nDepartamento de Artes C\u00eanicas da EBA\/UFMG<br \/>\nCampo de Trabalho: a) Teatro Brasileiro e hist\u00f3rias globais do teatro; b) Processos criativos e formativos em Artes da Cena, transdisciplinaridade e transculturalidade; c) Pol\u00edticas Culturais, Educa\u00e7\u00e3o superior e Artes da Cena: di\u00e1logos entre artes, humanidades e ci\u00eancia.<\/p>\n<p><a href=\"http:\/\/lattes.cnpq.br\/4914387623340808\" target=\"_blank\" rel=\"noopener\"><strong>Profa. Dra. Heloisa Marina<\/strong><\/a><br \/>\nDepartamento de Artes C\u00eanicas da EBA\/UFMG<br \/>\nCampo de trabalho: a) modos de produ\u00e7\u00e3o e gest\u00e3o c\u00eanica; b) pol\u00edticas culturais; c) atriz-produtora: interfaces entre cria\u00e7\u00e3o art\u00edstica e mercado cultural; d) diversidade e perspectivas \u00e9tnicas para a pr\u00e1tica, produ\u00e7\u00e3o e ensino do teatro<\/p>\n<p><a href=\"http:\/\/lattes.cnpq.br\/1086610024861975\" target=\"_blank\" rel=\"noopener\"><strong>Prof. Dr. Marcelo Eduardo Rocco de Gasperi<\/strong><\/a><br \/>\nProf. colaborador \u2013 Departamento de Artes C\u00eanicas \u2013 UFOP<br \/>\nCampo de trabalho: a) Processos Criativos nas artes da Cena; b) Estudos de Processos e Po\u00e9ticas da Cena Contempor\u00e2nea; c) Estudos dos conceitos operativos da arte da performance.<\/p>\n<p><a href=\"http:\/\/lattes.cnpq.br\/9423809653679928\" target=\"_blank\" rel=\"noopener\"><strong>Profa. Dra. Bya Braga (Maria Beatriz Braga Mendon\u00e7a)<\/strong><\/a><br \/>\nDepartamento de Artes C\u00eanicas da EBA\/UFMG<br \/>\nCampo de Trabalho: a) Atua\u00e7\u00e3o e Improvisa\u00e7\u00e3o performativas (Teatros f\u00edsicos, M\u00e1scaras Teatrais, Mascaramentos expandidos, Teatros de tradi\u00e7\u00f5es culturais, Artesania de atuadoras\/es, M\u00edmica Corporal); b) Processos de cria\u00e7\u00e3o e educativos da cena relacionados \u00e0 atua\u00e7\u00e3o performativa; c) Pesquisa de atua\u00e7\u00e3o performativa guiada pela pr\u00e1tica c\u00eanica; d) Mulheres nas artes da cena.<\/p>\n<p><a href=\"http:\/\/lattes.cnpq.br\/6739544971574698\" target=\"_blank\" rel=\"noopener\"><strong>Profa. Dra. M\u00f4nica Medeiros Ribeiro<\/strong><\/a><br \/>\nDepartamento de Artes C\u00eanicas da EBA\/UFMG<br \/>\nCampo de Trabalho:\u00a0a) Estudo de processos de cria\u00e7\u00e3o em artes da cena; b) Estudos do corpo nas artes da cena c) Improvisa\u00e7\u00e3o em dan\u00e7a; d) Estudos epistemol\u00f3gicos nas Artes da Cena; e) Pol\u00edticas Culturais f) Prepara\u00e7\u00e3o corporal e dire\u00e7\u00e3o de movimento c\u00eanico.<\/p>\n<p><a href=\"http:\/\/lattes.cnpq.br\/7138712663043843\" target=\"_blank\" rel=\"noopener\"><strong>Prof. Dr. Rog\u00e9rio Lopes da Silva Paulino<\/strong><\/a><br \/>\nTeatro Universit\u00e1rio da EBAP\/UFMG<br \/>\nCampo de Trabalho: a) M\u00e1scaras afro-brasileiras e o mascaramento nas artes da cena; b) Manifesta\u00e7\u00f5es c\u00eanicas da cultura popular afro-brasileira; c) Atua\u00e7\u00e3o teatral e processos de cria\u00e7\u00e3o c\u00eanica no espa\u00e7o p\u00fablico; d) Temas relacionados \u00e0 pesquisa pr\u00e1tica na cena preta.<\/p>\n<\/div><\/div><\/div><\/div><\/div><div class=\"vc_col-sm-1 wpb_column vc_column_container\"><div class=\"vc_column-inner\"><div class=\"wpb_wrapper\"><\/div><\/div><\/div><\/div><\/div><\/section>\n","protected":false},"excerpt":{"rendered":"","protected":false},"author":1,"featured_media":0,"parent":2262,"menu_order":0,"comment_status":"closed","ping_status":"closed","template":"","meta":{"footnotes":""},"class_list":["post-8107","page","type-page","status-publish","hentry"],"_links":{"self":[{"href":"https:\/\/ppgartes.eba.ufmg.br\/index.php?rest_route=\/wp\/v2\/pages\/8107","targetHints":{"allow":["GET"]}}],"collection":[{"href":"https:\/\/ppgartes.eba.ufmg.br\/index.php?rest_route=\/wp\/v2\/pages"}],"about":[{"href":"https:\/\/ppgartes.eba.ufmg.br\/index.php?rest_route=\/wp\/v2\/types\/page"}],"author":[{"embeddable":true,"href":"https:\/\/ppgartes.eba.ufmg.br\/index.php?rest_route=\/wp\/v2\/users\/1"}],"replies":[{"embeddable":true,"href":"https:\/\/ppgartes.eba.ufmg.br\/index.php?rest_route=%2Fwp%2Fv2%2Fcomments&post=8107"}],"version-history":[{"count":8,"href":"https:\/\/ppgartes.eba.ufmg.br\/index.php?rest_route=\/wp\/v2\/pages\/8107\/revisions"}],"predecessor-version":[{"id":10301,"href":"https:\/\/ppgartes.eba.ufmg.br\/index.php?rest_route=\/wp\/v2\/pages\/8107\/revisions\/10301"}],"up":[{"embeddable":true,"href":"https:\/\/ppgartes.eba.ufmg.br\/index.php?rest_route=\/wp\/v2\/pages\/2262"}],"wp:attachment":[{"href":"https:\/\/ppgartes.eba.ufmg.br\/index.php?rest_route=%2Fwp%2Fv2%2Fmedia&parent=8107"}],"curies":[{"name":"wp","href":"https:\/\/api.w.org\/{rel}","templated":true}]}}