{"id":8112,"date":"2022-08-07T20:55:08","date_gmt":"2022-08-07T23:55:08","guid":{"rendered":"http:\/\/vvz.com.br\/ufmg\/?page_id=8112"},"modified":"2026-03-07T07:10:58","modified_gmt":"2026-03-07T10:10:58","slug":"artes-visuais","status":"publish","type":"page","link":"https:\/\/ppgartes.eba.ufmg.br\/?page_id=8112","title":{"rendered":"Artes Visuais"},"content":{"rendered":"<section class=\"l-section wpb_row us_custom_a2053579 height_medium with_img with_overlay\"><div class=\"l-section-img\" style=\"background-image: url(https:\/\/ppgartes.eba.ufmg.br\/wp-content\/uploads\/2022\/08\/capa19.jpg);\" data-img-width=\"2000\" data-img-height=\"800\"><\/div><div class=\"l-section-overlay\" style=\"background: rgba(26,26,26,0.20)\"><\/div><div class=\"l-section-h i-cf\"><div class=\"g-cols vc_row type_default valign_top\"><div class=\"vc_col-sm-12 wpb_column vc_column_container\"><div class=\"vc_column-inner\"><div class=\"wpb_wrapper\"><div class=\"w-text us_custom_15798d3e has_text_color\"><span class=\"w-text-h\"><span class=\"w-text-value\">CORPO DOCENTE<\/span><\/span><\/div><\/div><\/div><\/div><\/div><\/div><\/section><section class=\"l-section wpb_row height_medium\"><div class=\"l-section-h i-cf\"><div class=\"g-cols vc_row type_default valign_top\"><div class=\"vc_col-sm-1 wpb_column vc_column_container\"><div class=\"vc_column-inner\"><div class=\"wpb_wrapper\"><\/div><\/div><\/div><div class=\"vc_col-sm-10 wpb_column vc_column_container\"><div class=\"vc_column-inner\"><div class=\"wpb_wrapper\"><div class=\"wpb_text_column\" ><div class=\"wpb_wrapper\"><h3><strong>Artes Visuais<\/strong><\/h3>\n<p><a href=\"http:\/\/lattes.cnpq.br\/7256023332368040\" target=\"_blank\" rel=\"noopener\"><strong>Prof. Dr. Adolfo Enrique Cifuentes<\/strong><\/a><br \/>\nDepto. de Fotografia e Cinema da EBA\/UFMG<br \/>\nCampo de Trabalho: Artes Visuais com \u00eanfase nas interfaces da imagem fixa (fotografia) e imagem-tempo (v\u00eddeo-cinema) nas suas diferentes articula\u00e7\u00f5es com outros campos de cria\u00e7\u00e3o e opera\u00e7\u00f5es est\u00e9ticas, simb\u00f3licas, culturais e pol\u00edticas.<\/p>\n<p><a href=\"http:\/\/lattes.cnpq.br\/2113943674181774\" target=\"_blank\" rel=\"noopener\"><strong>Prof. Dr. Amir Brito Cad\u00f4r<\/strong><\/a><br \/>\nDepto. de Desenho da EBA\/UFMG<br \/>\nCampo de Trabalho: a) Po\u00e9ticas Visuais; b) Publica\u00e7\u00f5es de Artista; c) Acervos Art\u00edsticos; d) Curadoria e) Sistemas da Arte<\/p>\n<p><a href=\"http:\/\/lattes.cnpq.br\/7834837062630931\" target=\"_blank\" rel=\"noopener\"><strong>Profa. Dra. Ang\u00e9lica Oliveira Adverse<\/strong><\/a><br \/>\nDepartamento de Desenho EBA\/UFMG<br \/>\nCampo de trabalho:\u00a0a) teoria cr\u00edtica da arte b) filosofia da arte c) est\u00e9tica d) teorias da modernidade d) teoria da moda c) hist\u00f3ria da moda e) teoria do design f) hist\u00f3ria do design g) rela\u00e7\u00f5es interdisciplinares e transdisciplinares entre a arte, a moda e o design.<\/p>\n<p><a href=\"http:\/\/lattes.cnpq.br\/5171993076380836\" target=\"_blank\" rel=\"noopener\"><strong>Prof. Dr. Carlos Henrique Rezende Falci<\/strong><\/a><br \/>\nDepartamento de Fotografia e Cinema da EBA\/UFMG<br \/>\nCampo de Trabalho: a) Modos de exist\u00eancia da mem\u00f3ria em seus diversos dispositivos de externaliza\u00e7\u00e3o; b) po\u00e9ticas e pol\u00edticas da mem\u00f3ria na cria\u00e7\u00e3o art\u00edstica com uso de dispositivos t\u00e9cnicos e\/ou tecnol\u00f3gicos; c) Rela\u00e7\u00f5es entre paisagem, lugar e mem\u00f3ria.<\/p>\n<p><a href=\"http:\/\/lattes.cnpq.br\/4418367597658124\" target=\"_blank\" rel=\"noopener\"><strong>Profa. Dra. Elisa Campos<\/strong><\/a><br \/>\nDepto. de Desenho da\u00a0EBA\/UFMG<br \/>\nCampo de Trabalho:\u00a0a) Laborat\u00f3rios de Estudos e Viv\u00eancias da Espacialidade: cr\u00edtica, curadoria e estrat\u00e9gias art\u00edsticas entre o museu e o espa\u00e7o p\u00fablico; b) O discurso da mat\u00e9ria na Arte Contempor\u00e2nea atrav\u00e9s de apropria\u00e7\u00f5es, grafias e imagens fotogr\u00e1ficas e videogr\u00e1ficas.<\/p>\n<p><strong><a href=\"http:\/\/lattes.cnpq.br\/4417807727351064\" target=\"_blank\" rel=\"noopener\">Prof. Dr. Fabr\u00edcio Jose Fernandino<\/a><\/strong><br \/>\nDepto. de Artes Pl\u00e1sticas da EBA\/UFMG<br \/>\nCampo de trabalho: a) Artes Visuais: Escultura, Instala\u00e7\u00f5es Escult\u00f3ricas, Arte ambiental, V\u00eddeo Instala\u00e7\u00e3o; b) Po\u00e9ticas tecnol\u00f3gicas:.Projetos Tridimensionais interativos; c) Projetos Transdisciplinares: Di\u00e1logos entre Artes, Humanidades e Ci\u00eancia.<\/p>\n<p><a href=\"http:\/\/lattes.cnpq.br\/2390352343721796\" target=\"_blank\" rel=\"noopener\"><strong>Prof. Dr. Marcelo Simon Wasem<\/strong><\/a><br \/>\nDepartamento: Artes Visuais (docente colaborador da Universidade Federal do Sul da Bahia \u2013 UFSB)<br \/>\nCampo de Trabalho: a) po\u00e9ticas colaborativas e processos art\u00edsticos em espa\u00e7os n\u00e3o convencionais, b) pr\u00e1ticas ampliadas do desenho e escultura c) escuta no campo expandido entre sonoridade, radiofonia e ruidologia<\/p>\n<p><a href=\"http:\/\/lattes.cnpq.br\/6187888484795809\" target=\"_blank\" rel=\"noopener\"><strong>Profa. Dra. Maria Ang\u00e9lica Melendi<\/strong><\/a><br \/>\nDepto. de Artes Pl\u00e1sticas da da EBA\/UFMG<br \/>\nCampo de Trabalho: a) Arte Latino-americana; b) arte contempor\u00e2nea, mem\u00f3ria, pol\u00edtica.<\/p>\n<p><a href=\"http:\/\/lattes.cnpq.br\/1612365823765731\" target=\"_blank\" rel=\"noopener\"><strong>Profa. Dra. Maria do Carmo de Freitas Veneroso<\/strong><\/a><br \/>\nDepartamento de Artes Pl\u00e1sticas da EBA\/UFMG<br \/>\nCampo de Trabalho: a) Estudos em arte moderna e contempor\u00e2nea; b) Experi\u00eancias interartes com foco nas rela\u00e7\u00f5es palavra\/imagem; c) Gravura, arte impressa; d) Arquivo, cole\u00e7\u00e3o, fotografia, apropria\u00e7\u00e3o e colagem na arte moderna e contempor\u00e2nea; e) Po\u00e9ticas Visuais.<\/p>\n<p><a href=\"http:\/\/lattes.cnpq.br\/9065267896846482\" target=\"_blank\" rel=\"noopener\"><strong>Profa. Dra.\u00a0Patricia Dias Franca-Huchet<\/strong><\/a><br \/>\nDepartamento de Desenho da EBA\/UFMG<br \/>\nCampo de Trabalho: a) O artista como icon\u00f3grafo; b) imagem (desenho, pintura, fotografia), literatura e fic\u00e7\u00e3o nas artes pl\u00e1sticas e visuais; c) a hist\u00f3ria e a montagem como objeto de estudo art\u00edstico.<\/p>\n<p><a href=\"http:\/\/lattes.cnpq.br\/6923706657904398\" target=\"_blank\" rel=\"noopener\"><strong>Profa. Dra. Patricia Gomes de Azevedo<\/strong><\/a><br \/>\nDepartamento de Fotografia e Cinema da EBA\/UFMG<br \/>\nCampo de Trabalho: a) Po\u00e9ticas visuais em fotografia contempor\u00e2nea; b) performance; c) performance para c\u00e2mera; d) colabora\u00e7\u00e3o em arte; e) estudos de g\u00eanero e fotografia<\/p>\n<p><a href=\"http:\/\/lattes.cnpq.br\/4437860296445521\" target=\"_blank\" rel=\"noopener\"><strong>Profa. Dra. Rachel Cec\u00edlia de Oliveira<\/strong><\/a><br \/>\nDepartamento de Artes Pl\u00e1sticas da EBA\/UFMG<br \/>\nCampo de trabalho : a) Filosofias das artes contempor\u00e2neas, b) Cr\u00edtica das artes c) Interse\u00e7\u00f5es entre cr\u00edtica, teoria, filosofia e hist\u00f3ria das artes d) Arte e descoloniza\u00e7\u00e3o<\/p>\n<p><a href=\"http:\/\/lattes.cnpq.br\/0109457303275046\" target=\"_blank\" rel=\"noopener\"><strong>Profa. Dra. Rita Lages Rodrigues<\/strong><\/a><br \/>\nDepartamento de Artes Pl\u00e1sticas da EBA\/UFMG<br \/>\nCampo de trabalho: a) Hist\u00f3ria da Arte; b) Hist\u00f3ria das Mulheres Artistas; c) Estudos de G\u00eanero e Arte; d) Patrim\u00f4nio Cultural e mem\u00f3ria; e) Arte Urbana e Arte P\u00fablica.<\/p>\n<p><a href=\"http:\/\/lattes.cnpq.br\/1526956020506544\" target=\"_blank\" rel=\"noopener\"><strong>Prof. Dr. Rodrigo Vivas<\/strong><\/a><br \/>\nDepartamento de Artes Pl\u00e1sticas da EBA\/UFMG<br \/>\nCampo de trabalho:\u00a0a) Hist\u00f3ria da Arte brasileira; b) Cr\u00edtica de Arte Brasileira; c) Teoria da Hist\u00f3ria da Arte; d) Cole\u00e7\u00f5es e Museus; e) Curadoria; f) Sal\u00f5es de Arte e crit\u00e9rios de distin\u00e7\u00e3o art\u00edstica.<\/p>\n<p><a href=\"http:\/\/lattes.cnpq.br\/9400245008288091\" target=\"_blank\" rel=\"noopener\"><strong>Prof. Dr. St\u00e9phane Huchet<\/strong><\/a><br \/>\nDepartamento de An\u00e1lise Cr\u00edtica e Hist\u00f3ria da Arquitetura e do Urbanismo, Escola de Arquitetura da UFMG<br \/>\nCampo de Trabalho: a) Hist\u00f3ria e Teoria da Arte e da Arquitetura; b) Rela\u00e7\u00f5es entre Artes Pl\u00e1sticas e Arquitetura, Espa\u00e7o e Experi\u00eancia; c) Filosofia da Arte<\/p>\n<p><a href=\"http:\/\/lattes.cnpq.br\/4227034481540406\" target=\"_blank\" rel=\"noopener\"><strong>Profa. Dra. Yacy-Ara Froner<\/strong><\/a><br \/>\nDepartamento de Artes Pl\u00e1sticas da EBA\/UFMG<br \/>\nCampo de Trabalho: a) Acervos e Cole\u00e7\u00f5es analisados por meio do interst\u00edcio\u00a0dos estudos de Curadoria, Teoria Cr\u00edtica e Hist\u00f3ria da Arte. b) Os campos correlacionados da Hist\u00f3ria da Arte e da Hist\u00f3ria da Arte T\u00e9cnica.<\/p>\n<\/div><\/div><\/div><\/div><\/div><div class=\"vc_col-sm-1 wpb_column vc_column_container\"><div class=\"vc_column-inner\"><div class=\"wpb_wrapper\"><\/div><\/div><\/div><\/div><\/div><\/section>\n","protected":false},"excerpt":{"rendered":"","protected":false},"author":1,"featured_media":0,"parent":2262,"menu_order":0,"comment_status":"closed","ping_status":"closed","template":"","meta":{"footnotes":""},"class_list":["post-8112","page","type-page","status-publish","hentry"],"_links":{"self":[{"href":"https:\/\/ppgartes.eba.ufmg.br\/index.php?rest_route=\/wp\/v2\/pages\/8112","targetHints":{"allow":["GET"]}}],"collection":[{"href":"https:\/\/ppgartes.eba.ufmg.br\/index.php?rest_route=\/wp\/v2\/pages"}],"about":[{"href":"https:\/\/ppgartes.eba.ufmg.br\/index.php?rest_route=\/wp\/v2\/types\/page"}],"author":[{"embeddable":true,"href":"https:\/\/ppgartes.eba.ufmg.br\/index.php?rest_route=\/wp\/v2\/users\/1"}],"replies":[{"embeddable":true,"href":"https:\/\/ppgartes.eba.ufmg.br\/index.php?rest_route=%2Fwp%2Fv2%2Fcomments&post=8112"}],"version-history":[{"count":6,"href":"https:\/\/ppgartes.eba.ufmg.br\/index.php?rest_route=\/wp\/v2\/pages\/8112\/revisions"}],"predecessor-version":[{"id":10298,"href":"https:\/\/ppgartes.eba.ufmg.br\/index.php?rest_route=\/wp\/v2\/pages\/8112\/revisions\/10298"}],"up":[{"embeddable":true,"href":"https:\/\/ppgartes.eba.ufmg.br\/index.php?rest_route=\/wp\/v2\/pages\/2262"}],"wp:attachment":[{"href":"https:\/\/ppgartes.eba.ufmg.br\/index.php?rest_route=%2Fwp%2Fv2%2Fmedia&parent=8112"}],"curies":[{"name":"wp","href":"https:\/\/api.w.org\/{rel}","templated":true}]}}