{"id":8116,"date":"2022-08-07T21:07:59","date_gmt":"2022-08-08T00:07:59","guid":{"rendered":"http:\/\/vvz.com.br\/ufmg\/?page_id=8116"},"modified":"2026-03-07T07:10:58","modified_gmt":"2026-03-07T10:10:58","slug":"cinema","status":"publish","type":"page","link":"https:\/\/ppgartes.eba.ufmg.br\/?page_id=8116","title":{"rendered":"Cinema"},"content":{"rendered":"<section class=\"l-section wpb_row us_custom_a2053579 height_medium with_img with_overlay\"><div class=\"l-section-img\" style=\"background-image: url(https:\/\/ppgartes.eba.ufmg.br\/wp-content\/uploads\/2022\/08\/capa20.jpg);\" data-img-width=\"2000\" data-img-height=\"800\"><\/div><div class=\"l-section-overlay\" style=\"background: rgba(26,26,26,0.20)\"><\/div><div class=\"l-section-h i-cf\"><div class=\"g-cols vc_row type_default valign_top\"><div class=\"vc_col-sm-12 wpb_column vc_column_container\"><div class=\"vc_column-inner\"><div class=\"wpb_wrapper\"><div class=\"w-text us_custom_15798d3e has_text_color\"><span class=\"w-text-h\"><span class=\"w-text-value\">CORPO DOCENTE<\/span><\/span><\/div><\/div><\/div><\/div><\/div><\/div><\/section><section class=\"l-section wpb_row height_medium\"><div class=\"l-section-h i-cf\"><div class=\"g-cols vc_row type_default valign_top\"><div class=\"vc_col-sm-1 wpb_column vc_column_container\"><div class=\"vc_column-inner\"><div class=\"wpb_wrapper\"><\/div><\/div><\/div><div class=\"vc_col-sm-10 wpb_column vc_column_container\"><div class=\"vc_column-inner\"><div class=\"wpb_wrapper\"><div class=\"wpb_text_column\" ><div class=\"wpb_wrapper\"><h3><strong>Cinema<\/strong><\/h3>\n<p><a href=\"http:\/\/lattes.cnpq.br\/3135226803336399\" target=\"_blank\" rel=\"noopener\"><strong>Profa. Dra. Ana L\u00facia Andrade<\/strong><\/a><br \/>\nDepartamento de Fotografia e Cinema da EBA\/UFMG<br \/>\nCampo de Trabalho: a) Linguagem e narrativa cinematogr\u00e1ficas; b) Cinema Cl\u00e1ssico; c) An\u00e1lise f\u00edlmica.<\/p>\n<p><a href=\"http:\/\/lattes.cnpq.br\/0242034435112254\" target=\"_blank\" rel=\"noopener\"><strong>Prof. Dr. Daniel Leal Werneck<\/strong><\/a><br \/>\nDepartamento de Fotografia e Cinema da EBA\/UFMG<br \/>\nCampo de Trabalho: a) Estudos te\u00f3ricos ou pr\u00e1ticos em Cinema &amp; TV; b) rela\u00e7\u00f5es entre cinema e sociedade.<\/p>\n<p><a href=\"http:\/\/lattes.cnpq.br\/9435647910410137\" target=\"_blank\" rel=\"noopener\"><strong>Prof. Dr. Leonardo Alvares Vidigal<\/strong><\/a><br \/>\nDepartamento de Fotografia e Cinema da EBA\/UFMG<br \/>\nCampo de Trabalho: a) Artes; b) Cinema; c) Montagem; d) M\u00fasica Popular, e) Estudos Caribenhos.<\/p>\n<p><a href=\"http:\/\/lattes.cnpq.br\/6941387272802380\" target=\"_blank\" rel=\"noopener\"><strong>Prof. Dr. Luiz Nazario<\/strong><\/a><br \/>\nDepartamento de Fotografia e Cinema da EBA\/UFMG<br \/>\nCampo de Trabalho: a) Cinema e Hist\u00f3ria.<\/p>\n<p><a href=\"http:\/\/lattes.cnpq.br\/2879961697242165\" target=\"_blank\" rel=\"noopener\"><strong>Prof. Dr. Mauricio Silva Gino<\/strong><\/a><br \/>\nDepartamento de Fotografia e Cinema da EBA\/UFMG<br \/>\nCampo de Trabalho: a) Linguagem da Anima\u00e7\u00e3o; b) Cinema document\u00e1rio imersivo; c) Imagem animada na Educa\u00e7\u00e3o e na Divulga\u00e7\u00e3o Cient\u00edfica.<\/p>\n<p><a href=\"http:\/\/lattes.cnpq.br\/1600990603899570\" target=\"_blank\" rel=\"noopener\"><strong>Prof. Dr. Rafael Conde de Resende<\/strong><\/a><br \/>\nDepartamento de Fotografia e Cinema da EBA\/UFMG<br \/>\nCampos de trabalho: a) cinema e outros processos audiovisuais, b) teatro, c) dire\u00e7\u00e3o, roteiro e realiza\u00e7\u00e3o.<\/p>\n<\/div><\/div><\/div><\/div><\/div><div class=\"vc_col-sm-1 wpb_column vc_column_container\"><div class=\"vc_column-inner\"><div class=\"wpb_wrapper\"><\/div><\/div><\/div><\/div><\/div><\/section>\n","protected":false},"excerpt":{"rendered":"","protected":false},"author":1,"featured_media":0,"parent":2262,"menu_order":0,"comment_status":"closed","ping_status":"closed","template":"","meta":{"footnotes":""},"class_list":["post-8116","page","type-page","status-publish","hentry"],"_links":{"self":[{"href":"https:\/\/ppgartes.eba.ufmg.br\/index.php?rest_route=\/wp\/v2\/pages\/8116","targetHints":{"allow":["GET"]}}],"collection":[{"href":"https:\/\/ppgartes.eba.ufmg.br\/index.php?rest_route=\/wp\/v2\/pages"}],"about":[{"href":"https:\/\/ppgartes.eba.ufmg.br\/index.php?rest_route=\/wp\/v2\/types\/page"}],"author":[{"embeddable":true,"href":"https:\/\/ppgartes.eba.ufmg.br\/index.php?rest_route=\/wp\/v2\/users\/1"}],"replies":[{"embeddable":true,"href":"https:\/\/ppgartes.eba.ufmg.br\/index.php?rest_route=%2Fwp%2Fv2%2Fcomments&post=8116"}],"version-history":[{"count":5,"href":"https:\/\/ppgartes.eba.ufmg.br\/index.php?rest_route=\/wp\/v2\/pages\/8116\/revisions"}],"predecessor-version":[{"id":8589,"href":"https:\/\/ppgartes.eba.ufmg.br\/index.php?rest_route=\/wp\/v2\/pages\/8116\/revisions\/8589"}],"up":[{"embeddable":true,"href":"https:\/\/ppgartes.eba.ufmg.br\/index.php?rest_route=\/wp\/v2\/pages\/2262"}],"wp:attachment":[{"href":"https:\/\/ppgartes.eba.ufmg.br\/index.php?rest_route=%2Fwp%2Fv2%2Fmedia&parent=8116"}],"curies":[{"name":"wp","href":"https:\/\/api.w.org\/{rel}","templated":true}]}}