{"id":8128,"date":"2022-08-07T21:48:03","date_gmt":"2022-08-08T00:48:03","guid":{"rendered":"http:\/\/vvz.com.br\/ufmg\/?page_id=8128"},"modified":"2026-03-07T07:10:58","modified_gmt":"2026-03-07T10:10:58","slug":"preservacao-do-patrimonio-cultural","status":"publish","type":"page","link":"https:\/\/ppgartes.eba.ufmg.br\/?page_id=8128","title":{"rendered":"Preserva\u00e7\u00e3o do Patrim\u00f4nio Cultural"},"content":{"rendered":"<section class=\"l-section wpb_row us_custom_a2053579 height_medium with_img with_overlay\"><div class=\"l-section-img\" style=\"background-image: url(https:\/\/ppgartes.eba.ufmg.br\/wp-content\/uploads\/2022\/08\/capa22.jpg);\" data-img-width=\"2000\" data-img-height=\"800\"><\/div><div class=\"l-section-overlay\" style=\"background: rgba(26,26,26,0.25)\"><\/div><div class=\"l-section-h i-cf\"><div class=\"g-cols vc_row type_default valign_top\"><div class=\"vc_col-sm-12 wpb_column vc_column_container\"><div class=\"vc_column-inner\"><div class=\"wpb_wrapper\"><div class=\"w-text us_custom_15798d3e has_text_color\"><span class=\"w-text-h\"><span class=\"w-text-value\">CORPO DOCENTE<\/span><\/span><\/div><\/div><\/div><\/div><\/div><\/div><\/section><section class=\"l-section wpb_row height_medium\"><div class=\"l-section-h i-cf\"><div class=\"g-cols vc_row type_default valign_top\"><div class=\"vc_col-sm-1 wpb_column vc_column_container\"><div class=\"vc_column-inner\"><div class=\"wpb_wrapper\"><\/div><\/div><\/div><div class=\"vc_col-sm-10 wpb_column vc_column_container\"><div class=\"vc_column-inner\"><div class=\"wpb_wrapper\"><div class=\"wpb_text_column\" ><div class=\"wpb_wrapper\"><h3><strong>Preserva\u00e7\u00e3o do Patrim\u00f4nio Cultural<\/strong><\/h3>\n<p><a href=\"http:\/\/lattes.cnpq.br\/9978680564909091\" target=\"_blank\" rel=\"noopener\"><strong>Profa. Dra. Alessandra Rosado<\/strong><\/a><br \/>\nDepartamento de Artes Pl\u00e1sticas da Escola de Belas Artes da UFMG<br \/>\nCampo de Trabalho: a) Hist\u00f3ria da Arte T\u00e9cnica b) An\u00e1lises de t\u00e9cnicas e materiais de escultura em madeira dourada policromada e pintura sobre tela e madeira c) Metodologia de invent\u00e1rio de bens culturais m\u00f3veis e imateriais.<\/p>\n<p><a href=\"http:\/\/lattes.cnpq.br\/9815468658083450\" target=\"_blank\" rel=\"noopener\"><strong>Profa. Dra. Ana Carina Utsch Terra<\/strong><\/a><br \/>\nDepartamento de Artes Pl\u00e1sticas da Escola de Belas Artes da UFMG<\/p>\n<p>Campo de trabalho: a) materialidade dos textos; b) cultura gr\u00e1fica; c) hist\u00f3ria da encaderna\u00e7\u00e3o; d) hist\u00f3ria da edi\u00e7\u00e3o; e) estudos de bibliologia e codicologia; f) pr\u00e1ticas de colecionismo e acervos bibliogr\u00e1ficos; g) conserva\u00e7\u00e3o e restaura\u00e7\u00e3o de documentos gr\u00e1ficos.<\/p>\n<p><strong><a href=\"http:\/\/lattes.cnpq.br\/7052822499655835\" target=\"_blank\" rel=\"noopener\">Prof. Dr. Luiz Ant\u00f4nio Cruz Souza<\/a><\/strong><br \/>\nDepartamento de Artes Pl\u00e1sticas da Escola de Belas Artes da UFMG<br \/>\nCampo de Trabalho: a) Estudo de materiais e t\u00e9cnicas de produ\u00e7\u00e3o de bens culturais, com \u00eanfase em t\u00e9cnicas anal\u00edticas f\u00edsico-qu\u00edmicas; b) Conserva\u00e7\u00e3o Preventiva e Gest\u00e3o de Riscos para a Conserva\u00e7\u00e3o de Bens Culturais; c) Hist\u00f3ria da Arte T\u00e9cnica; d) Ci\u00eancia do Patrim\u00f4nio e An\u00e1lises Materiais em Arqueologia, Paleontologia e Ci\u00eancias Naturais.<\/p>\n<p><a href=\"http:\/\/lattes.cnpq.br\/7780055113926905\" target=\"_blank\" rel=\"noopener\"><strong>Profa. Dra. Magali Melleu Sehn<\/strong><\/a><br \/>\nDepartamento de Artes Pl\u00e1sticas da Escola de Belas Artes da UFMG<br \/>\nCampo de trabalho: Preserva\u00e7\u00e3o da Arte contempor\u00e2nea: inten\u00e7\u00e3o art\u00edstica, processos, conceitos, crit\u00e9rios, novas metodologias e tecnologia de an\u00e1lise para preserva\u00e7\u00e3o, restaura\u00e7\u00e3o, documenta\u00e7\u00e3o e (re)exibi\u00e7\u00e3o.<\/p>\n<p><a href=\"http:\/\/lattes.cnpq.br\/4604705834171688\" target=\"_blank\" rel=\"noopener\"><strong>Profa. Dra. M\u00e1rcia Almada<\/strong><\/a><br \/>\nDepartamento de Artes Pl\u00e1sticas da Escola de Belas Artes da UFMG<br \/>\nCampo de trabalho: a) conserva\u00e7\u00e3o e restaura\u00e7\u00e3o de documentos gr\u00e1ficos; b) hist\u00f3ria da cultura escrita; c) manuscritos iluminados; c) estudos de iconografia; d) valores e tomada de decis\u00f5es na preserva\u00e7\u00e3o do patrim\u00f4nio.<\/p>\n<p><a href=\"http:\/\/lattes.cnpq.br\/1943960329335593\" target=\"_blank\" rel=\"noopener\"><strong>Profa. Dra. Maria Regina Emery Quites<\/strong><\/a><br \/>\nDepartamento de Artes Pl\u00e1sticas da Escola de Belas Artes da UFMG<br \/>\nCampo de Trabalho: a) Escultura policromada: an\u00e1lises t\u00e9cnicas e materiais; b) Escultura policromada: an\u00e1lises formal estil\u00edstica, autorias e atribui\u00e7\u00f5es; c) Escultura Policromada: hist\u00f3ria e hist\u00f3ria da arte; d) Escultura Policromada: crit\u00e9rios, metodologia e t\u00e9cnicas usadas na conserva\u00e7\u00e3o-restaura\u00e7\u00e3o<\/p>\n<p><a href=\"http:\/\/lattes.cnpq.br\/4227034481540406\" target=\"_blank\" rel=\"noopener\"><strong>Profa. Dra. Yacy-Ara Froner<\/strong><\/a><br \/>\nDepartamento de Artes Pl\u00e1sticas da Escola de Belas Artes da UFMG<br \/>\nCampo de Trabalho:\u00a0a) Gest\u00e3o de Acervos e Cole\u00e7\u00f5es estruturado por meio do interst\u00edcio dos estudos de Curadoria, Teoria Cr\u00edtica e Hist\u00f3ria da Arte, incluindo Estudos Culturais e Cole\u00e7\u00f5es Cient\u00edficas, a partir de princ\u00edpios de Conserva\u00e7\u00e3o Preventiva, focado em Protocolos de Documenta\u00e7\u00e3o, Organiza\u00e7\u00e3o F\u00edsica, Planejamento, Gest\u00e3o de Riscos e Sustentabilidade. b) Fundamentos da Ci\u00eancia da Conserva\u00e7\u00e3o e da Ci\u00eancia do Patrim\u00f4nio, enquanto campo metodol\u00f3gico e epistemol\u00f3gico.<\/p>\n<p><a href=\"http:\/\/lattes.cnpq.br\/1965309200847602\" target=\"_blank\" rel=\"noopener\"><strong>Prof. Dr. Willi de Barros Gon\u00e7alves\u00a0<\/strong><\/a><br \/>\nDepartamento de Artes Pl\u00e1sticas da Escola de Belas Artes da UFMG<br \/>\nCampo de Trabalho: a) Conforto e Adequa\u00e7\u00e3o Ambiental: ensino, pesquisa e consultoria; b) conserva\u00e7\u00e3o preventiva de bens culturais; c) gerenciamento ambiental de cole\u00e7\u00f5es; d) gerenciamento de riscos ao Patrim\u00f4nio Cultural; e) conforto ambiental; f) planejamento e projeto de arquitetura de museus, bibliotecas e arquivos; g) efici\u00eancia energ\u00e9tica, arquitetura bioclim\u00e1tica e materiais de constru\u00e7\u00e3o.<\/p>\n<\/div><\/div><\/div><\/div><\/div><div class=\"vc_col-sm-1 wpb_column vc_column_container\"><div class=\"vc_column-inner\"><div class=\"wpb_wrapper\"><\/div><\/div><\/div><\/div><\/div><\/section>\n","protected":false},"excerpt":{"rendered":"","protected":false},"author":1,"featured_media":0,"parent":2262,"menu_order":0,"comment_status":"closed","ping_status":"closed","template":"","meta":{"footnotes":""},"class_list":["post-8128","page","type-page","status-publish","hentry"],"_links":{"self":[{"href":"https:\/\/ppgartes.eba.ufmg.br\/index.php?rest_route=\/wp\/v2\/pages\/8128","targetHints":{"allow":["GET"]}}],"collection":[{"href":"https:\/\/ppgartes.eba.ufmg.br\/index.php?rest_route=\/wp\/v2\/pages"}],"about":[{"href":"https:\/\/ppgartes.eba.ufmg.br\/index.php?rest_route=\/wp\/v2\/types\/page"}],"author":[{"embeddable":true,"href":"https:\/\/ppgartes.eba.ufmg.br\/index.php?rest_route=\/wp\/v2\/users\/1"}],"replies":[{"embeddable":true,"href":"https:\/\/ppgartes.eba.ufmg.br\/index.php?rest_route=%2Fwp%2Fv2%2Fcomments&post=8128"}],"version-history":[{"count":5,"href":"https:\/\/ppgartes.eba.ufmg.br\/index.php?rest_route=\/wp\/v2\/pages\/8128\/revisions"}],"predecessor-version":[{"id":8998,"href":"https:\/\/ppgartes.eba.ufmg.br\/index.php?rest_route=\/wp\/v2\/pages\/8128\/revisions\/8998"}],"up":[{"embeddable":true,"href":"https:\/\/ppgartes.eba.ufmg.br\/index.php?rest_route=\/wp\/v2\/pages\/2262"}],"wp:attachment":[{"href":"https:\/\/ppgartes.eba.ufmg.br\/index.php?rest_route=%2Fwp%2Fv2%2Fmedia&parent=8128"}],"curies":[{"name":"wp","href":"https:\/\/api.w.org\/{rel}","templated":true}]}}