{"id":8219,"date":"2022-08-14T20:10:55","date_gmt":"2022-08-14T23:10:55","guid":{"rendered":"http:\/\/vvz.com.br\/ufmg\/?page_id=8219"},"modified":"2024-04-23T12:17:48","modified_gmt":"2024-04-23T15:17:48","slug":"instrucoes-para-marcacao-de-bancas-e-formatacao-de-teses-e-dissertacoes","status":"publish","type":"page","link":"https:\/\/ppgartes.eba.ufmg.br\/?page_id=8219","title":{"rendered":"Instru\u00e7\u00f5es para marca\u00e7\u00e3o de bancas e formata\u00e7\u00e3o de teses e disserta\u00e7\u00f5es"},"content":{"rendered":"<section class=\"l-section wpb_row us_custom_a2053579 height_medium with_img with_overlay\"><div class=\"l-section-img\" style=\"background-image: url(https:\/\/ppgartes.eba.ufmg.br\/wp-content\/uploads\/2022\/08\/capa11.jpg);background-position: top center;\" data-img-width=\"2000\" data-img-height=\"800\"><\/div><div class=\"l-section-overlay\" style=\"background: rgba(26,26,26,0.20)\"><\/div><div class=\"l-section-h i-cf\"><div class=\"g-cols vc_row type_default valign_top\"><div class=\"vc_col-sm-12 wpb_column vc_column_container\"><div class=\"vc_column-inner\"><div class=\"wpb_wrapper\"><div class=\"w-text us_custom_15798d3e has_text_color\"><span class=\"w-text-h\"><span class=\"w-text-value\">VIDA DISCENTE<\/span><\/span><\/div><\/div><\/div><\/div><\/div><\/div><\/section><section class=\"l-section wpb_row height_medium\"><div class=\"l-section-h i-cf\"><div class=\"g-cols vc_row type_default valign_top\"><div class=\"vc_col-sm-1 wpb_column vc_column_container\"><div class=\"vc_column-inner\"><div class=\"wpb_wrapper\"><\/div><\/div><\/div><div class=\"vc_col-sm-10 wpb_column vc_column_container\"><div class=\"vc_column-inner\"><div class=\"wpb_wrapper\"><div class=\"wpb_text_column\" ><div class=\"wpb_wrapper\"><h3><strong>Instru\u00e7\u00f5es para marca\u00e7\u00e3o de bancas e formata\u00e7\u00e3o de teses e disserta\u00e7\u00f5es<\/strong><\/h3>\n<p><strong>Protocolo para marca\u00e7\u00e3o e realiza\u00e7\u00e3o de bancas<\/strong><br \/>\n<a href=\"https:\/\/ppgartes.eba.ufmg.br\/wp-content\/uploads\/2022\/06\/Protocolo-para-realizac%CC%A7a%CC%83o-de-banca-a-partir-de-maio-2022-PPGARTES.pdf\">Protocolo para realizac\u0327a\u0303o de banca a partir de maio 2022 PPGARTES<\/a><\/p>\n<p><strong>Instru\u00e7\u00f5es para marca\u00e7\u00e3o de Bancas no Sistema Acad\u00eamico<\/strong><\/p>\n<ul>\n<li><a href=\"https:\/\/ppgartes.eba.ufmg.br\/wp-content\/uploads\/2013\/04\/INSTRUCOES-PARA-MARCACAO-DE-BANCAS-NO-SISTEMA-ACADEMICO.pdf\">Instru\u00e7\u00f5es para marca\u00e7\u00e3o de Bancas no Sistema Acad\u00eamico<\/a><\/li>\n<\/ul>\n<p><strong>Orienta\u00e7\u00f5es formais para Disserta\u00e7\u00e3o ou Tese<\/strong><\/p>\n<ul>\n<li><a href=\"https:\/\/ppgartes.eba.ufmg.br\/wp-content\/uploads\/2024\/04\/Diretrizes-para-normalizacao-de-trabalhos-academicos-da-UFMG.pdf\">Diretrizes para normalizacao de trabalhos academicos da UFMG<\/a><\/li>\n<li><a href=\"https:\/\/ppgartes.eba.ufmg.br\/wp-content\/uploads\/2023\/08\/Orientacoes-quanto-a-formacao-do-trabalho-academico.pdf\">Orienta\u00e7\u00f5es quanto \u00e0 forma\u00e7\u00e3o do trabalho acad\u00eamico<\/a><\/li>\n<li><a href=\"https:\/\/ppgartes.eba.ufmg.br\/wp-content\/uploads\/2023\/08\/Modelo-Template-DISSERTACAO.doc\">Modelo Template &#8211; DISSERTA\u00c7\u00c3O<\/a><\/li>\n<li><a href=\"https:\/\/ppgartes.eba.ufmg.br\/wp-content\/uploads\/2023\/08\/Modelo-Template-TESE.doc\">Modelo Template &#8211; TESE<\/a><\/li>\n<\/ul>\n<\/div><\/div><\/div><\/div><\/div><div class=\"vc_col-sm-1 wpb_column vc_column_container\"><div class=\"vc_column-inner\"><div class=\"wpb_wrapper\"><\/div><\/div><\/div><\/div><\/div><\/section>\n","protected":false},"excerpt":{"rendered":"","protected":false},"author":1,"featured_media":0,"parent":8217,"menu_order":0,"comment_status":"closed","ping_status":"closed","template":"","meta":{"footnotes":""},"class_list":["post-8219","page","type-page","status-publish","hentry"],"_links":{"self":[{"href":"https:\/\/ppgartes.eba.ufmg.br\/index.php?rest_route=\/wp\/v2\/pages\/8219","targetHints":{"allow":["GET"]}}],"collection":[{"href":"https:\/\/ppgartes.eba.ufmg.br\/index.php?rest_route=\/wp\/v2\/pages"}],"about":[{"href":"https:\/\/ppgartes.eba.ufmg.br\/index.php?rest_route=\/wp\/v2\/types\/page"}],"author":[{"embeddable":true,"href":"https:\/\/ppgartes.eba.ufmg.br\/index.php?rest_route=\/wp\/v2\/users\/1"}],"replies":[{"embeddable":true,"href":"https:\/\/ppgartes.eba.ufmg.br\/index.php?rest_route=%2Fwp%2Fv2%2Fcomments&post=8219"}],"version-history":[{"count":5,"href":"https:\/\/ppgartes.eba.ufmg.br\/index.php?rest_route=\/wp\/v2\/pages\/8219\/revisions"}],"predecessor-version":[{"id":9204,"href":"https:\/\/ppgartes.eba.ufmg.br\/index.php?rest_route=\/wp\/v2\/pages\/8219\/revisions\/9204"}],"up":[{"embeddable":true,"href":"https:\/\/ppgartes.eba.ufmg.br\/index.php?rest_route=\/wp\/v2\/pages\/8217"}],"wp:attachment":[{"href":"https:\/\/ppgartes.eba.ufmg.br\/index.php?rest_route=%2Fwp%2Fv2%2Fmedia&parent=8219"}],"curies":[{"name":"wp","href":"https:\/\/api.w.org\/{rel}","templated":true}]}}