{"id":8272,"date":"2022-08-23T23:20:29","date_gmt":"2022-08-24T02:20:29","guid":{"rendered":"http:\/\/vvz.com.br\/ufmg\/?page_id=8272"},"modified":"2025-08-21T16:05:53","modified_gmt":"2025-08-21T19:05:53","slug":"diplomas-e-declaracoes-de-conclusao-de-curso","status":"publish","type":"page","link":"https:\/\/ppgartes.eba.ufmg.br\/?page_id=8272","title":{"rendered":"Diploma e Declara\u00e7\u00e3o de Conclus\u00e3o de Curso"},"content":{"rendered":"<section class=\"l-section wpb_row us_custom_a2053579 height_medium with_img\"><div class=\"l-section-img\" style=\"background-image: url(https:\/\/ppgartes.eba.ufmg.br\/wp-content\/uploads\/2022\/08\/capa11.jpg);\" data-img-width=\"2000\" data-img-height=\"800\"><\/div><div class=\"l-section-h i-cf\"><div class=\"g-cols vc_row type_default valign_top\"><div class=\"vc_col-sm-12 wpb_column vc_column_container\"><div class=\"vc_column-inner\"><div class=\"wpb_wrapper\"><div class=\"w-text us_custom_15798d3e has_text_color\"><span class=\"w-text-h\"><span class=\"w-text-value\">VIDA DISCENTE<\/span><\/span><\/div><\/div><\/div><\/div><\/div><\/div><\/section><section class=\"l-section wpb_row height_medium\"><div class=\"l-section-h i-cf\"><div class=\"g-cols vc_row type_default valign_top\"><div class=\"vc_col-sm-12 wpb_column vc_column_container\"><div class=\"vc_column-inner\"><div class=\"wpb_wrapper\"><div class=\"wpb_text_column\" ><div class=\"wpb_wrapper\"><p><section class=\"l-section wpb_row height_medium\"><div class=\"l-section-h i-cf\"><div class=\"g-cols vc_row type_default valign_top\"><\/div><\/div><\/section><div class=\"vc_col-sm-12 wpb_column vc_column_container\"><div class=\"vc_column-inner\"><div class=\"wpb_wrapper\"><\/div><\/div><\/div><div class=\"wpb_text_column\" ><div class=\"wpb_wrapper\"><\/div><\/div><\/p>\n<p lang=\"pt-PT\" align=\"center\"><span style=\"font-size: large;\"><b><span style=\"color: #731b46;\"><span style=\"font-size: medium;\">INFORMA\u00c7\u00d5ES<\/span><\/span> <span style=\"color: #731b46;\"><span style=\"font-size: medium;\">P\u00d3S-BANCA<\/span><\/span><\/b><\/span><\/p>\n<p class=\"western\" lang=\"pt-PT\" align=\"center\"><strong><span style=\"font-size: medium;\">EMISS\u00c3O DE DIPLOMAS E DECLARA\u00c7\u00c3O<\/span> <span style=\"font-size: medium;\">DE<\/span> <span style=\"font-size: medium;\">CONCLUS\u00c3O<\/span> <span style=\"font-size: medium;\">DE<\/span> <span style=\"font-size: medium;\">CURSO<\/span><\/strong><\/p>\n<p class=\"western\" lang=\"pt-PT\" style=\"text-align: left;\" align=\"center\"><strong><span style=\"font-size: medium;\">Ap\u00f3s<\/span> <span style=\"font-size: medium;\">a<\/span> <span style=\"font-size: medium;\">defesa<\/span> <span style=\"font-size: medium;\">da<\/span> <span style=\"font-size: medium;\">Disserta\u00e7\u00e3o<\/span> <span style=\"font-size: medium;\">ou<\/span> T<span style=\"font-size: medium;\">ese<\/span><\/strong><\/p>\n<p class=\"western\" lang=\"pt-PT\" align=\"justify\"><span style=\"font-size: medium;\">O<\/span> <span style=\"font-size: medium;\">estudante <\/span><span style=\"font-size: medium;\">ter\u00e1<\/span> <span style=\"font-size: medium;\">at\u00e9<\/span> <span style=\"font-size: medium;\">sessenta<\/span> <span style=\"font-size: medium;\">dias<\/span> <span style=\"font-size: medium;\">para<\/span> <span style=\"font-size: medium;\">proceder<\/span> <span style=\"font-size: medium;\">a revis\u00e3o do trabalho com a anu\u00eancia da orienta\u00e7\u00e3o. <\/span><\/p>\n<p class=\"western\" lang=\"pt-PT\" align=\"justify\"><span style=\"font-size: medium;\">Com a vers\u00e3o final aceita pela<\/span> <span style=\"font-size: medium;\">orienta\u00e7\u00e3o,<\/span> <span style=\"font-size: medium;\">dever\u00e1:<\/span><\/p>\n<ul>\n<li>\n<p lang=\"pt-PT\" align=\"justify\"><span style=\"font-size: small;\"><span style=\"font-size: medium;\">Solicitar a emiss\u00e3o da Ficha Catalogr\u00e1fica pela Biblioteca da EBA pelo e-mail <\/span><\/span><span style=\"font-size: small; color: #000080;\"><span lang=\"zxx\"><u><a href=\"mailto:bib-trabalhoacademico@eba.ufmg.br\"><span style=\"font-size: medium;\">bib-trabalhoacademico@eba.ufmg.br<\/span><\/a><\/u><\/span><\/span><span style=\"font-size: medium;\"><a href=\"mailto:trabalhoacademico@eba.ufmg.br\">.<\/a> A solicita\u00e7\u00e3o deve ser preenchida a partir de<\/span> <span style=\"font-size: medium;\">instru\u00e7\u00f5es fornecidas pela Biblioteca na <\/span><span style=\"font-size: medium;\">p\u00e1gina <\/span><span style=\"font-size: small; color: #000080;\"><span lang=\"zxx\"><u><a href=\"https:\/\/eba.ufmg.br\/bibliobelas\/index.php\/servicos\/orientacao-de-norm7alizacao-bibliografica\/\"><span style=\"color: #0000ff;\">https:\/\/eba.ufmg.br\/bibliobelas\/index.php\/servicos\/orientacao-de-norm7alizacao-bibliografica\/<\/span><\/a><\/u><\/span><\/span><span style=\"font-size: medium;\"> , a ficha \u00e9 apenas para inser\u00e7\u00e3o no arquivo da Disserta\u00e7\u00e3o\/Tese.<\/span> <span style=\"font-size: medium;\">N\u00e3o \u00e9 necess\u00e1rio entreg\u00e1-la separadamente. Fichas catalogr\u00e1ficas n\u00e3o emitidas<\/span> <span style=\"font-size: medium;\">pela<\/span> <span style=\"font-size: medium;\">Biblioteca da Belas Artes<\/span> <span style=\"font-size: medium;\">n\u00e3o ser\u00e3o aceitas.<\/span><\/p>\n<\/li>\n<\/ul>\n<ul>\n<li>\n<p lang=\"pt-PT\" align=\"justify\"><span style=\"font-size: small;\"><span style=\"font-size: medium;\">Solicitar<\/span><span style=\"font-size: medium;\"> \u00e0 <\/span><span style=\"font-size: medium;\">Secretaria<\/span> <span style=\"font-size: medium;\">a<\/span> <span style=\"font-size: medium;\">folha<\/span> <span style=\"font-size: medium;\">de<\/span> <span style=\"font-size: medium;\">aprova\u00e7\u00e3o<\/span> <span style=\"font-size: medium;\">devidamente<\/span> <span style=\"font-size: medium;\">assinada. Tal documento dever\u00e1 ser inserido no arquivo final da<\/span> <span style=\"font-size: medium;\">tese\/disserta\u00e7\u00e3o.<\/span><\/span><\/p>\n<\/li>\n<li>A vers\u00e3o final do arquivo encaminhada para a Biblioteca Digital dever\u00e1 ser <span style=\"font-size: medium;\">enviada tamb\u00e9m para a Secretaria atrav\u00e9s do email: ppgartes-administrativo@eba.ufmg.br. Tal documento ser\u00e1 utilizado para envio a Capes.<\/span><\/li>\n<\/ul>\n<h1 class=\"western\" lang=\"pt-PT\" align=\"justify\"><span style=\"font-size: medium;\">Da<\/span> <span style=\"font-size: medium;\">Documenta\u00e7\u00e3o<\/span> <span style=\"font-size: medium;\">para<\/span> <span style=\"font-size: medium;\">Requerer<\/span> <span style=\"font-size: medium;\">o<\/span> <span style=\"font-size: medium;\">Diploma e a Declara\u00e7\u00e3o<\/span> <span style=\"font-size: medium;\">de<\/span> <span style=\"font-size: medium;\">Conclus\u00e3o<\/span> <span style=\"font-size: medium;\">de<\/span> <span style=\"font-size: medium;\">Curso:<\/span><\/h1>\n<p class=\"western\" lang=\"pt-PT\" align=\"justify\">Para requerer o Diploma, o estudante deve realizar o upload do Trabalho Acad\u00eamico no site do Reposit\u00f3rio da UFMG. Instru\u00e7\u00f5es dispon\u00edveis em<br \/>\nhttps:\/\/repositorio.ufmg.br\/custom\/instructions.jsp, a saber:<\/p>\n<p class=\"western\" lang=\"pt-PT\" align=\"justify\">&#8211; Link para o novo tutorial em v\u00eddeo: https:\/\/youtu.be\/Bd8YPRWfLa0<\/p>\n<p class=\"western\" lang=\"pt-PT\" align=\"justify\">&#8211; Arquivo de novo tutorial em pdf:<br \/>\nhttps:\/\/repositorio.ufmg.br\/static\/politica\/tutorial-de-autoarquivamento-trabalhos-academicos.pdf<\/p>\n<p class=\"western\" lang=\"pt-PT\" align=\"justify\">&#8211; Link para solicita\u00e7\u00e3o de cadastro como usu\u00e1rio externo SEI:<br \/>\nhttps:\/\/sei.ufmg.br\/sei\/controlador_externo.php?acao=usuario_externo_logar&amp;id_orgao_acesso_externo=0<\/p>\n<p class=\"western\" lang=\"pt-PT\" align=\"justify\">Obs:copiar os links e abrir em qualquer navegador.<\/p>\n<p class=\"western\" lang=\"pt-PT\" style=\"text-align: left;\" align=\"justify\">1. Para que o aluno fa\u00e7a o dep\u00f3sito do trabalho no Reposit\u00f3rio, ele precisar\u00e1 realizar cadastro como <strong>usu\u00e1rio externo SEI<\/strong>. Ap\u00f3s o cadastro o aluno dever\u00e1 acessar o SEI e selecionar a op\u00e7\u00e3o <strong>Peticionamento<\/strong> &gt; Processo Novo.<br \/>\n2. O processo SEI gerado pelo aluno ser\u00e1 enviado automaticamente para o Reposit\u00f3rio e a equipe da BU remeter\u00e1 o processo \u00e0 unidade SEI da secretaria.<br \/>\n3. Ao receber o processo, a secretaria deve inserir &#8220;Documento Novo&#8221; do tipo <strong>Declara\u00e7\u00e3o Vers\u00e3o Final de Trabalho ao Reposit\u00f3rio<\/strong>, editar os dados e recolher a<br \/>\nassinatura do orientador. Na sequ\u00eancia, o processo dever\u00e1 ser enviado pela secretaria ao setor do Reposit\u00f3rio<strong> exclusivamente na unidade BU-BIU<\/strong>.<\/p>\n<p class=\"western\" lang=\"pt-PT\" align=\"justify\"><span style=\"font-size: medium;\">Ap\u00f3s a an\u00e1lise da tese ou disserta\u00e7\u00e3o, a BU (Biblioteca Universit\u00e1ria) emitir\u00e1 a<\/span> <span style=\"font-size: medium;\">declara\u00e7\u00e3o<\/span> <span style=\"font-size: medium;\">atestando<\/span> <span style=\"font-size: medium;\">o<\/span> <span style=\"font-size: medium;\">upload<\/span> <span style=\"font-size: medium;\">do<\/span> <span style=\"font-size: medium;\">arquivo<\/span> <span style=\"font-size: medium;\">no<\/span> <span style=\"font-size: medium;\">reposit\u00f3rio<\/span> <span style=\"font-size: medium;\">digital<\/span> <span style=\"font-size: medium;\">da<\/span> <span style=\"font-size: medium;\">UFMG.<\/span> <span style=\"font-size: medium;\">O<\/span> <span style=\"font-size: medium;\">processo<\/span> <span style=\"font-size: medium;\">leva algumas semanas e podem ser solicitadas corre\u00e7\u00f5es diretamente ao estudante,<\/span> <span style=\"font-size: medium;\">atrav\u00e9s<\/span> <span style=\"font-size: medium;\">do<\/span> <span style=\"font-size: medium;\">email<\/span> <span style=\"font-size: medium;\">informado.<\/span> <span style=\"font-size: medium;\">Somente<\/span> <span style=\"font-size: medium;\">ap\u00f3s<\/span> <span style=\"font-size: medium;\">realizadas<\/span> <span style=\"font-size: medium;\">todas<\/span> <span style=\"font-size: medium;\">as<\/span> <span style=\"font-size: medium;\">corre\u00e7\u00f5es<\/span> <span style=\"font-size: medium;\">apontadas,<\/span> <span style=\"font-size: medium;\">a<\/span> <span style=\"font-size: medium;\">declara\u00e7\u00e3o<\/span> <span style=\"font-size: medium;\">ser\u00e1 emitida.<\/span><\/p>\n<p class=\"western\" lang=\"pt-PT\" align=\"justify\"><span style=\"font-size: medium;\">Ap\u00f3s a emiss\u00e3o da declara\u00e7\u00e3o do Reposit\u00f3rio UFMG do recebimento do trabalho, o<\/span> <span style=\"font-size: medium;\">estudante dever\u00e1 iniciar o requerimento do Diploma no PPG Artes apresentando os<\/span> <span style=\"font-size: medium;\">seguintes documentos<\/span> <span style=\"font-size: medium;\">digitalizados em<\/span> <span style=\"font-size: medium;\">pdf.<\/span><\/p>\n<ul>\n<li>\n<p lang=\"pt-PT\" align=\"justify\"><span style=\"font-size: small;\"><span style=\"font-size: medium;\">Arquivo<\/span> <span style=\"font-size: medium;\">digitalizado<\/span> <span style=\"font-size: medium;\">da<\/span> <span style=\"font-size: medium;\">declara\u00e7\u00e3o<\/span> <span style=\"font-size: medium;\">de<\/span> <span style=\"font-size: medium;\">entrega<\/span> <span style=\"font-size: medium;\">da<\/span> <span style=\"font-size: medium;\">vers\u00e3o<\/span> <span style=\"font-size: medium;\">final<\/span> <span style=\"font-size: medium;\">de<\/span> <span style=\"font-size: medium;\">trabalhos<\/span> <span style=\"font-size: medium;\">acad\u00eamicos<\/span> <span style=\"font-size: medium;\">(tese<\/span> <span style=\"font-size: medium;\">ou<\/span> <span style=\"font-size: medium;\">disserta\u00e7\u00e3o)<\/span> <span style=\"font-size: medium;\">emitida<\/span> <span style=\"font-size: medium;\">pelo<\/span> <span style=\"font-size: medium;\">Reposit\u00f3rio<\/span> <span style=\"font-size: medium;\">Institucional<\/span> <span style=\"font-size: medium;\">da<\/span> <span style=\"font-size: medium;\">UFMG<\/span> <span style=\"font-size: medium;\">solicitado<\/span> <span style=\"font-size: medium;\">pelo<\/span> <span style=\"font-size: medium;\">e-mail: repositorio-trabacad@servicos.ufmg.br;<\/span><\/span><\/p>\n<\/li>\n<li>\n<p lang=\"pt-PT\" align=\"left\"><span style=\"font-size: small;\"><span style=\"color: #333333;\"><span style=\"font-size: medium;\">Nada<\/span><\/span> <span style=\"color: #333333;\"><span style=\"font-size: medium;\">Consta<\/span><\/span> <span style=\"color: #333333;\"><span style=\"font-size: medium;\">da<\/span><\/span> <span style=\"color: #333333;\"><span style=\"font-size: medium;\">Biblioteca<\/span><\/span> <span style=\"color: #333333;\"><span style=\"font-size: medium;\">da<\/span><\/span> <span style=\"color: #333333;\"><span style=\"font-size: medium;\">EBA<\/span><\/span> <span style=\"color: #333333;\"><span style=\"font-size: medium;\">solicitado<\/span><\/span> <span style=\"color: #333333;\"><span style=\"font-size: medium;\">pelo<\/span><\/span> <span style=\"color: #333333;\"><span style=\"font-size: medium;\">e-mail <\/span><\/span><\/span><span style=\"font-size: small; color: #000080;\"><span lang=\"zxx\"><u><a href=\"mailto:bib-referencia@eba.ufmg.br\"><span style=\"color: #044673;\"><span style=\"font-size: medium;\">bib-referencia@eba.ufmg.br<\/span><\/span><\/a><\/u><\/span><\/span> <span style=\"font-size: medium;\">;<\/span><\/p>\n<\/li>\n<\/ul>\n<ul>\n<li>\n<p lang=\"pt-PT\" align=\"justify\"><span style=\"font-size: small;\"><span style=\"font-size: medium;\">Arquivo<\/span> <span style=\"font-size: medium;\">digitalizado<\/span> <span style=\"font-size: medium;\">(frente<\/span> <span style=\"font-size: medium;\">e<\/span> <span style=\"font-size: medium;\">verso)<\/span> <span style=\"font-size: medium;\">do<\/span> <span style=\"font-size: medium;\">Diploma<\/span> <span style=\"font-size: medium;\">de<\/span> <span style=\"font-size: medium;\">Gradua\u00e7\u00e3o<\/span> <span style=\"font-size: medium;\">(leg\u00edvel);<\/span><\/span><\/p>\n<\/li>\n<li>\n<p lang=\"pt-PT\" align=\"justify\"><span style=\"font-size: small;\"><span style=\"font-size: medium;\">Arquivo<\/span> <span style=\"font-size: medium;\">digitalizado<\/span> <span style=\"font-size: medium;\">da<\/span> <span style=\"font-size: medium;\">Certid\u00e3o<\/span> <span style=\"font-size: medium;\">de<\/span> <span style=\"font-size: medium;\">Nascimento,<\/span> <span style=\"font-size: medium;\">Casamento<\/span> <span style=\"font-size: medium;\">ou<\/span> <span style=\"font-size: medium;\">Uni\u00e3o<\/span> <span style=\"font-size: medium;\">Est\u00e1vel<\/span> <span style=\"font-size: medium;\">(leg\u00edvel);<\/span><\/span><\/p>\n<\/li>\n<li>\n<p lang=\"pt-PT\" align=\"justify\"><span style=\"font-size: small;\"><span style=\"font-size: medium;\">Arquivo<\/span> <span style=\"font-size: medium;\">digitalizado<\/span> <span style=\"font-size: medium;\">da<\/span> <span style=\"font-size: medium;\">Carteira<\/span> <span style=\"font-size: medium;\">de<\/span> <span style=\"font-size: medium;\">Identidade<\/span> <span style=\"font-size: medium;\">frente<\/span> <span style=\"font-size: medium;\">e<\/span> <span style=\"font-size: medium;\">verso<\/span> <span style=\"font-size: medium;\">(leg\u00edvel);<\/span><\/span><\/p>\n<\/li>\n<li>Em caso de pedido de prioridade, anexar o formul\u00e1rio abaixo e comprovante da justificativa da prioridade.<\/li>\n<\/ul>\n<p lang=\"pt-PT\" align=\"justify\"><a href=\"https:\/\/ppgartes.eba.ufmg.br\/wp-content\/uploads\/2025\/08\/REQUERIMENTO-DE-REGISTRO-DE-DIPLOMA-EM-CARATER-PRIORITARIO.pdf\">REQUERIMENTO-DE-REGISTRO-DE-DIPLOMA-EM-CARATER-PRIORITARIO<\/a><\/p>\n<p lang=\"pt-PT\" align=\"justify\"><span style=\"font-size: small;\"><span style=\"color: #000000;\"><span style=\"font-size: medium;\"><span lang=\"pt-PT\">N\u00e3o ser\u00e1 emitida Declara\u00e7\u00e3o de Conclus\u00e3o de Curso sem o envio dos itens mencionados acima.<\/span><\/span><\/span> <span style=\"font-size: medium;\">O<\/span> <span style=\"font-size: medium;\">prazo<\/span> <span style=\"font-size: medium;\">para<\/span> <span style=\"font-size: medium;\">emiss\u00e3o<\/span> <span style=\"font-size: medium;\">da<\/span> <span style=\"font-size: medium;\">Declara\u00e7\u00e3o<\/span> <span style=\"font-size: medium;\">\u00e9<\/span> <span style=\"font-size: medium;\">de<\/span> <span style=\"font-size: medium;\">10<\/span> <span style=\"font-size: medium;\">dias<\/span> <span style=\"font-size: medium;\">corridos.<\/span><\/span><\/p>\n<p class=\"western\" lang=\"pt-PT\" align=\"justify\"><span style=\"font-size: medium;\">O<\/span> <span style=\"font-size: medium;\">Diploma<\/span> <span style=\"font-size: medium;\">\u00e9<\/span> <span style=\"font-size: medium;\">emitido<\/span> <span style=\"font-size: medium;\">pela<\/span> <span style=\"font-size: medium;\">Pr\u00f3-reitoria<\/span> <span style=\"font-size: medium;\">de<\/span> <span style=\"font-size: medium;\">P\u00f3s-gradua\u00e7\u00e3o<\/span> <span style=\"font-size: medium;\">e<\/span> <span style=\"font-size: medium;\">o<\/span> <span style=\"font-size: medium;\">PPG<\/span> <span style=\"font-size: medium;\">Artes<\/span> <span style=\"font-size: medium;\">n\u00e3o<\/span> <span style=\"font-size: medium;\">tem<\/span> <span style=\"font-size: medium;\">ger\u00eancia<\/span> <span style=\"font-size: medium;\">sobre<\/span> <span style=\"font-size: medium;\">os<\/span> <span style=\"font-size: medium;\">prazos<\/span> <span style=\"font-size: medium;\">da<\/span> <span style=\"font-size: medium;\">emiss\u00e3o<\/span> <span style=\"font-size: medium;\">do<\/span> <span style=\"font-size: medium;\">diploma,<\/span> <span style=\"font-size: medium;\">fazendo<\/span> <span style=\"font-size: medium;\">apenas<\/span> <span style=\"font-size: medium;\">o<\/span> <span style=\"font-size: medium;\">encaminhamento<\/span> <span style=\"font-size: medium;\">da<\/span> <span style=\"font-size: medium;\">documenta\u00e7\u00e3o<\/span> <span style=\"font-size: medium;\">necess\u00e1ria e seu acompanhamento.<\/span><\/p>\n<\/div><\/div><\/div><\/div><\/div><\/div><\/div><\/section>\n","protected":false},"excerpt":{"rendered":"","protected":false},"author":1,"featured_media":0,"parent":8217,"menu_order":0,"comment_status":"closed","ping_status":"closed","template":"","meta":{"footnotes":""},"class_list":["post-8272","page","type-page","status-publish","hentry"],"_links":{"self":[{"href":"https:\/\/ppgartes.eba.ufmg.br\/index.php?rest_route=\/wp\/v2\/pages\/8272","targetHints":{"allow":["GET"]}}],"collection":[{"href":"https:\/\/ppgartes.eba.ufmg.br\/index.php?rest_route=\/wp\/v2\/pages"}],"about":[{"href":"https:\/\/ppgartes.eba.ufmg.br\/index.php?rest_route=\/wp\/v2\/types\/page"}],"author":[{"embeddable":true,"href":"https:\/\/ppgartes.eba.ufmg.br\/index.php?rest_route=\/wp\/v2\/users\/1"}],"replies":[{"embeddable":true,"href":"https:\/\/ppgartes.eba.ufmg.br\/index.php?rest_route=%2Fwp%2Fv2%2Fcomments&post=8272"}],"version-history":[{"count":5,"href":"https:\/\/ppgartes.eba.ufmg.br\/index.php?rest_route=\/wp\/v2\/pages\/8272\/revisions"}],"predecessor-version":[{"id":10148,"href":"https:\/\/ppgartes.eba.ufmg.br\/index.php?rest_route=\/wp\/v2\/pages\/8272\/revisions\/10148"}],"up":[{"embeddable":true,"href":"https:\/\/ppgartes.eba.ufmg.br\/index.php?rest_route=\/wp\/v2\/pages\/8217"}],"wp:attachment":[{"href":"https:\/\/ppgartes.eba.ufmg.br\/index.php?rest_route=%2Fwp%2Fv2%2Fmedia&parent=8272"}],"curies":[{"name":"wp","href":"https:\/\/api.w.org\/{rel}","templated":true}]}}