{"id":897,"date":"2014-05-26T18:15:01","date_gmt":"2014-05-26T21:15:01","guid":{"rendered":"http:\/\/www.eba.ufmg.br\/pos\/?page_id=897"},"modified":"2025-08-11T14:39:38","modified_gmt":"2025-08-11T17:39:38","slug":"proex-capes","status":"publish","type":"page","link":"https:\/\/ppgartes.eba.ufmg.br\/?page_id=897","title":{"rendered":"PROEX\/CAPES"},"content":{"rendered":"<section class=\"l-section wpb_row us_custom_a2053579 height_medium with_img with_overlay\"><div class=\"l-section-img\" style=\"background-image: url(https:\/\/ppgartes.eba.ufmg.br\/wp-content\/uploads\/2022\/04\/capa4.jpg);\" data-img-width=\"2000\" data-img-height=\"800\"><\/div><div class=\"l-section-overlay\" style=\"background: rgba(26,26,26,0.40)\"><\/div><div class=\"l-section-h i-cf\"><div class=\"g-cols vc_row type_default valign_top\"><div class=\"vc_col-sm-12 wpb_column vc_column_container\"><div class=\"vc_column-inner\"><div class=\"wpb_wrapper\"><div class=\"w-text us_custom_15798d3e has_text_color\"><span class=\"w-text-h\"><span class=\"w-text-value\">PROEX\/CAPES<\/span><\/span><\/div><\/div><\/div><\/div><\/div><\/div><\/section><section class=\"l-section wpb_row height_medium\"><div class=\"l-section-h i-cf\"><div class=\"g-cols vc_row type_default valign_top\"><div class=\"vc_col-sm-12 wpb_column vc_column_container\"><div class=\"vc_column-inner\"><div class=\"wpb_wrapper\"><div class=\"wpb_text_column\" ><div class=\"wpb_wrapper\"><p>Atualmente, o Programa de P\u00f3s-gradua\u00e7\u00e3o em Artes possui o conceito 6 da CAPES em uma escala de 3 a 7. Em virtude desse conceito, a P\u00f3s Gradua\u00e7\u00e3o em Artes \u00a0recebe recursos do Programa de Excel\u00eancia Acad\u00eamica da CAPES (PROEX) para despesas de custeio e capital, os quais devem ser utilizados conforme o Regulamento do Programa de Excel\u00eancia Acad\u00eamica, institu\u00eddo pela Portaria n\u00b0034\/2006 CAPES, com altera\u00e7\u00f5es pela Portaria n\u00b0102\/2015 CAPES.<\/p>\n<p>Os recursos PROEX\/CAPES do PPG Artes ser\u00e3o utilizados de acordo com as\u00a0<em>Diretrizes Or\u00e7ament\u00e1rias do PPG Artes<\/em> e decorrentes Formul\u00e1rios, todos aprovados pela Comiss\u00e3o de Gest\u00e3o PROEX e Colegiado do PPG Artes em reuni\u00e3o realizada no dia 05 de junho de 2024.<\/p>\n<p>Para mais informa\u00e7\u00f5es sobre o PROEX\/CAPES consultar: http:\/\/www.capes.gov.br\/bolsas\/bolsas-no-pais\/proex<\/p>\n<p>Passo a passo para solicita\u00e7\u00e3o de apoios:<\/p>\n<p>1- Preencher formul\u00e1rio espec\u00edfico.<\/p>\n<p>2- Enviar formul\u00e1rio e documentos nele solicitados para comissaogestaoproex@gmail.com<\/p>\n<p>3- Aguardar parecer da CG\/PROEX que ser\u00e1 enviado via <em>email<\/em>.<\/p>\n<p>4- Realizar a presta\u00e7\u00e3o de contas conforme informado no e-mail encaminhado com a concess\u00e3o do aux\u00edlio.<\/p>\n<p>OBSERVA\u00c7\u00c3O: \u00c0 pedido da Comiss\u00e3o PROEX, outros documentos podem ser solicitados para complementar a solicita\u00e7\u00e3o inicial. Isso ser\u00e1 feito por meio do e-mail supracitado.<\/p>\n<p>&nbsp;<\/p>\n<p><a href=\"https:\/\/ppgartes.eba.ufmg.br\/wp-content\/uploads\/2024\/08\/Composicao-da-Comissao-Gestao-PROEX-2024-2026.pdf\">Composi\u00e7\u00e3o da Comiss\u00e3o Gest\u00e3o PROEX 2024-2026<\/a><\/p>\n<p><a href=\"https:\/\/ppgartes.eba.ufmg.br\/wp-content\/uploads\/2024\/08\/Diretrizes-PROEX_2024-2026-1.pdf\">Diretrizes-PROEX_2024-2026<\/a><\/p>\n<p><a href=\"https:\/\/ppgartes.eba.ufmg.br\/wp-content\/uploads\/2024\/06\/RESOLUCAO-No-01-PROEX-2024.pdf\">RESOLU\u00c7\u00c3O No 01 PROEX 2024<\/a><\/p>\n<p><a href=\"https:\/\/ppgartes.eba.ufmg.br\/wp-content\/uploads\/2025\/05\/Formulario-DISCENTE-PROEX-VERSAO-PDFb.pdf\">Formulario-DISCENTE-PROEX-VERSAO-PDFb<\/a><\/p>\n<p><a href=\"https:\/\/ppgartes.eba.ufmg.br\/wp-content\/uploads\/2025\/05\/Formulario-DISCENTE-PROEX-VERSAO-WORDb.docx\">Formulario-DISCENTE-PROEX-VERSAO-WORDb<\/a><\/p>\n<p><a href=\"https:\/\/ppgartes.eba.ufmg.br\/wp-content\/uploads\/2025\/05\/4.Formulario-DOCENTE-PROEX-VERSAO-VERSAO-WORD.docx\">4.Formulario-DOCENTE-PROEX-VERSAO-VERSAO-WORD<\/a><\/p>\n<p><a href=\"https:\/\/ppgartes.eba.ufmg.br\/wp-content\/uploads\/2025\/05\/Formulario-DOCENTE-PROEX-VERSAO-PDFb.pdf\">Formulario-DOCENTE-PROEX-VERSAO-PDFb<\/a><\/p>\n<p><a href=\"https:\/\/ppgartes.eba.ufmg.br\/wp-content\/uploads\/2025\/08\/Proex-Participacao-em-banca-de-defesa-convidado-externo-a-UFMG.pdf\">Proex Participa\u00e7\u00e3o-em-banca-de-defesa-convidado-externo-a-UFMG<\/a><\/p>\n<\/div><\/div><\/div><\/div><\/div><\/div><\/div><\/section>\n","protected":false},"excerpt":{"rendered":"","protected":false},"author":1,"featured_media":0,"parent":0,"menu_order":0,"comment_status":"closed","ping_status":"closed","template":"","meta":{"footnotes":""},"class_list":["post-897","page","type-page","status-publish","hentry"],"_links":{"self":[{"href":"https:\/\/ppgartes.eba.ufmg.br\/index.php?rest_route=\/wp\/v2\/pages\/897","targetHints":{"allow":["GET"]}}],"collection":[{"href":"https:\/\/ppgartes.eba.ufmg.br\/index.php?rest_route=\/wp\/v2\/pages"}],"about":[{"href":"https:\/\/ppgartes.eba.ufmg.br\/index.php?rest_route=\/wp\/v2\/types\/page"}],"author":[{"embeddable":true,"href":"https:\/\/ppgartes.eba.ufmg.br\/index.php?rest_route=\/wp\/v2\/users\/1"}],"replies":[{"embeddable":true,"href":"https:\/\/ppgartes.eba.ufmg.br\/index.php?rest_route=%2Fwp%2Fv2%2Fcomments&post=897"}],"version-history":[{"count":5,"href":"https:\/\/ppgartes.eba.ufmg.br\/index.php?rest_route=\/wp\/v2\/pages\/897\/revisions"}],"predecessor-version":[{"id":10087,"href":"https:\/\/ppgartes.eba.ufmg.br\/index.php?rest_route=\/wp\/v2\/pages\/897\/revisions\/10087"}],"wp:attachment":[{"href":"https:\/\/ppgartes.eba.ufmg.br\/index.php?rest_route=%2Fwp%2Fv2%2Fmedia&parent=897"}],"curies":[{"name":"wp","href":"https:\/\/api.w.org\/{rel}","templated":true}]}}