{"id":9064,"date":"2024-02-22T14:25:59","date_gmt":"2024-02-22T17:25:59","guid":{"rendered":"https:\/\/ppgartes.eba.ufmg.br\/?page_id=9064"},"modified":"2024-04-19T18:50:52","modified_gmt":"2024-04-19T21:50:52","slug":"processo-seletivo-2024","status":"publish","type":"page","link":"https:\/\/ppgartes.eba.ufmg.br\/?page_id=9064","title":{"rendered":"Processo Seletivo 2024"},"content":{"rendered":"<section class=\"l-section wpb_row us_custom_a2053579 height_medium with_img with_overlay\"><div class=\"l-section-img\" style=\"background-image: url(https:\/\/ppgartes.eba.ufmg.br\/wp-content\/uploads\/2022\/08\/capa9.jpg);\" data-img-width=\"2000\" data-img-height=\"800\"><\/div><div class=\"l-section-overlay\" style=\"background: rgba(26,26,26,0.40)\"><\/div><div class=\"l-section-h i-cf\"><div class=\"g-cols vc_row type_default valign_top\"><div class=\"vc_col-sm-12 wpb_column vc_column_container\"><div class=\"vc_column-inner\"><div class=\"wpb_wrapper\"><div class=\"w-text us_custom_15798d3e has_text_color\"><span class=\"w-text-h\"><span class=\"w-text-value\">PROCESSO SELETIVO 2024<\/span><\/span><\/div><\/div><\/div><\/div><\/div><\/div><\/section><section class=\"l-section wpb_row height_medium\"><div class=\"l-section-h i-cf\"><div class=\"g-cols vc_row type_default valign_top\"><div class=\"vc_col-sm-12 wpb_column vc_column_container\"><div class=\"vc_column-inner\"><div class=\"wpb_wrapper\"><div class=\"wpb_text_column\" ><div class=\"wpb_wrapper\"><p><section class=\"l-section wpb_row height_medium\"><div class=\"l-section-h i-cf\"><div class=\"g-cols vc_row type_default valign_top\"><\/div><\/div><\/section><div class=\"vc_col-sm-12 wpb_column vc_column_container\"><div class=\"vc_column-inner\"><div class=\"wpb_wrapper\"><\/div><\/div><\/div><div class=\"wpb_text_column\" ><div class=\"wpb_wrapper\"><\/div><\/div><\/p>\n<h3><strong>Processo Seletivo<\/strong><\/h3>\n<p>Divulgada Comiss\u00e3o de Avalia\u00e7\u00e3o do Processo Seletivo PPGARTES 2024 e declara\u00e7\u00f5es de n\u00e3o impedimento.<\/p>\n<p><a href=\"https:\/\/ppgartes.eba.ufmg.br\/wp-content\/uploads\/2024\/04\/Membros-da-comissao-e-declaracao-de-nao-impedimento.pdf\">Membros da comissao e declaracao de nao impedimento<\/a><\/p>\n<p>Divulgado resultado da an\u00e1lise das Inscri\u00e7\u00f5es do Processo Seletivo PPGARTES 2024<\/p>\n<p><a href=\"https:\/\/ppgartes.eba.ufmg.br\/wp-content\/uploads\/2024\/04\/Resultado-Analise-Inscricoes-2024.pdf\">Resultado-Analise-Inscricoes-2024<\/a><\/p>\n<p>A Coordena\u00e7\u00e3o do PPGARTES comunica que foi prorrogado o prazo de inscri\u00e7\u00e3o para o Processo Seletivo 2024.<\/p>\n<p><span style=\"color: #870000;\"><strong>A nova data limite \u00e9 dia 01.04.2024 \u00e0s 16:00 horas.<\/strong><\/span><\/p>\n<div class=\"wpb_text_column\">\n<div class=\"wpb_wrapper\">\n<section class=\"l-section wpb_row height_medium\">\n<div class=\"l-section-h i-cf\">\n<div class=\"g-cols vc_row type_default valign_top\">\n<div class=\"vc_col-sm-12 wpb_column vc_column_container\">\n<div class=\"vc_column-inner\">\n<div class=\"wpb_wrapper\">\n<div class=\"wpb_text_column\">\n<div class=\"wpb_wrapper\">\n<p><a href=\"https:\/\/ppgartes.eba.ufmg.br\/wp-content\/uploads\/2024\/03\/Retificacao_Edital_Suplementar_Artes_MD_-2024.pdf\">Retifica\u00e7\u00e3o_Edital_Suplementar_Artes_MD_ 2024<\/a><\/p>\n<p><a href=\"https:\/\/ppgartes.eba.ufmg.br\/wp-content\/uploads\/2024\/03\/Retificacao_Edital_Regular_Artes_MD_2024.pdf\">Retifica\u00e7\u00e3o_Edital_Regular_Artes_MD_2024<\/a><\/p>\n<p><a href=\"https:\/\/ppgartes.eba.ufmg.br\/wp-content\/uploads\/2024\/02\/Edital-Regular_Artes_MD_2024.pdf\">Edital Regular_Artes_MD_2024<\/a><\/p>\n<p><a href=\"https:\/\/ppgartes.eba.ufmg.br\/wp-content\/uploads\/2024\/02\/Edital-Suplementar_Artes_MD_2024.pdf\">Edital Suplementar_Artes_MD_2024<\/a><\/p>\n<p>Acesse o link para a inscri\u00e7\u00e3o <a href=\"https:\/\/pos.eba.ufmg.br\/candidate\/\">aqui<\/a>, <strong>at\u00e9 \u00e0s 16h do dia 29 de mar\u00e7o de 2024<\/strong>.<\/p>\n<p><strong>Formul\u00e1rios do Processo Seletivo 2024<\/strong><\/p>\n<\/div>\n<\/div>\n<\/div>\n<\/div>\n<\/div>\n<\/div>\n<\/div>\n<\/section>\n<\/div>\n<\/div>\n<ol>\n<li><a href=\"https:\/\/ppgartes.eba.ufmg.br\/wp-content\/uploads\/2023\/02\/AUTODECLARACAO-DE-PESSOA-COM-DEFICIENCIA10-02-2020.pdf\">AUTODECLARA\u00c7\u00c3O DE PESSOA COM DEFICI\u00caNCIA10-02-<\/a><a href=\"https:\/\/ppgartes.eba.ufmg.br\/wp-content\/uploads\/2023\/02\/AUTODECLARACAO-DE-PESSOA-COM-DEFICIENCIA10-02-2020.pdf\">2020<\/a><\/li>\n<li><a href=\"https:\/\/ppgartes.eba.ufmg.br\/wp-content\/uploads\/2023\/02\/FORMULARIO-DE-SOLICITACAO-DE-CONDICOES-ESPECIAIS_10_02_2020.pdf\">FORMUL\u00c1RIO DE SOLICITA\u00c7\u00c3O DE CONDI\u00c7\u00d5ES ESPECIAIS_10_02_2020<\/a><\/li>\n<li><a href=\"https:\/\/ppgartes.eba.ufmg.br\/wp-content\/uploads\/2023\/02\/MODELO-DE-RELATORIO-DO-MEDICO-ASSISTENTE_Dast.pdf\">MODELO DE RELAT\u00d3RIO DO M\u00c9DICO ASSISTENTE_Dast<\/a><\/li>\n<li><a href=\"https:\/\/ppgartes.eba.ufmg.br\/wp-content\/uploads\/2023\/02\/PG_Declaracao-de-Autoreconhecimento_Indigena.pdf\">PG_Declara\u00e7\u00e3o de Autoreconhecimento_Ind\u00edgena<\/a><\/li>\n<li><a href=\"https:\/\/ppgartes.eba.ufmg.br\/wp-content\/uploads\/2023\/02\/PG_Declaracao-de-Residencia_Indigena.pdf\">PG_Declara\u00e7\u00e3o de Resid\u00eancia_Ind\u00edgena<\/a><\/li>\n<li><a href=\"https:\/\/ppgartes.eba.ufmg.br\/wp-content\/uploads\/2023\/02\/PG_Declaracao-de-Lideranca_Indigena.pdf\">PG_Declara\u00e7\u00e3o de Lideran\u00e7a_Ind\u00edgena<\/a><\/li>\n<li><a href=\"https:\/\/ppgartes.eba.ufmg.br\/wp-content\/uploads\/2023\/03\/Autodeclaracao-Etnico-Racial-Negro.pdf\">Autodeclara\u00e7\u00e3o \u00c9tnico-Racial Negro<\/a><\/li>\n<\/ol>\n<\/div><\/div><\/div><\/div><\/div><\/div><\/div><\/section>\n","protected":false},"excerpt":{"rendered":"","protected":false},"author":1,"featured_media":0,"parent":0,"menu_order":0,"comment_status":"closed","ping_status":"closed","template":"","meta":{"footnotes":""},"class_list":["post-9064","page","type-page","status-publish","hentry"],"_links":{"self":[{"href":"https:\/\/ppgartes.eba.ufmg.br\/index.php?rest_route=\/wp\/v2\/pages\/9064","targetHints":{"allow":["GET"]}}],"collection":[{"href":"https:\/\/ppgartes.eba.ufmg.br\/index.php?rest_route=\/wp\/v2\/pages"}],"about":[{"href":"https:\/\/ppgartes.eba.ufmg.br\/index.php?rest_route=\/wp\/v2\/types\/page"}],"author":[{"embeddable":true,"href":"https:\/\/ppgartes.eba.ufmg.br\/index.php?rest_route=\/wp\/v2\/users\/1"}],"replies":[{"embeddable":true,"href":"https:\/\/ppgartes.eba.ufmg.br\/index.php?rest_route=%2Fwp%2Fv2%2Fcomments&post=9064"}],"version-history":[{"count":5,"href":"https:\/\/ppgartes.eba.ufmg.br\/index.php?rest_route=\/wp\/v2\/pages\/9064\/revisions"}],"predecessor-version":[{"id":9195,"href":"https:\/\/ppgartes.eba.ufmg.br\/index.php?rest_route=\/wp\/v2\/pages\/9064\/revisions\/9195"}],"wp:attachment":[{"href":"https:\/\/ppgartes.eba.ufmg.br\/index.php?rest_route=%2Fwp%2Fv2%2Fmedia&parent=9064"}],"curies":[{"name":"wp","href":"https:\/\/api.w.org\/{rel}","templated":true}]}}