{"id":9072,"date":"2024-02-22T14:37:54","date_gmt":"2024-02-22T17:37:54","guid":{"rendered":"https:\/\/ppgartes.eba.ufmg.br\/?page_id=9072"},"modified":"2024-07-10T14:36:43","modified_gmt":"2024-07-10T17:36:43","slug":"em-andamento","status":"publish","type":"page","link":"https:\/\/ppgartes.eba.ufmg.br\/?page_id=9072","title":{"rendered":"Em andamento"},"content":{"rendered":"<section class=\"l-section wpb_row us_custom_a2053579 height_medium with_img with_overlay\"><div class=\"l-section-img\" style=\"background-image: url(https:\/\/ppgartes.eba.ufmg.br\/wp-content\/uploads\/2022\/08\/capa9.jpg);\" data-img-width=\"2000\" data-img-height=\"800\"><\/div><div class=\"l-section-overlay\" style=\"background: rgba(26,26,26,0.40)\"><\/div><div class=\"l-section-h i-cf\"><div class=\"g-cols vc_row type_default valign_top\"><div class=\"vc_col-sm-12 wpb_column vc_column_container\"><div class=\"vc_column-inner\"><div class=\"wpb_wrapper\"><div class=\"w-text us_custom_15798d3e has_text_color\"><span class=\"w-text-h\"><span class=\"w-text-value\">PROCESSO SELETIVO 2024<\/span><\/span><\/div><\/div><\/div><\/div><\/div><\/div><\/section><section class=\"l-section wpb_row height_medium\"><div class=\"l-section-h i-cf\"><div class=\"g-cols vc_row type_default valign_top\"><div class=\"vc_col-sm-12 wpb_column vc_column_container\"><div class=\"vc_column-inner\"><div class=\"wpb_wrapper\"><div class=\"wpb_text_column\" ><div class=\"wpb_wrapper\"><p style=\"text-align: left;\"><section class=\"l-section wpb_row height_medium\"><div class=\"l-section-h i-cf\"><div class=\"g-cols vc_row type_default valign_top\"><\/div><\/div><\/section><div class=\"vc_col-sm-12 wpb_column vc_column_container\"><div class=\"vc_column-inner\"><div class=\"wpb_wrapper\"><\/div><\/div><\/div><div class=\"wpb_text_column\" ><div class=\"wpb_wrapper\"><\/div><\/div><\/p>\n<h3 style=\"text-align: left;\"><strong>Processo Seletivo 2024<\/strong><\/h3>\n<p><span style=\"color: #870000;\"><strong>Divulgamos o Resultado Final do Processo Seletivo 2024 ap\u00f3s recursos<\/strong><\/span><\/p>\n<p><span style=\"color: #ff0000;\"><strong><span style=\"color: #ff0000;\"><a style=\"color: #ff0000;\" href=\"https:\/\/ppgartes.eba.ufmg.br\/wp-content\/uploads\/2024\/07\/Artes-da-Cena_Resultado-final.pdf\">Artes da Cena_Resultado final<\/a><\/span><\/strong><\/span><\/p>\n<p><span style=\"color: #ff0000;\"><strong><a style=\"color: #ff0000;\" href=\"https:\/\/ppgartes.eba.ufmg.br\/wp-content\/uploads\/2024\/07\/Artes-Visuais_Resultado-final.pdf\">Artes Visuais_Resultado final<\/a><\/strong><\/span><\/p>\n<p><span style=\"color: #ff0000;\"><strong><a style=\"color: #ff0000;\" href=\"https:\/\/ppgartes.eba.ufmg.br\/wp-content\/uploads\/2024\/07\/Cinema_Resultado-final.pdf\">Cinema_Resultado final<\/a><\/strong><\/span><\/p>\n<p><span style=\"color: #ff0000;\"><strong><a style=\"color: #ff0000;\" href=\"https:\/\/ppgartes.eba.ufmg.br\/wp-content\/uploads\/2024\/07\/Ensino-Aprendizagem-em-Arte_Resultado-final.pdf\">Ensino-Aprendizagem em Arte_Resultado final<\/a><\/strong><\/span><\/p>\n<p><span style=\"color: #ff0000;\"><strong><a style=\"color: #ff0000;\" href=\"https:\/\/ppgartes.eba.ufmg.br\/wp-content\/uploads\/2024\/07\/Poeticas-Tecnologicas_Resultado-final.pdf\">Po\u00e9ticas Tecnologicas_Resultado final<\/a><\/strong><\/span><\/p>\n<p><span style=\"color: #ff0000;\"><strong><a style=\"color: #ff0000;\" href=\"https:\/\/ppgartes.eba.ufmg.br\/wp-content\/uploads\/2024\/07\/Preservacao-do-Patrimonio-Cultural_Resultado-final.pdf\">Preservacao do Patrimonio Cultural_Resultado final<\/a><\/strong><\/span><\/p>\n<p><span style=\"color: #870000;\"><strong>Divulgamos os resultados da Segunda Etapa e Resultado Final do Processo Seletivo 2024<\/strong><\/span><\/p>\n<p><span style=\"color: #ff0000;\"><strong><a style=\"color: #ff0000;\" href=\"https:\/\/ppgartes.eba.ufmg.br\/wp-content\/uploads\/2024\/06\/Artes-da-Cena_Resultado-preliminar.pdf\">Artes da Cena_Resultado preliminar<\/a><\/strong><\/span><\/p>\n<p><span style=\"color: #ff0000;\"><strong><a style=\"color: #ff0000;\" href=\"https:\/\/ppgartes.eba.ufmg.br\/wp-content\/uploads\/2024\/06\/Artes-Visuais_Resultado-preliminar.pdf\">Artes Visuais_Resultado preliminar<\/a><\/strong><\/span><\/p>\n<p><span style=\"color: #ff0000;\"><strong><a style=\"color: #ff0000;\" href=\"https:\/\/ppgartes.eba.ufmg.br\/wp-content\/uploads\/2024\/06\/Cinema_Resultado-preliminar.pdf\">Cinema_Resultado preliminar<\/a><\/strong><\/span><\/p>\n<p><span style=\"color: #ff0000;\"><strong><a style=\"color: #ff0000;\" href=\"https:\/\/ppgartes.eba.ufmg.br\/wp-content\/uploads\/2024\/06\/Ensino-Aprendizagem-em-Arte_Resultado-preliminar.pdf\">Ensino-Aprendizagem em Arte_Resultado preliminar<\/a><\/strong><\/span><\/p>\n<p><span style=\"color: #ff0000;\"><strong><a style=\"color: #ff0000;\" href=\"https:\/\/ppgartes.eba.ufmg.br\/wp-content\/uploads\/2024\/06\/Poeticas-Tecnologicas_Resultado-preliminar.pdf\">Po\u00e9ticas Tecnologicas_Resultado preliminar<\/a><\/strong><\/span><\/p>\n<p><span style=\"color: #ff0000;\"><strong><a style=\"color: #ff0000;\" href=\"https:\/\/ppgartes.eba.ufmg.br\/wp-content\/uploads\/2024\/06\/Preservacao-do-Patrimonio-Cultural_Resultado-preliminar.pdf\">Preservacao do Patrimonio Cultural_Resultado preliminar<\/a><\/strong><\/span><\/p>\n<p><strong><span style=\"color: #800000;\">Divulgamos a Escala de Argui\u00e7\u00e3o da Segunda Etapa do Processo Seletivo 2024<\/span><\/strong><\/p>\n<p><span style=\"color: #ff0000;\"><strong><a style=\"color: #ff0000;\" href=\"https:\/\/ppgartes.eba.ufmg.br\/wp-content\/uploads\/2024\/06\/Artes-da-Cena_Doutorado.pdf\">Artes da Cena_Doutorado<\/a><\/strong><\/span><\/p>\n<p><span style=\"color: #ff0000;\"><strong><a style=\"color: #ff0000;\" href=\"https:\/\/ppgartes.eba.ufmg.br\/wp-content\/uploads\/2024\/06\/Artes-da-Cena_Mestrado.pdf\">Artes da Cena_Mestrado<\/a><\/strong><\/span><\/p>\n<p><span style=\"color: #ff0000;\"><strong><a style=\"color: #ff0000;\" href=\"https:\/\/ppgartes.eba.ufmg.br\/wp-content\/uploads\/2024\/06\/Artes-Visuais_Doutorado.pdf\">Artes Visuais_Doutorado<\/a><\/strong><\/span><\/p>\n<p><span style=\"color: #ff0000;\"><strong><a style=\"color: #ff0000;\" href=\"https:\/\/ppgartes.eba.ufmg.br\/wp-content\/uploads\/2024\/06\/Artes-Visuais_Mestrado.pdf\">Artes Visuais_Mestrado<\/a><\/strong><\/span><\/p>\n<p><span style=\"color: #ff0000;\"><strong><a style=\"color: #ff0000;\" href=\"https:\/\/ppgartes.eba.ufmg.br\/wp-content\/uploads\/2024\/06\/Cinema.pdf\">Cinema<\/a><\/strong><\/span><\/p>\n<p><span style=\"color: #ff0000;\"><strong><a style=\"color: #ff0000;\" href=\"https:\/\/ppgartes.eba.ufmg.br\/wp-content\/uploads\/2024\/06\/Ensino-Aprendizagem-em-Arte.pdf\">Ensino-Aprendizagem em Arte<\/a><\/strong><\/span><\/p>\n<p><span style=\"color: #ff0000;\"><strong><a style=\"color: #ff0000;\" href=\"https:\/\/ppgartes.eba.ufmg.br\/wp-content\/uploads\/2024\/06\/Poeticas-tecnologicas.pdf\">Poe\u0301ticas tecnolo\u0301gicas<\/a><\/strong><\/span><\/p>\n<p><span style=\"color: #ff0000;\"><strong><a style=\"color: #ff0000;\" href=\"https:\/\/ppgartes.eba.ufmg.br\/wp-content\/uploads\/2024\/06\/Preservacao-do-Patrimonio-Cultural.pdf\">Preserva\u00e7\u00e3o do Patrim\u00f4nio Cultural<\/a><\/strong><\/span><\/p>\n<p><strong><span style=\"color: #870000;\">Divulgamos o resultado da Primeira Etapa da linha de Ensino-Aprendizagem em Arte do Processo Seletivo 2024 ap\u00f3s decis\u00e3o do Colegiado em 20.06.2024<\/span><\/strong><\/p>\n<p><strong><span style=\"color: #870000;\"><a href=\"https:\/\/ppgartes.eba.ufmg.br\/wp-content\/uploads\/2024\/06\/Ensino-Aprendizagem-em-Arte-Primeira-Etapa-2024apos-decisao-do-Colegiado.pdf\">Ensino-Aprendizagem-em-Arte-Primeira-Etapa-2024ap\u00f3s decis\u00e3o do Colegiado<\/a><\/span><\/strong><\/p>\n<p><strong><span style=\"color: #870000;\">Divulgamos o resultado da Primeira Etapa do Processo Seletivo 2024 ap\u00f3s recursos<\/span><\/strong><\/p>\n<p><span style=\"color: #ff0000;\"><strong><a style=\"color: #ff0000;\" href=\"https:\/\/ppgartes.eba.ufmg.br\/wp-content\/uploads\/2024\/05\/Artes-da-Cena-Primeira-Etapa-2024-pos-recurso.pdf\">Artes-da-Cena-Primeira-Etapa-2024-pos-recurso<\/a><\/strong><\/span><\/p>\n<p><span style=\"color: #ff0000;\"><strong><a style=\"color: #ff0000;\" href=\"https:\/\/ppgartes.eba.ufmg.br\/wp-content\/uploads\/2024\/05\/Artes-Visuais-Primeira-Etapa-2024-pos-recurso.pdf\">Artes-Visuais-Primeira-Etapa-2024-pos-recurso<\/a><\/strong><\/span><\/p>\n<p><span style=\"color: #ff0000;\"><strong><a style=\"color: #ff0000;\" href=\"https:\/\/ppgartes.eba.ufmg.br\/wp-content\/uploads\/2024\/05\/Cinema-Primeira-Etapa-2024-pos-recurso.pdf\">Cinema-Primeira-Etapa-2024-pos-recurso<\/a><\/strong><\/span><\/p>\n<p><span style=\"color: #ff0000;\"><strong><a style=\"color: #ff0000;\" href=\"https:\/\/ppgartes.eba.ufmg.br\/wp-content\/uploads\/2024\/05\/Ensino-Aprendizagem-em-Arte-Primeira-Etapa-2024-pos-recurso.pdf\">Ensino-Aprendizagem-em-Arte-Primeira-Etapa-2024-pos-recurso<\/a><\/strong><\/span><\/p>\n<p><span style=\"color: #ff0000;\"><strong><a style=\"color: #ff0000;\" href=\"https:\/\/ppgartes.eba.ufmg.br\/wp-content\/uploads\/2024\/05\/Poeticas-Tecnologicas-Primeira-Etapa-2024-pos-recurso.pdf\">Poeticas Tecnologicas-Primeira-Etapa-2024-pos-recurso<\/a><\/strong><\/span><\/p>\n<p><span style=\"color: #ff0000;\"><strong><a style=\"color: #ff0000;\" href=\"https:\/\/ppgartes.eba.ufmg.br\/wp-content\/uploads\/2024\/05\/Preservacao-Primeira-Etapa-2024-pos-recurso.pdf\">Preservacao-Primeira-Etapa-2024-pos-recurso<\/a><\/strong><\/span><\/p>\n<p><span style=\"color: #870000;\"><strong>Divulgamos o resultado da Primeira Etapa do Processo Seletivo 2024<\/strong><\/span><\/p>\n<p><span style=\"color: #ff0000;\"><strong><a style=\"color: #ff0000;\" href=\"https:\/\/ppgartes.eba.ufmg.br\/wp-content\/uploads\/2024\/05\/Artes-da-Cena-Primeira-Etapa-2024.pdf\">Artes-da-Cena-Primeira-Etapa-2024<\/a><\/strong><\/span><\/p>\n<p><span style=\"color: #ff0000;\"><strong><a style=\"color: #ff0000;\" href=\"https:\/\/ppgartes.eba.ufmg.br\/wp-content\/uploads\/2024\/05\/Artes-Visuais-Primeira-Etapa-2024.pdf\">Artes-Visuais-Primeira-Etapa-2024<\/a><\/strong><\/span><\/p>\n<p><span style=\"color: #ff0000;\"><strong><a style=\"color: #ff0000;\" href=\"https:\/\/ppgartes.eba.ufmg.br\/wp-content\/uploads\/2024\/05\/Cinema-Primeira-Etapa-2024.pdf\">Cinema-Primeira-Etapa-2024<\/a><\/strong><\/span><\/p>\n<p><span style=\"color: #ff0000;\"><strong><a style=\"color: #ff0000;\" href=\"https:\/\/ppgartes.eba.ufmg.br\/wp-content\/uploads\/2024\/05\/Ensino-Aprendizagem-em-Arte-Primeira-Etapa-2024.pdf\">Ensino-Aprendizagem-em-Arte-Primeira-Etapa-2024<\/a><\/strong><\/span><\/p>\n<p><span style=\"color: #ff0000;\"><strong><a style=\"color: #ff0000;\" href=\"https:\/\/ppgartes.eba.ufmg.br\/wp-content\/uploads\/2024\/05\/Poeticas-Tecnologicas-Primeira-Etapa-2024.pdf\">Poeticas Tecnologicas-Primeira-Etapa-2024<\/a><\/strong><\/span><\/p>\n<p><span style=\"color: #ff0000;\"><strong><a style=\"color: #ff0000;\" href=\"https:\/\/ppgartes.eba.ufmg.br\/wp-content\/uploads\/2024\/05\/Preservacao-Primeira-Etapa-2024.pdf\">Preservacao-Primeira-Etapa-2024<\/a><\/strong><\/span><\/p>\n<p><span style=\"color: #870000;\"><strong>Divulgamos a Comiss\u00e3o de Avalia\u00e7\u00e3o do Processo Seletivo PPGARTES 2024 e declara\u00e7\u00f5es de n\u00e3o impedimento.<\/strong><\/span><\/p>\n<p><strong><span style=\"color: #ff0000;\"><a style=\"color: #ff0000;\" href=\"https:\/\/ppgartes.eba.ufmg.br\/wp-content\/uploads\/2024\/04\/Membros-da-comissao-e-declaracao-de-nao-impedimento.pdf\">Membros da comissao e declaracao de nao impedimento<\/a><\/span><\/strong><\/p>\n<p><span style=\"color: #ff0000;\"><strong><a style=\"color: #ff0000;\" href=\"https:\/\/ppgartes.eba.ufmg.br\/wp-content\/uploads\/2024\/06\/Membros-da-comissao-por-linha-de-pesquisa.pdf\">Membros da comiss\u00e3o por linha de pesquisa<\/a><\/strong><\/span><\/p>\n<p><strong><span style=\"color: #870000;\">Divulgamos resultado da an\u00e1lise das Inscri\u00e7\u00f5es do Processo Seletivo 2024 ap\u00f3s decis\u00e3o do Colegiado em 20.06.2024.<\/span><\/strong><\/p>\n<p><strong><span style=\"color: #870000;\"><a href=\"https:\/\/ppgartes.eba.ufmg.br\/wp-content\/uploads\/2024\/06\/Resultado-Analise-Inscricoes-2024-apos-decisaodoColegiado-1.pdf\">Resultado-Analise-Inscricoes-2024-ap\u00f3s-decisaodoColegiado<\/a><\/span><\/strong><\/p>\n<p><strong><span style=\"color: #870000;\">Divulgamos resultado da an\u00e1lise das Inscri\u00e7\u00f5es do Processo Seletivo 2024 ap\u00f3s recursos.<\/span><\/strong><\/p>\n<p><span style=\"color: #ff0000;\"><strong><a style=\"color: #ff0000;\" href=\"https:\/\/ppgartes.eba.ufmg.br\/wp-content\/uploads\/2024\/04\/Resultado-Analise-Inscricoes-2024-apos-recursos.pdf\">Resultado-Analise-Inscricoes-2024-ap\u00f3s-recursos<\/a><\/strong><\/span><\/p>\n<p><span style=\"color: #870000;\"><strong>Divulgamos resultado da an\u00e1lise das Inscri\u00e7\u00f5es do Processo Seletivo 2024<\/strong><\/span><\/p>\n<p><strong><span style=\"color: #ff0000;\"><a style=\"color: #ff0000;\" href=\"https:\/\/ppgartes.eba.ufmg.br\/wp-content\/uploads\/2024\/04\/Resultado-Analise-Inscricoes-2024.pdf\">Resultado-Analise-Inscricoes-2024<\/a><\/span><\/strong><\/p>\n<p>_____________________________________________________<\/p>\n<p><strong>Divulgamos os Editais Regular e Suplementar do Processo Seletivo PPGARTES 2024. Recomendamos a leitura atenta do Edital Regular que destina-se a candidatos de ampla concorr\u00eancia e candidatos autodeclarados negros. O Edital Suplementar destina-se a candidatos ind\u00edgenas e pessoas com defici\u00eancia.<\/strong><\/p>\n<p>Acesse o link para a inscri\u00e7\u00e3o <a href=\"https:\/\/pos.eba.ufmg.br\/candidate\/\">aqui<\/a>, <strong>at\u00e9 \u00e0s 16h do dia 01 de abril de 2024<\/strong>.<\/p>\n<p><a href=\"https:\/\/ppgartes.eba.ufmg.br\/wp-content\/uploads\/2024\/03\/Retificacao_Edital_Regular_Artes_MD_2024.pdf\">Retifica\u00e7\u00e3o_Edital_Regular_Artes_MD_2024<\/a><\/p>\n<p><a href=\"https:\/\/ppgartes.eba.ufmg.br\/wp-content\/uploads\/2024\/03\/Retificacao_Edital_Suplementar_Artes_MD_-2024.pdf\">Retifica\u00e7\u00e3o_Edital_Suplementar_Artes_MD_ 2024<\/a><\/p>\n<div class=\"wpb_text_column\" style=\"text-align: left;\">\n<div class=\"wpb_wrapper\">\n<section class=\"l-section wpb_row height_medium\">\n<div class=\"l-section-h i-cf\">\n<div class=\"g-cols vc_row type_default valign_top\">\n<div class=\"vc_col-sm-12 wpb_column vc_column_container\">\n<div class=\"vc_column-inner\">\n<div class=\"wpb_wrapper\">\n<div class=\"wpb_text_column\">\n<div class=\"wpb_wrapper\">\n<p><a href=\"https:\/\/ppgartes.eba.ufmg.br\/wp-content\/uploads\/2024\/03\/Edital-Regular_Artes_MD_2024-1.pdf\">Edital Regular_Artes_MD_2024<\/a><\/p>\n<p><a href=\"https:\/\/ppgartes.eba.ufmg.br\/wp-content\/uploads\/2024\/03\/Edital-Suplementar_Artes_MD_2024-1.pdf\">Edital Suplementar_Artes_MD_2024<\/a><\/p>\n<p><del>Acesse o link para a inscri\u00e7\u00e3o <a href=\"https:\/\/pos.eba.ufmg.br\/candidate\/\">aqui<\/a>, <strong>at\u00e9 \u00e0s 16h do dia 29 de mar\u00e7o de 2024<\/strong>.<\/del><\/p>\n<p>&nbsp;<\/p>\n<p><strong>Formul\u00e1rios do Processo Seletivo 2024<\/strong><\/p>\n<\/div>\n<\/div>\n<\/div>\n<\/div>\n<\/div>\n<\/div>\n<\/div>\n<\/section>\n<\/div>\n<\/div>\n<p><a href=\"https:\/\/ppgartes.eba.ufmg.br\/wp-content\/uploads\/2023\/02\/AUTODECLARACAO-DE-PESSOA-COM-DEFICIENCIA10-02-2020.pdf\">AUTODECLARA\u00c7\u00c3O DE PESSOA COM DEFICI\u00caNCIA10-02-<\/a><a href=\"https:\/\/ppgartes.eba.ufmg.br\/wp-content\/uploads\/2023\/02\/AUTODECLARACAO-DE-PESSOA-COM-DEFICIENCIA10-02-2020.pdf\">2020<\/a><\/p>\n<p><a href=\"https:\/\/ppgartes.eba.ufmg.br\/wp-content\/uploads\/2023\/02\/FORMULARIO-DE-SOLICITACAO-DE-CONDICOES-ESPECIAIS_10_02_2020.pdf\">FORMUL\u00c1RIO DE SOLICITA\u00c7\u00c3O DE CONDI\u00c7\u00d5ES ESPECIAIS_10_02_2020<\/a><\/p>\n<p><a href=\"https:\/\/ppgartes.eba.ufmg.br\/wp-content\/uploads\/2023\/02\/MODELO-DE-RELATORIO-DO-MEDICO-ASSISTENTE_Dast.pdf\">MODELO DE RELAT\u00d3RIO DO M\u00c9DICO ASSISTENTE_Dast<\/a><\/p>\n<p><a href=\"https:\/\/ppgartes.eba.ufmg.br\/wp-content\/uploads\/2023\/02\/PG_Declaracao-de-Autoreconhecimento_Indigena.pdf\">PG_Declara\u00e7\u00e3o de Autoreconhecimento_Ind\u00edgena<\/a><\/p>\n<p><a href=\"https:\/\/ppgartes.eba.ufmg.br\/wp-content\/uploads\/2023\/02\/PG_Declaracao-de-Residencia_Indigena.pdf\">PG_Declara\u00e7\u00e3o de Resid\u00eancia_Ind\u00edgena<\/a><\/p>\n<p><a href=\"https:\/\/ppgartes.eba.ufmg.br\/wp-content\/uploads\/2023\/02\/PG_Declaracao-de-Lideranca_Indigena.pdf\">PG_Declara\u00e7\u00e3o de Lideran\u00e7a_Ind\u00edgena<\/a><\/p>\n<p><a href=\"https:\/\/ppgartes.eba.ufmg.br\/wp-content\/uploads\/2023\/03\/Autodeclaracao-Etnico-Racial-Negro.pdf\">Autodeclara\u00e7\u00e3o \u00c9tnico-Racial Negro<\/a><\/p>\n<\/div><\/div><\/div><\/div><\/div><\/div><\/div><\/section><section class=\"l-section wpb_row height_medium\"><div class=\"l-section-h i-cf\"><div class=\"g-cols vc_row type_default valign_top\"><div class=\"vc_col-sm-12 wpb_column vc_column_container\"><div class=\"vc_column-inner\"><div class=\"wpb_wrapper\"><div class=\"wpb_text_column\" ><div class=\"wpb_wrapper\"><\/div><\/div><\/div><\/div><\/div><\/div><\/div><\/section>\n","protected":false},"excerpt":{"rendered":"","protected":false},"author":1,"featured_media":0,"parent":0,"menu_order":0,"comment_status":"closed","ping_status":"closed","template":"","meta":{"footnotes":""},"class_list":["post-9072","page","type-page","status-publish","hentry"],"_links":{"self":[{"href":"https:\/\/ppgartes.eba.ufmg.br\/index.php?rest_route=\/wp\/v2\/pages\/9072","targetHints":{"allow":["GET"]}}],"collection":[{"href":"https:\/\/ppgartes.eba.ufmg.br\/index.php?rest_route=\/wp\/v2\/pages"}],"about":[{"href":"https:\/\/ppgartes.eba.ufmg.br\/index.php?rest_route=\/wp\/v2\/types\/page"}],"author":[{"embeddable":true,"href":"https:\/\/ppgartes.eba.ufmg.br\/index.php?rest_route=\/wp\/v2\/users\/1"}],"replies":[{"embeddable":true,"href":"https:\/\/ppgartes.eba.ufmg.br\/index.php?rest_route=%2Fwp%2Fv2%2Fcomments&post=9072"}],"version-history":[{"count":4,"href":"https:\/\/ppgartes.eba.ufmg.br\/index.php?rest_route=\/wp\/v2\/pages\/9072\/revisions"}],"predecessor-version":[{"id":9346,"href":"https:\/\/ppgartes.eba.ufmg.br\/index.php?rest_route=\/wp\/v2\/pages\/9072\/revisions\/9346"}],"wp:attachment":[{"href":"https:\/\/ppgartes.eba.ufmg.br\/index.php?rest_route=%2Fwp%2Fv2%2Fmedia&parent=9072"}],"curies":[{"name":"wp","href":"https:\/\/api.w.org\/{rel}","templated":true}]}}