{"id":9607,"date":"2024-11-29T17:26:52","date_gmt":"2024-11-29T20:26:52","guid":{"rendered":"https:\/\/ppgartes.eba.ufmg.br\/?page_id=9607"},"modified":"2025-09-01T09:20:24","modified_gmt":"2025-09-01T12:20:24","slug":"processo-seletivo-2025","status":"publish","type":"page","link":"https:\/\/ppgartes.eba.ufmg.br\/?page_id=9607","title":{"rendered":"Processo Seletivo Mestrado e Doutorado 2025"},"content":{"rendered":"<h3><\/h3>\n<h3><\/h3>\n<h3><\/h3>\n<h3><span style=\"color: #870000;\"><strong>Publicado o resultado final do Processo Seletivo 2025 ap\u00f3s Banca de Heteroidentifica\u00e7\u00e3o<\/strong><\/span><\/h3>\n<p><span style=\"color: #870000;\"><strong><a href=\"https:\/\/ppgartes.eba.ufmg.br\/wp-content\/uploads\/2025\/09\/Artes-da-Cena_Regular-2025_Resultado_pos_heteroidentificacao.pdf\">Artes da Cena_Regular 2025_Resultado_pos_heteroidentificacao<\/a><\/strong><\/span><\/p>\n<p><span style=\"color: #870000;\"><strong><a href=\"https:\/\/ppgartes.eba.ufmg.br\/wp-content\/uploads\/2025\/09\/Artes-Visuais_Regular-2025_Resultado_pos_heteroidentificacao.pdf\">Artes Visuais_Regular 2025_Resultado_pos_heteroidentificacao<\/a><\/strong><\/span><\/p>\n<p><span style=\"color: #870000;\"><strong><a href=\"https:\/\/ppgartes.eba.ufmg.br\/wp-content\/uploads\/2025\/09\/Cinema_Regular-2025_Resultado_pos_heteroidentificacao.pdf\">Cinema_Regular 2025_Resultado_pos_heteroidentificacao<\/a><\/strong><\/span><\/p>\n<p><span style=\"color: #870000;\"><strong><a href=\"https:\/\/ppgartes.eba.ufmg.br\/wp-content\/uploads\/2025\/09\/Ensino-Aprendizagem-em-Arte_Regular-2025_Resultado_pos_heteroidentifi.pdf\">Ensino-Aprendizagem em Arte_Regular 2025_Resultado_pos_heteroidentifi<\/a><\/strong><\/span><\/p>\n<p><span style=\"color: #870000;\"><strong><a href=\"https:\/\/ppgartes.eba.ufmg.br\/wp-content\/uploads\/2025\/09\/Ensino-Aprendizagem-em-Arte_Suplementar-2025_Resultado_pos_heteroiden.pdf\">Ensino-Aprendizagem em Arte_Suplementar 2025_Resultado_pos_heteroiden<\/a><\/strong><\/span><\/p>\n<p><span style=\"color: #870000;\"><strong><a href=\"https:\/\/ppgartes.eba.ufmg.br\/wp-content\/uploads\/2025\/09\/Poeticas-Tecnologicas_Regular-2025_Resultado_pos_heteroidentificacao.pdf\">Po\u00e9ticas Tecnol\u00f3gicas_Regular 2025_Resultado_pos_heteroidentificacao<\/a><\/strong><\/span><\/p>\n<p><span style=\"color: #870000;\"><strong><a href=\"https:\/\/ppgartes.eba.ufmg.br\/wp-content\/uploads\/2025\/09\/Preservacao-do-Patrimonio-Cultural_Regular_Resultado_pos_heteroidenti.pdf\">Preserva\u00e7\u00e3o do Patrim\u00f4nio Cultural_Regular_Resultado_pos_heteroidenti<\/a><\/strong><\/span><\/p>\n<h3><span style=\"color: #870000;\"><strong>Publicado o resultado final do Processo Seletivo 2025<\/strong><\/span><\/h3>\n<p><span style=\"color: #870000;\"><strong><a href=\"https:\/\/ppgartes.eba.ufmg.br\/wp-content\/uploads\/2025\/07\/Artes-da-Cena_Regular-2025_Resultado-Final.pdf\">Artes da Cena_Regular 2025_Resultado Final<\/a><\/strong><\/span><\/p>\n<p><span style=\"color: #870000;\"><strong><a href=\"https:\/\/ppgartes.eba.ufmg.br\/wp-content\/uploads\/2025\/07\/Artes-Visuais_Regular-2025_Resultado-Final.pdf\">Artes Visuais_Regular 2025_Resultado Final<\/a><\/strong><\/span><\/p>\n<p><span style=\"color: #870000;\"><strong><a href=\"https:\/\/ppgartes.eba.ufmg.br\/wp-content\/uploads\/2025\/07\/Cinema_Regular-2025_Resultado-Final.pdf\">Cinema_Regular 2025_Resultado Final<\/a><\/strong><\/span><\/p>\n<p><span style=\"color: #870000;\"><strong><a href=\"https:\/\/ppgartes.eba.ufmg.br\/wp-content\/uploads\/2025\/07\/Ensino-Aprendizagem-em-Arte_Regular-2025_Resultado-Final.pdf\">Ensino-Aprendizagem em Arte_Regular 2025_Resultado Final<\/a><\/strong><\/span><\/p>\n<p><span style=\"color: #870000;\"><strong><a href=\"https:\/\/ppgartes.eba.ufmg.br\/wp-content\/uploads\/2025\/07\/Ensino-Aprendizagem-em-Arte_Suplementar-2025_Resultado-Final.pdf\">Ensino-Aprendizagem em Arte_Suplementar 2025_Resultado Final<\/a><\/strong><\/span><\/p>\n<p><span style=\"color: #870000;\"><strong><a href=\"https:\/\/ppgartes.eba.ufmg.br\/wp-content\/uploads\/2025\/07\/Poeticas-Tecnologicas_Regular-2025_Resultado-Final.pdf\">Po\u00e9ticas Tecnol\u00f3gicas_Regular 2025_Resultado Final<\/a><\/strong><\/span><\/p>\n<p><span style=\"color: #870000;\"><strong><a href=\"https:\/\/ppgartes.eba.ufmg.br\/wp-content\/uploads\/2025\/07\/Preservacao-do-Patrimonio-Cultural_Regular_Resultado-Final.pdf\">Preserva\u00e7\u00e3o do Patrim\u00f4nio Cultural_Regular_Resultado Final<\/a><\/strong><\/span><\/p>\n<h3><span style=\"color: #870000;\"><strong>Publicado o resultado geral preliminar do Processo Seletivo 2025<\/strong><\/span><\/h3>\n<p><span style=\"color: #870000;\"><strong><a href=\"https:\/\/ppgartes.eba.ufmg.br\/wp-content\/uploads\/2025\/06\/Artes-da-Cena_Regular-2025_Resultado-Geral-preliminar.pdf\">Artes da Cena_Regular 2025_Resultado Geral preliminar<\/a><\/strong><\/span><\/p>\n<p><span style=\"color: #870000;\"><strong><a href=\"https:\/\/ppgartes.eba.ufmg.br\/wp-content\/uploads\/2025\/06\/Artes-Visuais_Regular-2025_Resultado-Geral-Preliminar.pdf\">Artes Visuais_Regular 2025_Resultado Geral Preliminar<\/a><\/strong><\/span><\/p>\n<p><span style=\"color: #870000;\"><strong><a href=\"https:\/\/ppgartes.eba.ufmg.br\/wp-content\/uploads\/2025\/06\/Cinema_Regular-2025_Resultado-Geral-Preliminar.pdf\">Cinema_Regular 2025_Resultado Geral Preliminar<\/a><\/strong><\/span><\/p>\n<p><span style=\"color: #870000;\"><strong><a href=\"https:\/\/ppgartes.eba.ufmg.br\/wp-content\/uploads\/2025\/06\/Ensino-Aprendizagem-em-Arte_Regular-2025_Resultado-Geral-Preliminar.pdf\">Ensino-Aprendizagem em Arte_Regular 2025_Resultado Geral Preliminar<\/a><\/strong><\/span><\/p>\n<p><span style=\"color: #870000;\"><strong><a href=\"https:\/\/ppgartes.eba.ufmg.br\/wp-content\/uploads\/2025\/06\/Ensino-Aprendizagem-em-Arte_Suplementar-2025_Resultado-Geral-Preliminar.pdf\">Ensino-Aprendizagem em Arte_Suplementar 2025_Resultado Geral Preliminar<\/a><\/strong><\/span><\/p>\n<p><span style=\"color: #870000;\"><strong><a href=\"https:\/\/ppgartes.eba.ufmg.br\/wp-content\/uploads\/2025\/06\/Poeticas-Tecnologicas_Regular-2025_Resultado-Geral-Preliminar.pdf\">Po\u00e9ticas Tecnol\u00f3gicas_Regular 2025_Resultado Geral Preliminar<\/a><\/strong><\/span><\/p>\n<p><span style=\"color: #870000;\"><strong><a href=\"https:\/\/ppgartes.eba.ufmg.br\/wp-content\/uploads\/2025\/06\/Preservacao-do-Patrimonio-Cultural_Regular_Resultado-Geral-Preliminar.pdf\">Preserva\u00e7\u00e3o do Patrim\u00f4nio Cultural_Regular_Resultado Geral Preliminar<\/a><\/strong><\/span><\/p>\n<h3><span style=\"color: #870000;\"><strong>Divulgamos o resultado da 3\u00aa Etapa do Processo Seletivo 2025<\/strong><\/span><\/h3>\n<p><span style=\"color: #870000;\"><strong><a href=\"https:\/\/ppgartes.eba.ufmg.br\/wp-content\/uploads\/2025\/06\/Artes-da-Cena_3-Etapa_Regular-2025.pdf\">Artes da Cena_3 Etapa_Regular 2025<\/a><\/strong><\/span><\/p>\n<p><span style=\"color: #870000;\"><strong><a href=\"https:\/\/ppgartes.eba.ufmg.br\/wp-content\/uploads\/2025\/06\/Artes-Visuais_3-Etapa_Regular-2025.pdf\">Artes Visuais_3 Etapa_Regular 2025<\/a><\/strong><\/span><\/p>\n<p><span style=\"color: #870000;\"><strong><a href=\"https:\/\/ppgartes.eba.ufmg.br\/wp-content\/uploads\/2025\/06\/Cinema_3-Etapa_Regular-2025.pdf\">Cinema_3 Etapa_Regular 2025<\/a><\/strong><\/span><\/p>\n<p><span style=\"color: #870000;\"><strong><a href=\"https:\/\/ppgartes.eba.ufmg.br\/wp-content\/uploads\/2025\/06\/Ensino-Aprendizagem-em-Arte_3-Etapa_Regular-2025.pdf\">Ensino-Aprendizagem em Arte_3 Etapa_Regular 2025<\/a><\/strong><\/span><\/p>\n<p><span style=\"color: #870000;\"><strong><a href=\"https:\/\/ppgartes.eba.ufmg.br\/wp-content\/uploads\/2025\/06\/Ensino-Aprendizagem-em-Arte_3-Etapa_Suplementar-2025.pdf\">Ensino-Aprendizagem em Arte_3 Etapa_Suplementar 2025<\/a><\/strong><\/span><\/p>\n<p><span style=\"color: #870000;\"><strong><a href=\"https:\/\/ppgartes.eba.ufmg.br\/wp-content\/uploads\/2025\/06\/Poeticas-Tecnologicas_3-Etapa_Regular-2025.pdf\">Po\u00e9ticas Tecnol\u00f3gicas_3 Etapa_Regular 2025<\/a><\/strong><\/span><\/p>\n<p><span style=\"color: #870000;\"><strong><a href=\"https:\/\/ppgartes.eba.ufmg.br\/wp-content\/uploads\/2025\/06\/Preservacao-do-Patrimonio-Cultural_3-Etapa_Regular.pdf\">Preserva\u00e7\u00e3o do Patrim\u00f4nio Cultural_3 Etapa_Regular<\/a><\/strong><\/span><\/p>\n<h3><span style=\"color: #870000;\"><strong>Divulgamos o resultado da 2\u00aa Etapa do Processo Seletivo 2025<\/strong><\/span><\/h3>\n<p><span style=\"color: #870000;\"><strong><a href=\"https:\/\/ppgartes.eba.ufmg.br\/wp-content\/uploads\/2025\/06\/Artes-da-Cena_2-Etapa_Regular-2025.pdf\">Artes da Cena_2 Etapa_Regular 2025<\/a><\/strong><\/span><\/p>\n<p><span style=\"color: #870000;\"><strong><a href=\"https:\/\/ppgartes.eba.ufmg.br\/wp-content\/uploads\/2025\/06\/Artes-Visuais_2-Etapa_Regular-2025.pdf\">Artes Visuais_2 Etapa_Regular 2025<\/a><\/strong><\/span><\/p>\n<p><span style=\"color: #870000;\"><strong><a href=\"https:\/\/ppgartes.eba.ufmg.br\/wp-content\/uploads\/2025\/06\/Cinema_2-Etapa_Regular-2025.pdf\">Cinema_2 Etapa_Regular 2025<\/a><\/strong><\/span><\/p>\n<p><span style=\"color: #870000;\"><strong><a href=\"https:\/\/ppgartes.eba.ufmg.br\/wp-content\/uploads\/2025\/06\/Ensino-Aprendizagem-em-Arte_2-Etapa_Regular-2025.pdf\">Ensino-Aprendizagem em Arte_2 Etapa_Regular 2025<\/a><\/strong><\/span><\/p>\n<p><span style=\"color: #870000;\"><strong><a href=\"https:\/\/ppgartes.eba.ufmg.br\/wp-content\/uploads\/2025\/06\/Ensino-Aprendizagem-em-Arte_2-Etapa_Suplementar-2025.pdf\">Ensino-Aprendizagem em Arte_2 Etapa_Suplementar 2025<\/a><\/strong><\/span><\/p>\n<p><span style=\"color: #870000;\"><strong><a href=\"https:\/\/ppgartes.eba.ufmg.br\/wp-content\/uploads\/2025\/06\/Poeticas-Tecnologicas_2-Etapa_Regular-2025.pdf\">Po\u00e9ticas Tecnol\u00f3gicas_2 Etapa_Regular 2025<\/a><\/strong><\/span><\/p>\n<p><span style=\"color: #870000;\"><strong><a href=\"https:\/\/ppgartes.eba.ufmg.br\/wp-content\/uploads\/2025\/06\/Preservacao-do-Patrimonio-Cultural_2-Etapa_Regular.pdf\">Preserva\u00e7\u00e3o do Patrim\u00f4nio Cultural_2 Etapa_Regular<\/a><\/strong><\/span><\/p>\n<h3><span style=\"color: #870000;\"><strong>Convoca\u00e7\u00e3o para a banca de heteroidentifica\u00e7\u00e3o do Processo Seletivo 2025<\/strong><\/span><\/h3>\n<p><span style=\"color: #870000;\"><strong><a href=\"https:\/\/ppgartes.eba.ufmg.br\/wp-content\/uploads\/2025\/06\/Banca-de-Heteroidentificacao-retificacao.pdf\">Banca de Heteroidentifica\u00e7\u00e3o &#8211; retificacao<\/a><\/strong><\/span><\/p>\n<h3><span style=\"color: #870000;\"><strong>Divulgamos a Escala de Argui\u00e7\u00e3o da 2\u00aa Etapa do Processo Seletivo 2025<\/strong><\/span><\/h3>\n<p><span style=\"color: #870000;\"><strong><a href=\"https:\/\/ppgartes.eba.ufmg.br\/wp-content\/uploads\/2025\/06\/Artes-da-Cena_2-Etapa_Regular-2025_Arguicoes.pdf\">Artes da Cena_2 Etapa_Regular 2025_Arguicoes<\/a><\/strong><\/span><\/p>\n<p><span style=\"color: #870000;\"><strong><a href=\"https:\/\/ppgartes.eba.ufmg.br\/wp-content\/uploads\/2025\/06\/Artes-Visuais_2-Etapa_Regular-2025_Arguicoes.pdf\">Artes Visuais_2 Etapa_Regular 2025_Arguicoes<\/a><\/strong><\/span><\/p>\n<p><span style=\"color: #870000;\"><strong><a href=\"https:\/\/ppgartes.eba.ufmg.br\/wp-content\/uploads\/2025\/06\/Cinema_2-Etapa_Regular-2025_Arguicao.pdf\">Cinema_2 Etapa_Regular 2025_Arguicao<\/a><\/strong><\/span><\/p>\n<p><span style=\"color: #870000;\"><strong><a href=\"https:\/\/ppgartes.eba.ufmg.br\/wp-content\/uploads\/2025\/06\/Ensino-Aprendizagem-em-Arte_2-Etapa_Regular-2025_Arguicoes.pdf\">Ensino-Aprendizagem em Arte_2 Etapa_Regular 2025_Arguicoes<\/a><\/strong><\/span><\/p>\n<p><span style=\"color: #870000;\"><strong><a href=\"https:\/\/ppgartes.eba.ufmg.br\/wp-content\/uploads\/2025\/06\/Ensino-Aprendizagem-em-Arte_2-Etapa_Suplementar-2025_Arguicao.pdf\">Ensino-Aprendizagem em Arte_2 Etapa_Suplementar 2025_Arguicao<\/a><\/strong><\/span><\/p>\n<p><span style=\"color: #870000;\"><strong><a href=\"https:\/\/ppgartes.eba.ufmg.br\/wp-content\/uploads\/2025\/06\/Poeticas-Tecnologicas_2-Etapa_Regular-2025_Arguicoes.pdf\">Poeticas Tecnologicas_2 Etapa_Regular 2025_Arguicoes<\/a><\/strong><\/span><\/p>\n<p><span style=\"color: #870000;\"><strong><a href=\"https:\/\/ppgartes.eba.ufmg.br\/wp-content\/uploads\/2025\/06\/Preservacao-do-Patrimonio-Cultural_2-Etapa_Regular-2025_Arguicao.pdf\">Preserva\u00e7\u00e3o do Patrim\u00f4nio Cultural_2 Etapa_Regular 2025_Arguicao<\/a><\/strong><\/span><\/p>\n<h3><span style=\"color: #870000;\"><strong>Divulgamos o resultado da 1\u00aa Etapa do Processo Seletivo 2025 ap\u00f3s recursos<\/strong><\/span><\/h3>\n<p><span style=\"color: #870000;\"><strong><a href=\"https:\/\/ppgartes.eba.ufmg.br\/wp-content\/uploads\/2025\/05\/Artes-da-Cena_1-Etapa_Regular-2025_pos_recurso.pdf\">Artes da Cena_1 Etapa_Regular 2025_pos_recurso<\/a><\/strong><\/span><\/p>\n<p><span style=\"color: #870000;\"><strong><a href=\"https:\/\/ppgartes.eba.ufmg.br\/wp-content\/uploads\/2025\/05\/Artes-Visuais_1-Etapa_Regular-2025_pos_recurso.pdf\">Artes Visuais_1 Etapa_Regular 2025_pos_recurso<\/a><\/strong><\/span><\/p>\n<p><span style=\"color: #870000;\"><strong><a href=\"https:\/\/ppgartes.eba.ufmg.br\/wp-content\/uploads\/2025\/05\/Cinema_1-Etapa_Regular-2025_pos_recurso.pdf\">Cinema_1 Etapa_Regular 2025_pos_recurso<\/a><\/strong><\/span><\/p>\n<p><span style=\"color: #870000;\"><strong><a href=\"https:\/\/ppgartes.eba.ufmg.br\/wp-content\/uploads\/2025\/05\/Ensino-Aprendizagem-em-Arte_1-Etapa_Regular-2025_pos_recurso.pdf\">Ensino-Aprendizagem em Arte_1 Etapa_Regular 2025_pos_recurso<\/a><\/strong><\/span><\/p>\n<p><span style=\"color: #870000;\"><strong><a href=\"https:\/\/ppgartes.eba.ufmg.br\/wp-content\/uploads\/2025\/05\/Poeticas-Tecnologicas_1-Etapa_Regular-2025_pos_recurso.pdf\">Po\u00e9ticas Tecnol\u00f3gicas_1 Etapa_Regular 2025_pos_recurso<\/a><\/strong><\/span><\/p>\n<p><span style=\"color: #870000;\"><strong><a href=\"https:\/\/ppgartes.eba.ufmg.br\/wp-content\/uploads\/2025\/05\/Preservacao-do-Patrimonio-Cultural_1-Etapa_Regular_pos_recurso.pdf\">Preserva\u00e7\u00e3o do Patrim\u00f4nio Cultural_1 Etapa_Regular_pos_recurso<\/a><\/strong><\/span><\/p>\n<p><span style=\"color: #870000;\"><strong><a href=\"https:\/\/ppgartes.eba.ufmg.br\/wp-content\/uploads\/2025\/05\/Ensino-Aprendizagem-em-Arte_1-Etapa_Suplementar-2025_pos_recurso.pdf\">Ensino-Aprendizagem em Arte_1 Etapa_Suplementar 2025_pos_recurso<\/a><\/strong><\/span><\/p>\n<h3><span style=\"color: #870000;\"><strong>Divulgamos o resultado da 1\u00aa Etapa do Processo Seletivo 2025<\/strong><\/span><\/h3>\n<p><strong><a href=\"https:\/\/ppgartes.eba.ufmg.br\/wp-content\/uploads\/2025\/05\/Artes-da-Cena_1-Etapa_Regular-2025.pdf\">Artes da Cena_1 Etapa_Regular 2025<\/a><\/strong><\/p>\n<p><strong><a href=\"https:\/\/ppgartes.eba.ufmg.br\/wp-content\/uploads\/2025\/05\/Artes-Visuais_1-Etapa_Regular-2025.pdf\">Artes Visuais_1 Etapa_Regular 2025<\/a><\/strong><\/p>\n<p><strong><a href=\"https:\/\/ppgartes.eba.ufmg.br\/wp-content\/uploads\/2025\/05\/Cinema_1-Etapa_Regular-2025.pdf\">Cinema_1 Etapa_Regular 2025<\/a><\/strong><\/p>\n<p><strong><a href=\"https:\/\/ppgartes.eba.ufmg.br\/wp-content\/uploads\/2025\/05\/Ensino-Aprendizagem-em-Arte_1-Etapa_Regular-2025-RETIFICADO.pdf\">Ensino-Aprendizagem em Arte_1 Etapa_Regular 2025 RETIFICADO<\/a><\/strong><\/p>\n<p><strong><a href=\"https:\/\/ppgartes.eba.ufmg.br\/wp-content\/uploads\/2025\/05\/Ensino-Aprendizagem-em-Arte_1-Etapa_Regular-2025.pdf\">Ensino-Aprendizagem em Arte_1 Etapa_Regular 2025<\/a><\/strong><\/p>\n<p><strong><a href=\"https:\/\/ppgartes.eba.ufmg.br\/wp-content\/uploads\/2025\/05\/Poeticas-Tecnologicas_1-Etapa_Regular-2025.pdf\">Po\u00e9ticas Tecnol\u00f3gicas_1 Etapa_Regular 2025<\/a><\/strong><\/p>\n<p><strong><a href=\"https:\/\/ppgartes.eba.ufmg.br\/wp-content\/uploads\/2025\/05\/Preservacao-do-Patrimonio-Cultural_1-Etapa_Regular.pdf\">Preserva\u00e7\u00e3o do Patrim\u00f4nio Cultural_1 Etapa_Regular<\/a><\/strong><\/p>\n<p><strong><a href=\"https:\/\/ppgartes.eba.ufmg.br\/wp-content\/uploads\/2025\/05\/Ensino-Aprendizagem-em-Arte_1-Etapa_Suplementar-2025-1.pdf\">Ensino-Aprendizagem em Arte_1 Etapa_Suplementar 2025<\/a><\/strong><\/p>\n<h3><span style=\"color: #870000;\"><strong>Divulgamos a Rela\u00e7\u00e3o nominal dos membros da Comiss\u00e3o de Sele\u00e7\u00e3o e declara\u00e7\u00e3o de inexist\u00eancia de impedimento.<\/strong><\/span><\/h3>\n<p><span style=\"color: #870000;\"><strong><a href=\"https:\/\/ppgartes.eba.ufmg.br\/wp-content\/uploads\/2025\/04\/membros-da-comissao-e-declaracao-de-nao-impedimento-2.pdf\">membros da comiss\u00e3o e declara\u00e7\u00e3o de n\u00e3o impedimento<\/a><\/strong><\/span><\/p>\n<p><span style=\"color: #870000;\"><strong><a href=\"https:\/\/ppgartes.eba.ufmg.br\/wp-content\/uploads\/2025\/04\/membros-da-comissao-e-declaracao-de-nao-impedimento-Suplementar-1.pdf\">membros da comiss\u00e3o e declara\u00e7\u00e3o de n\u00e3o impedimento &#8211; Suplementar<\/a><\/strong><\/span><\/p>\n<h3><span style=\"color: #870000;\"><strong>Divulgamos o resultado da an\u00e1lise das Inscri\u00e7\u00f5es do Processo Seletivo 2025 ap\u00f3s recursos.<\/strong><\/span><\/h3>\n<p><span style=\"color: #870000;\"><strong><a href=\"https:\/\/ppgartes.eba.ufmg.br\/wp-content\/uploads\/2025\/04\/Pos-Recurso_Resultado-Analise-Inscricoes-Regular-2025.pdf\">P\u00f3s-Recurso_Resultado-Analise-Inscricoes-Regular-2025<\/a><\/strong><\/span><\/p>\n<p><span style=\"color: #870000;\"><strong><a href=\"https:\/\/ppgartes.eba.ufmg.br\/wp-content\/uploads\/2025\/04\/Pos-Recurso_Resultado-Analise-Inscricoes-Suplementar-2025.pdf\">P\u00f3s-Recurso_<\/a><\/strong><\/span><span style=\"color: #870000;\"><strong><a href=\"https:\/\/ppgartes.eba.ufmg.br\/wp-content\/uploads\/2025\/04\/Pos-Recurso_Resultado-Analise-Inscricoes-Suplementar-2025.pdf\">Resultado-Analise-Inscricoes-Suplementar-2025<\/a><\/strong><\/span><\/p>\n<h3><span style=\"color: #870000;\"><strong>Divulgamos o resultado da an\u00e1lise das Inscri\u00e7\u00f5es do Processo Seletivo 2025<\/strong><\/span><\/h3>\n<p><span style=\"color: #870000;\"><strong><a href=\"https:\/\/ppgartes.eba.ufmg.br\/wp-content\/uploads\/2025\/04\/Resultado-Analise-Inscricoes-Regular-2025.pdf\">Resultado-Analise-Inscricoes-Regular-2025<\/a><\/strong><\/span><\/p>\n<p><span style=\"color: #870000;\"><strong><a href=\"https:\/\/ppgartes.eba.ufmg.br\/wp-content\/uploads\/2025\/04\/Resultado-Analise-Inscricoes-Suplementar-2025.pdf\">Resultado-Analise-Inscricoes-Suplementar-2025<\/a><\/strong><\/span><\/p>\n<h3><span style=\"color: #870000;\"><strong>Publicados editais do Processo Seletivo 2025<\/strong><\/span><\/h3>\n<h5><span style=\"color: #870000;\">Inscri\u00e7\u00f5es de 24.02 a 27.03.2025<\/span><\/h5>\n<p><a href=\"https:\/\/ppgartes.eba.ufmg.br\/wp-content\/uploads\/2025\/02\/Edital-Suplementar-PPGArtes-2025-1.pdf\">Edital Suplementar PPGArtes 2025<\/a><\/p>\n<p><a href=\"https:\/\/ppgartes.eba.ufmg.br\/wp-content\/uploads\/2025\/02\/Edital-Regular-PPGArtes-2025-1.pdf\">Edital\u00a0<\/a><a href=\"https:\/\/ppgartes.eba.ufmg.br\/wp-content\/uploads\/2025\/02\/Edital-Regular-PPGArtes-2025-1.pdf\"> Regular PPGArtes 2025<\/a><\/p>\n<p><a href=\"https:\/\/ppgartes.eba.ufmg.br\/wp-content\/uploads\/2025\/02\/Retificacao-do-Edital-Regular-PPGArtes-2025.pdf\">Retifica\u00e7\u00e3o do Edital Regular PPGArtes 2025<\/a><\/p>\n<p>Inscri\u00e7\u00f5es: <a href=\"https:\/\/sgp.eba.ufmg.br\/\">Sistemas de Inscri\u00e7\u00e3o &#8211; PPGARTES\/EBA-UFMG<\/a><\/p>\n<div class=\"wpb_text_column\">\n<div class=\"wpb_wrapper\">\n<section class=\"l-section wpb_row height_medium\">\n<div class=\"l-section-h i-cf\">\n<div class=\"g-cols vc_row type_default valign_top\">\n<div class=\"vc_col-sm-12 wpb_column vc_column_container\">\n<div class=\"vc_column-inner\">\n<div class=\"wpb_wrapper\">\n<div class=\"wpb_text_column\">\n<div class=\"wpb_wrapper\">\n<p><strong>Formul\u00e1rios do Processo Seletivo 2025<\/strong><\/p>\n<\/div>\n<\/div>\n<\/div>\n<\/div>\n<\/div>\n<\/div>\n<\/div>\n<\/section>\n<\/div>\n<\/div>\n<p><a href=\"https:\/\/ppgartes.eba.ufmg.br\/wp-content\/uploads\/2023\/02\/AUTODECLARACAO-DE-PESSOA-COM-DEFICIENCIA10-02-2020.pdf\">AUTODECLARA\u00c7\u00c3O DE PESSOA COM DEFICI\u00caNCIA10-02-<\/a><a href=\"https:\/\/ppgartes.eba.ufmg.br\/wp-content\/uploads\/2023\/02\/AUTODECLARACAO-DE-PESSOA-COM-DEFICIENCIA10-02-2020.pdf\">2020<\/a><\/p>\n<p><a href=\"https:\/\/ppgartes.eba.ufmg.br\/wp-content\/uploads\/2023\/02\/FORMULARIO-DE-SOLICITACAO-DE-CONDICOES-ESPECIAIS_10_02_2020.pdf\">FORMUL\u00c1RIO DE SOLICITA\u00c7\u00c3O DE CONDI\u00c7\u00d5ES ESPECIAIS_10_02_2020<\/a><\/p>\n<p><a href=\"https:\/\/ppgartes.eba.ufmg.br\/wp-content\/uploads\/2023\/02\/MODELO-DE-RELATORIO-DO-MEDICO-ASSISTENTE_Dast.pdf\">MODELO DE RELAT\u00d3RIO DO M\u00c9DICO ASSISTENTE_Dast<\/a><\/p>\n<p><a href=\"https:\/\/ppgartes.eba.ufmg.br\/wp-content\/uploads\/2023\/02\/PG_Declaracao-de-Autoreconhecimento_Indigena.pdf\">PG_Declara\u00e7\u00e3o de Autoreconhecimento_Ind\u00edgena<\/a><\/p>\n<p><a href=\"https:\/\/ppgartes.eba.ufmg.br\/wp-content\/uploads\/2023\/02\/PG_Declaracao-de-Residencia_Indigena.pdf\">PG_Declara\u00e7\u00e3o de Resid\u00eancia_Ind\u00edgena<\/a><\/p>\n<p><a href=\"https:\/\/ppgartes.eba.ufmg.br\/wp-content\/uploads\/2023\/02\/PG_Declaracao-de-Lideranca_Indigena.pdf\">PG_Declara\u00e7\u00e3o de Lideran\u00e7a_Ind\u00edgena<\/a><\/p>\n<p><a href=\"https:\/\/ppgartes.eba.ufmg.br\/wp-content\/uploads\/2023\/03\/Autodeclaracao-Etnico-Racial-Negro.pdf\">Autodeclara\u00e7\u00e3o \u00c9tnico-Racial Negro<\/a><\/p>\n","protected":false},"excerpt":{"rendered":"<p>Publicado o resultado final do Processo Seletivo 2025 ap\u00f3s Banca de Heteroidentifica\u00e7\u00e3o Artes da Cena_Regular 2025_Resultado_pos_heteroidentificacao Artes Visuais_Regular 2025_Resultado_pos_heteroidentificacao Cinema_Regular 2025_Resultado_pos_heteroidentificacao Ensino-Aprendizagem em Arte_Regular 2025_Resultado_pos_heteroidentifi Ensino-Aprendizagem em Arte_Suplementar 2025_Resultado_pos_heteroiden Po\u00e9ticas Tecnol\u00f3gicas_Regular 2025_Resultado_pos_heteroidentificacao Preserva\u00e7\u00e3o do Patrim\u00f4nio Cultural_Regular_Resultado_pos_heteroidenti Publicado o resultado final do Processo Seletivo 2025 Artes da Cena_Regular 2025_Resultado Final Artes Visuais_Regular 2025_Resultado Final Cinema_Regular 2025_Resultado&#8230;<\/p>\n","protected":false},"author":1,"featured_media":0,"parent":0,"menu_order":0,"comment_status":"closed","ping_status":"closed","template":"","meta":{"footnotes":""},"class_list":["post-9607","page","type-page","status-publish","hentry"],"_links":{"self":[{"href":"https:\/\/ppgartes.eba.ufmg.br\/index.php?rest_route=\/wp\/v2\/pages\/9607","targetHints":{"allow":["GET"]}}],"collection":[{"href":"https:\/\/ppgartes.eba.ufmg.br\/index.php?rest_route=\/wp\/v2\/pages"}],"about":[{"href":"https:\/\/ppgartes.eba.ufmg.br\/index.php?rest_route=\/wp\/v2\/types\/page"}],"author":[{"embeddable":true,"href":"https:\/\/ppgartes.eba.ufmg.br\/index.php?rest_route=\/wp\/v2\/users\/1"}],"replies":[{"embeddable":true,"href":"https:\/\/ppgartes.eba.ufmg.br\/index.php?rest_route=%2Fwp%2Fv2%2Fcomments&post=9607"}],"version-history":[{"count":5,"href":"https:\/\/ppgartes.eba.ufmg.br\/index.php?rest_route=\/wp\/v2\/pages\/9607\/revisions"}],"predecessor-version":[{"id":10181,"href":"https:\/\/ppgartes.eba.ufmg.br\/index.php?rest_route=\/wp\/v2\/pages\/9607\/revisions\/10181"}],"wp:attachment":[{"href":"https:\/\/ppgartes.eba.ufmg.br\/index.php?rest_route=%2Fwp%2Fv2%2Fmedia&parent=9607"}],"curies":[{"name":"wp","href":"https:\/\/api.w.org\/{rel}","templated":true}]}}