{"id":9703,"date":"2025-01-21T08:50:18","date_gmt":"2025-01-21T11:50:18","guid":{"rendered":"https:\/\/ppgartes.eba.ufmg.br\/?page_id=9703"},"modified":"2026-03-07T07:10:58","modified_gmt":"2026-03-07T10:10:58","slug":"2025-1","status":"publish","type":"page","link":"https:\/\/ppgartes.eba.ufmg.br\/?page_id=9703","title":{"rendered":"Disciplinas 2025.1"},"content":{"rendered":"<p><span style=\"color: #870000;\"><strong style=\"font-size: 1.5rem; letter-spacing: 0px;\">Disciplinas Isoladas 2025.1<\/strong><\/span><\/p>\n<p><b><a href=\"https:\/\/ppgartes.eba.ufmg.br\/wp-content\/uploads\/2025\/08\/ISOLADAS-Quadro-de-disciplinas-2025.2-RETIFICADO.pdf\">ISOLADAS &#8211; Quadro de disciplinas 2025.2 RETIFICADO<\/a><\/b><\/p>\n<p><b>1)\u00a0<\/b>O requerente que obtiver deferimento dever\u00e1 encaminhar\u00a0<strong>a partir do dia 20.03.2025<\/strong>\u00a0 no email ppgartes-administrativo@eba.ufmg.br, o\u00a0<b>comprovante de recolhimento da taxa de matr\u00edcula<\/b>\u00a0como condi\u00e7\u00e3o obrigat\u00f3ria para efetivar o seu requerimento.<\/p>\n<p>a) Gerar\u00a0<b>Guia de Recolhimento da Uni\u00e3o (GRU)<\/b>\u00a0pela internet.\u00a0<a href=\"https:\/\/sistemas.ufmg.br\/sisarc\/emissaogru\/gerir\/geriremissaogru.seam?codigo=9YA6pJts3\" target=\"_blank\" rel=\"noopener\">Clique aqui<\/a><\/p>\n<p>b) Preencher o formul\u00e1rio informando os seguintes dados:<\/p>\n<table class=\"comparison\" border=\"0\" summary=\"t\" width=\"100%\" cellspacing=\"0\" cellpadding=\"2\">\n<colgroup>\n<col class=\"bgdark\" \/>\n<col class=\"bglight\" \/><\/colgroup>\n<tbody>\n<tr>\n<td valign=\"top\"><b>CPF\/CNPJ:<\/b><\/td>\n<td valign=\"top\"><b>digitar o n\u00famero do CPF de quem cursar\u00e1 a disciplina isolada<\/b><\/td>\n<\/tr>\n<tr class=\"bglight\">\n<td valign=\"top\"><b>Nome do Contribuinte:<\/b><\/td>\n<td valign=\"top\"><b>nome da pessoa que cursar\u00e1 a disciplina isolada<\/b><\/td>\n<\/tr>\n<tr class=\"bgdark\">\n<td valign=\"top\"><b>Compet\u00eancia:<\/b><\/td>\n<td valign=\"top\"><b>m\u00eas da matr\u00edcula \/ ano de oferta da disciplina<\/b><\/td>\n<\/tr>\n<tr class=\"bglight\">\n<td valign=\"top\"><b>Data do Vencimento:<\/b><\/td>\n<td valign=\"top\"><b>data para efetuar o pagamento<\/b><\/td>\n<\/tr>\n<tr class=\"bgdark\">\n<td valign=\"top\"><b>Valor Principal:<\/b><\/td>\n<td valign=\"top\"><b>valor da taxa de disciplina isolada R$ 194,57<\/b><\/td>\n<\/tr>\n<tr class=\"bglight\">\n<td valign=\"top\"><b>Valor Total:<\/b><\/td>\n<td valign=\"top\"><b>repetir o valor da taxa de disciplina isolada R$ 194,57<\/b><\/td>\n<\/tr>\n<tr class=\"bgdark\">\n<td valign=\"top\">Clicar em\u00a0<b>GERAR\u00a0GRU<\/b><\/td>\n<td valign=\"top\"><\/td>\n<\/tr>\n<\/tbody>\n<\/table>\n<p><b>ATEN\u00c7\u00c3O: Antes de efetuar o pagamento da taxa de matr\u00edcula verifique se sua matr\u00edcula foi aceita. Alunos com v\u00ednculo em cursos\u00a0(Gradua\u00e7\u00e3o e P\u00f3s-gradua\u00e7\u00e3o)\u00a0da UFMG n\u00e3o poder\u00e3o solicitar matr\u00edcula em disciplina isolada.\u00a0<\/b><b>\u00a0<u>Em hip\u00f3tese alguma ser\u00e1 devolvida a taxa de matr\u00edcula<\/u><\/b><\/p>\n<p><b>Observa\u00e7\u00e3o<\/b>: O requerente que obtiver deferimento receber\u00e1\u00a0<b>somente 01 (um) n\u00famero de matr\u00edcula<\/b>\u00a0e pagar\u00e1\u00a0<b>apenas uma taxa<\/b>, para qualquer n\u00famero de disciplinas.\u00a0<strong>Envie o comprovante de pagamento da GRU para o email para ppgartes-administrativo@eba.ufmg.br, informando nome completo, n\u00famero de CPF e em qual(ais) disciplina(s) solicita matr\u00edcula. Coloque no assunto: matr\u00edcula de isolada de: (nome completo).<\/strong><\/p>\n<h3><span style=\"color: #870000;\"><strong>Disciplinas \u2013 Ementas e Hor\u00e1rio<\/strong><\/span><\/h3>\n<h6><span style=\"color: #003366;\"><strong>Informa\u00e7\u00f5es sobre isoladas<\/strong><\/span><\/h6>\n<p><span style=\"color: #870000;\"><strong>Per\u00edodo de Inscri\u00e7\u00e3o: 14.03.2025 at\u00e9 16:00 horas do dia 17.03.2025<\/strong><\/span><\/p>\n<h6><span style=\"color: #003366;\"><strong><a href=\"https:\/\/ppgartes.eba.ufmg.br\/wp-content\/uploads\/2025\/03\/Informacoes-sobre-disciplinas-isoladas-2025.1.pdf\">Informacoes-sobre-disciplinas-isoladas-2025.1<\/a><\/strong><\/span><\/h6>\n<h6><span style=\"color: #003366;\"><strong><a href=\"https:\/\/ppgartes.eba.ufmg.br\/wp-content\/uploads\/2025\/03\/ISOLADAS-Quadro-de-disciplinas-2025.1-14.03.2025.pdf\">ISOLADAS &#8211; Quadro de disciplinas 2025.1 &#8211; 14.03.2025<\/a><\/strong><\/span><\/h6>\n<h6><span style=\"color: #003366;\"><strong><a href=\"https:\/\/ppgartes.eba.ufmg.br\/wp-content\/uploads\/2025\/03\/Formulario-Isolada-2025.1.pdf\">Formul\u00e1rio-Isolada 2025.1<\/a><\/strong><\/span><\/h6>\n<h6><span style=\"color: #003366;\"><strong><a href=\"https:\/\/ppgartes.eba.ufmg.br\/wp-content\/uploads\/2025\/03\/Modelo-para-justificativa-para-aprovacao-em-isolada.pdf\">Modelo para justificativa para aprova\u00e7\u00e3o em isolada<\/a><\/strong><\/span><\/h6>\n<h6><span style=\"color: #003366;\"><strong>Divulgado quadro de disciplinas e calend\u00e1rio de matr\u00edcula 2025.1<\/strong>\u00a0<\/span><\/h6>\n<p><a href=\"https:\/\/ppgartes.eba.ufmg.br\/wp-content\/uploads\/2025\/03\/Quadro-de-disciplinas-2025.1-retificado-em-12.03.2025-1.pdf\">Quadro de disciplinas 2025.1 retificado em 12.03.2025<\/a><\/p>\n<p><a href=\"https:\/\/ppgartes.eba.ufmg.br\/wp-content\/uploads\/2025\/01\/CalendariodeMatriculasPPGARTES2025.1.pdf\">CalendariodeMatriculasPPGARTES2025.1<\/a><\/p>\n<p><span style=\"color: #003366;\"><a href=\"https:\/\/ppgartes.eba.ufmg.br\/wp-content\/uploads\/2025\/01\/Ementario-resumido-disciplinas-PPGArtes-2025.1-3.pdf\">Ement\u00e1rio resumido disciplinas PPGArtes 2025.1<\/a><\/span><\/p>\n<p><span style=\"color: #003366;\"><a href=\"https:\/\/ppgartes.eba.ufmg.br\/wp-content\/uploads\/2025\/01\/Ementario-detalhado-disciplinas-PPGARTES-2025.1.pdf\">Ementario detalhado disciplinas PPGARTES 2025.1<\/a><\/span><\/p>\n","protected":false},"excerpt":{"rendered":"<p>Disciplinas Isoladas 2025.1 ISOLADAS &#8211; Quadro de disciplinas 2025.2 RETIFICADO 1)\u00a0O requerente que obtiver deferimento dever\u00e1 encaminhar\u00a0a partir do dia 20.03.2025\u00a0 no email ppgartes-administrativo@eba.ufmg.br, o\u00a0comprovante de recolhimento da taxa de matr\u00edcula\u00a0como condi\u00e7\u00e3o obrigat\u00f3ria para efetivar o seu requerimento. a) Gerar\u00a0Guia de Recolhimento da Uni\u00e3o (GRU)\u00a0pela internet.\u00a0Clique aqui b) Preencher o formul\u00e1rio informando os seguintes dados:&#8230;<\/p>\n","protected":false},"author":1,"featured_media":0,"parent":0,"menu_order":0,"comment_status":"closed","ping_status":"closed","template":"","meta":{"footnotes":""},"class_list":["post-9703","page","type-page","status-publish","hentry"],"_links":{"self":[{"href":"https:\/\/ppgartes.eba.ufmg.br\/index.php?rest_route=\/wp\/v2\/pages\/9703","targetHints":{"allow":["GET"]}}],"collection":[{"href":"https:\/\/ppgartes.eba.ufmg.br\/index.php?rest_route=\/wp\/v2\/pages"}],"about":[{"href":"https:\/\/ppgartes.eba.ufmg.br\/index.php?rest_route=\/wp\/v2\/types\/page"}],"author":[{"embeddable":true,"href":"https:\/\/ppgartes.eba.ufmg.br\/index.php?rest_route=\/wp\/v2\/users\/1"}],"replies":[{"embeddable":true,"href":"https:\/\/ppgartes.eba.ufmg.br\/index.php?rest_route=%2Fwp%2Fv2%2Fcomments&post=9703"}],"version-history":[{"count":5,"href":"https:\/\/ppgartes.eba.ufmg.br\/index.php?rest_route=\/wp\/v2\/pages\/9703\/revisions"}],"predecessor-version":[{"id":10157,"href":"https:\/\/ppgartes.eba.ufmg.br\/index.php?rest_route=\/wp\/v2\/pages\/9703\/revisions\/10157"}],"wp:attachment":[{"href":"https:\/\/ppgartes.eba.ufmg.br\/index.php?rest_route=%2Fwp%2Fv2%2Fmedia&parent=9703"}],"curies":[{"name":"wp","href":"https:\/\/api.w.org\/{rel}","templated":true}]}}